{"id":1345,"date":"2025-09-29T16:22:05","date_gmt":"2025-09-29T14:22:05","guid":{"rendered":"https:\/\/eco-market24.com\/product\/240-l-sarkans-atkritumu-konteiners\/"},"modified":"2025-09-29T19:59:38","modified_gmt":"2025-09-29T17:59:38","slug":"240-l-sarkans-atkritumu-konteiners","status":"publish","type":"product","link":"https:\/\/eco-market24.com\/lv\/products\/240-l-sarkans-atkritumu-konteiners\/","title":{"rendered":"240 l sarkans atkritumu konteiners"},"content":{"rendered":"<p>Sarkanais atkritumu konteiners \u2014 slimn\u012bc\u0101m un medic\u012bnas iest\u0101d\u0113m<\/p>\n<p>240 L ESE sarkanais atkritumu konteiners paredz\u0113ts galvenok\u0101rt slimn\u012bc\u0101m un cit\u0101m medic\u012bnas iest\u0101d\u0113m, kas rada medic\u012bniskos atkritumus. Sarkans kr\u0101sojums atvieglo atkritumu \u0161\u0137iro\u0161anu kl\u012bnik\u0101s, laboratorios un aptiek\u0101s. Piem\u0113rots ar\u012b uz\u0146\u0113mumiem, kas rada b\u012bstamos atkritumus, un sader\u012bgs ar standarta atkritumu sav\u0101c\u0113jautoma\u0161\u012bn\u0101m ar \u0137emme-pace\u013cam\u0101 meh\u0101nismu.<\/p>\n<p>Standarti un vides apliecin\u0101jumi<br \/>\n&#8211; Atbilst PN-EN 840 Eiropas standartam<br \/>\n&#8211; RAL kvalit\u0101tes z\u012bme<br \/>\n&#8211; Sertifik\u0101ts no Nacion\u0101l\u0101 sabiedr\u012bbas vesel\u012bbas instit\u016bta, kas apliecina vides dro\u0161\u012bbu<br \/>\n&#8211; Ra\u017eo\u0161ana optimiz\u0113ta CO\u2082 izme\u0161u samazin\u0101\u0161anai<\/p>\n<p>Konstrukcija un iztur\u012bba<br \/>\n&#8211; Izgatavots no zema spiediena polietil\u0113na (HDPE)<br \/>\n&#8211; Papildu korozijas aizsardz\u012bba: elektrogalvaniz\u0101cija un hroma p\u0101rkl\u0101jums<br \/>\n&#8211; Augsta iztur\u012bba pret UV starojumu, salu un intens\u012bv\u0101m nokri\u0161\u0146iem \u2014 piem\u0113rots iek\u0161telp\u0101m un \u0101rtelp\u0101m<br \/>\n&#8211; \u0160\u016bnu (medus) strukt\u016bra ilgtermi\u0146a iztur\u012bbai un iztur\u012bbai pret boj\u0101jumiem<br \/>\n&#8211; Slodzes kapacit\u0101te l\u012bdz 110 kg<\/p>\n<p>Dro\u0161\u012bba un funkcionalit\u0101te<br \/>\n&#8211; Ribots asto\u0146u ribu ligzda dro\u0161ai stiprin\u0101\u0161anai<br \/>\n&#8211; Met\u0101la asi, cietin\u0101tas t\u0113rauda, stabilit\u0101tei<br \/>\n&#8211; Divi rite\u0146i ar p\u0101rsegiem klusai darb\u012bbai<br \/>\n&#8211; Speci\u0101li sagatavots stiprin\u0101jums dro\u0161ai pacel\u0161anai ar sav\u0101k\u0161anas transportu<br \/>\n&#8211; \u0112rta k\u0101jas atv\u0113r\u0161anas iesp\u0113ja<br \/>\n&#8211; Gluda iek\u0161\u0113j\u0101 virsma vieglai t\u012br\u012b\u0161anai un smaku samazin\u0101\u0161anai<\/p>\n<p>Dizains un lieto\u0161ana<br \/>\n&#8211; Viegls un ergonomisks \u0113rtai p\u0101rvieto\u0161anai<br \/>\n&#8211; Moderniz\u0113ta, klusa darb\u012bba ar samazin\u0101tu trok\u0161\u0146u l\u012bmeni no v\u0101ka kust\u012bb\u0101m<\/p>\n<p>Pieejam\u0101s kr\u0101sas<br \/>\nProdukts pieejams sarkan\u0101 kr\u0101s\u0101 (b\u012bstamie\/medic\u012bniskie atkritumi). Citi pieejamie \u0161\u0137iro\u0161anas kr\u0101su veidi: za\u013ca (stikls), graf\u012bta (mais\u012btie atkritumi), zila (pap\u012brs\/kartons), br\u016bna (biolo\u0123iskie atkritumi), dzeltena (met\u0101ls un plastmasa).<\/p>\n<p>Galven\u0101 inform\u0101cija<br \/>\n&#8211; Tilpums: 240 L<br \/>\n&#8211; Paredz\u0113t\u0101 frakcija: b\u012bstamie\/medic\u012bniskie atkritumi (sarkana)<br \/>\n&#8211; Materi\u0101ls: HDPE ar elektrogalvaniz\u0101ciju un hroma p\u0101rkl\u0101jumu<br \/>\n&#8211; Atbilst\u012bba: PN-EN 840, RAL kvalit\u0101tes z\u012bme<br \/>\n&#8211; Sertifik\u0101ts: Nacion\u0101lais sabiedr\u012bbas vesel\u012bbas instit\u016bts<br \/>\n&#8211; Met\u0101la cietin\u0101tas t\u0113rauda asi, 2 rite\u0146i ar p\u0101rsegiem, gluda iek\u0161\u0113j\u0101 virsma<\/p>\n","protected":false},"excerpt":{"rendered":"<p>Sarkans 240 l Ese Red medic\u012bnisko atkritumu konteiners \u2014 paredz\u0113ts slimn\u012bc\u0101m un medic\u012bnas iest\u0101d\u0113m; sarkan\u0101 kr\u0101sa atvieglo atkritumu \u0161\u0137iro\u0161anu kl\u012bnik\u0101s, laboratorij\u0101s un aptiek\u0101s.<\/p>\n","protected":false},"featured_media":2078,"comment_status":"open","ping_status":"closed","template":"","meta":[],"product_brand":[],"product_cat":[130],"product_tag":[],"class_list":{"0":"post-1345","1":"product","2":"type-product","3":"status-publish","4":"has-post-thumbnail","6":"product_cat-atkritumu-konteineri","8":"first","9":"instock","10":"taxable","11":"shipping-taxable","12":"purchasable","13":"product-type-simple"},"_links":{"self":[{"href":"https:\/\/eco-market24.com\/lv\/wp-json\/wp\/v2\/product\/1345","targetHints":{"allow":["GET"]}}],"collection":[{"href":"https:\/\/eco-market24.com\/lv\/wp-json\/wp\/v2\/product"}],"about":[{"href":"https:\/\/eco-market24.com\/lv\/wp-json\/wp\/v2\/types\/product"}],"replies":[{"embeddable":true,"href":"https:\/\/eco-market24.com\/lv\/wp-json\/wp\/v2\/comments?post=1345"}],"wp:featuredmedia":[{"embeddable":true,"href":"https:\/\/eco-market24.com\/lv\/wp-json\/wp\/v2\/media\/2078"}],"wp:attachment":[{"href":"https:\/\/eco-market24.com\/lv\/wp-json\/wp\/v2\/media?parent=1345"}],"wp:term":[{"taxonomy":"product_brand","embeddable":true,"href":"https:\/\/eco-market24.com\/lv\/wp-json\/wp\/v2\/product_brand?post=1345"},{"taxonomy":"product_cat","embeddable":true,"href":"https:\/\/eco-market24.com\/lv\/wp-json\/wp\/v2\/product_cat?post=1345"},{"taxonomy":"product_tag","embeddable":true,"href":"https:\/\/eco-market24.com\/lv\/wp-json\/wp\/v2\/product_tag?post=1345"}],"curies":[{"name":"wp","href":"https:\/\/api.w.org\/{rel}","templated":true}]}}