{"id":1369,"date":"2025-09-29T16:22:00","date_gmt":"2025-09-29T14:22:00","guid":{"rendered":"https:\/\/eco-market24.com\/product\/atkritumu-konteiners-120-l-dzeltens\/"},"modified":"2025-09-29T19:59:45","modified_gmt":"2025-09-29T17:59:45","slug":"atkritumu-konteiners-120-l-dzeltens","status":"publish","type":"product","link":"https:\/\/eco-market24.com\/lv\/products\/atkritumu-konteiners-120-l-dzeltens\/","title":{"rendered":"Atkritumu konteiners 120 l, dzeltens"},"content":{"rendered":"<p>ESE Yellow 120 L atkritumu konteineris \u2014 p\u0101rskats<br \/>\n120 L plastmasas konteineris maziem uz\u0146\u0113mumiem un rindu m\u0101ju rajoniem \u2014 ESE dzeltenais 120 L atkritumu konteineris \u2014 ir p\u0101rbaud\u012bts risin\u0101jums maz\u0101m \u0123imenes vad\u012bt\u0101m firm\u0101m un maz\u0101m dz\u012bvojamaj\u0101m teritorij\u0101m. To izmanto mazu biroju darbinieki vai rindu m\u0101ju un vien\u0123imenes m\u0101ju iedz\u012bvot\u0101ji. 120 L plastmasas konteineris ir izgatavots dzelten\u0101 kr\u0101s\u0101 \u2014 saska\u0146\u0101 ar valsts atkritumu \u0161\u0137iro\u0161anas standartu \u2014 kas b\u016btiski atvieglo ikdienas plastmasas atdal\u012b\u0161anu no citiem atkritumiem. Dzeltenais 120 L atkritumu konteineris ir sader\u012bgs ar standarta \u0137emme-pacel\u0161anas m\u0101j\u0101s izmantojamaj\u0101m atkritumu ma\u0161\u012bn\u0101m.<\/p>\n<p>120 L dzeltenajam atkritumu konteineram ir kvalit\u0101tes sertifik\u0101ts, kas apliecina atbilst\u012bbu Eiropas standartam PN-EN 840, un tas ar\u012b atbilst RAL kvalit\u0101tes standartiem. ESE 120 L plastmasas konteineris veiksm\u012bgi tiek izmantots pils\u0113t\u0101s vis\u0101 Eirop\u0101 jau 80 gadus. Nep\u0101rtraukti testi nodro\u0161ina iztur\u012bgus un pievilc\u012bgus risin\u0101jumus. Ra\u017eo\u0161anas proces\u0101 samazin\u0101tas CO2 emisijas, un konteineris sa\u0146\u0113mis Nacion\u0101l\u0101 sabiedr\u012bbas vesel\u012bbas instit\u016bta sertifik\u0101ciju, kas apstiprina, ka tam nav negat\u012bvas ietekmes uz vidi. 120 L dzeltenais konteineris ir ekolo\u0123iski draudz\u012bgs risin\u0101jums.<\/p>\n<p>Iztur\u012bba un konstrukcija<br \/>\n120 L dzeltenais atkritumu konteineris ar div\u0101m riten\u0113m izce\u013cas ar augstu kvalit\u0101ti. Tas ir izgatavots no zema spiediena polietil\u0113na (HDPE) un papildu aizsarg\u0101ts ar elektrogalvaniz\u0101ciju un hroma p\u0101rkl\u0101jumu. \u0160ie materi\u0101li un modern\u0101s tehnolo\u0123ijas padara konteineru iztur\u012bgu pret \u0101r\u0113jiem faktoriem \u2014 ilgsto\u0161a UV iedarb\u012bba, stipras nokri\u0161\u0146u sekas vai \u0101rk\u0101rt\u012bgi zemas temperat\u016bras neietekm\u0113 t\u0101 tehnisko st\u0101vokli vai izskatu. To var izmantot iek\u0161telp\u0101s vai da\u013c\u0113ji atkl\u0101t\u0101s \u0101r\u0113j\u0101s nojumes, un tas ir iztur\u012bgs pret meh\u0101niskiem boj\u0101jumiem.<\/p>\n<p>  Met\u0101la ass no cietin\u0101ta t\u0113rauda \u012bstai stabilit\u0101tei<br \/>\n  Ribota asto\u0146u ribu ligzda fiks\u0113tai uzst\u0101d\u012b\u0161anai<br \/>\n  \u0160\u016bnu strukt\u016bra iztur\u012bbai intens\u012bv\u0101s manevr\u0113\u0161anas laik\u0101<\/p>\n<p>Ergonomika un \u012bpa\u0161\u012bbas<br \/>\nRa\u017eot\u0101ja tehnolo\u0123ija apvieno iztur\u012bbu un dro\u0161\u012bbu ar iev\u0113rojamu vieglumu. Konteiners ir ar zemu malu, saglab\u0101jot stingr\u012bbu, kas garant\u0113 slodzes kapacit\u0101ti l\u012bdz 60 kg. Dizaina elementi atvieglo vieglu lieto\u0161anu un p\u0101rvieto\u0161anu:<\/p>\n<p>  Funkcion\u0101ls stiprin\u0101jums \u0113rtai p\u0101rn\u0113s\u0101\u0161anai un stabilai pacel\u0161anai ar atkritumu ma\u0161\u012bn\u0101m<br \/>\n  Papildu ped\u0101lis bezroku atv\u0113r\u0161anai (p\u0113c izv\u0113les)<br \/>\n  Gumijas rite\u0146i ar p\u0101rsegiem klusai darb\u012bbai<br \/>\n  Troks\u0146a samazin\u0101\u0161anas funkcija v\u0101ka cil\u0101\u0161anas un nolaid\u0161anas laik\u0101<br \/>\n  Gluda iek\u0161\u0113j\u0101 virsma vieglai t\u012br\u012b\u0161anai<\/p>\n<p>Pieejam\u0101s kr\u0101sas<br \/>\n120 L atkritumu konteineris ir pieejams piec\u0101s RAL kr\u0101s\u0101s, lai atvieglotu atkritumu \u0161\u0137iro\u0161anu:<\/p>\n<p>  Za\u013ca \u2014 stiklam<br \/>\n  Graf\u012bta \u2014 jauktie atkritumi<br \/>\n  Zila \u2014 pap\u012bram<br \/>\n  Br\u016bna \u2014 biolo\u0123iskajiem atkritumiem<br \/>\n  Dzeltena \u2014 met\u0101liem un plastmasai<\/p>\n<p>Galven\u0101 inform\u0101cija<\/p>\n<p>  Kr\u0101sa: Dzeltena \u2014 &#8220;plastmasa un met\u0101li&#8221; frakcijai<br \/>\n  Standarts: atbilst PN-EN 840<br \/>\n  Sertifik\u0101cija: Nacion\u0101lais sabiedr\u012bbas vesel\u012bbas instit\u016bts<br \/>\n  Materi\u0101ls: HDPE ar papildu korozijas aizsardz\u012bbu<br \/>\n  Ass: Met\u0101la, cietin\u0101ts t\u0113rauds<br \/>\n  Riteni: 2 ar p\u0101rsegiem klusai darb\u012bbai<br \/>\n  Troksnis: samazin\u0101ts v\u0101ka cil\u0101\u0161anas un nolaid\u0161anas laik\u0101<br \/>\n  Iek\u0161puse: gluda iek\u0161\u0113j\u0101 virsma<\/p>\n","protected":false},"excerpt":{"rendered":"<p>120 l dzeltenais atkritumu konteiners \u2014 p\u0101rbaud\u012bts, praktisks risin\u0101jums mazajiem uz\u0146\u0113mumiem, rindu m\u0101j\u0101m un priv\u0101tm\u0101j\u0101m; ide\u0101li piem\u0113rots maziem birojiem un m\u0101jsaimniec\u012bb\u0101m.<\/p>\n","protected":false},"featured_media":1688,"comment_status":"open","ping_status":"closed","template":"","meta":[],"product_brand":[],"product_cat":[130],"product_tag":[],"class_list":{"0":"post-1369","1":"product","2":"type-product","3":"status-publish","4":"has-post-thumbnail","6":"product_cat-atkritumu-konteineri","8":"first","9":"instock","10":"taxable","11":"shipping-taxable","12":"purchasable","13":"product-type-simple"},"_links":{"self":[{"href":"https:\/\/eco-market24.com\/lv\/wp-json\/wp\/v2\/product\/1369","targetHints":{"allow":["GET"]}}],"collection":[{"href":"https:\/\/eco-market24.com\/lv\/wp-json\/wp\/v2\/product"}],"about":[{"href":"https:\/\/eco-market24.com\/lv\/wp-json\/wp\/v2\/types\/product"}],"replies":[{"embeddable":true,"href":"https:\/\/eco-market24.com\/lv\/wp-json\/wp\/v2\/comments?post=1369"}],"wp:featuredmedia":[{"embeddable":true,"href":"https:\/\/eco-market24.com\/lv\/wp-json\/wp\/v2\/media\/1688"}],"wp:attachment":[{"href":"https:\/\/eco-market24.com\/lv\/wp-json\/wp\/v2\/media?parent=1369"}],"wp:term":[{"taxonomy":"product_brand","embeddable":true,"href":"https:\/\/eco-market24.com\/lv\/wp-json\/wp\/v2\/product_brand?post=1369"},{"taxonomy":"product_cat","embeddable":true,"href":"https:\/\/eco-market24.com\/lv\/wp-json\/wp\/v2\/product_cat?post=1369"},{"taxonomy":"product_tag","embeddable":true,"href":"https:\/\/eco-market24.com\/lv\/wp-json\/wp\/v2\/product_tag?post=1369"}],"curies":[{"name":"wp","href":"https:\/\/api.w.org\/{rel}","templated":true}]}}