{"id":1387,"date":"2025-09-29T16:21:58","date_gmt":"2025-09-29T14:21:58","guid":{"rendered":"https:\/\/eco-market24.com\/product\/atkritumu-konteiners-80-l-tas\/"},"modified":"2025-09-29T20:00:44","modified_gmt":"2025-09-29T18:00:44","slug":"atkritumu-konteiners-80-l-tas","status":"publish","type":"product","link":"https:\/\/eco-market24.com\/lv\/products\/atkritumu-konteiners-80-l-tas\/","title":{"rendered":"Atkritumu konteiners 80 l, tas"},"content":{"rendered":"<p>ESE 80 L atkritumu tvertne<br \/>\n80 L neliel\u0101 atkritumu tvertne uz\u0146\u0113mumiem un priv\u0101tperson\u0101m \u2014 ESE 80 L atkritumu konteiners mazajiem uz\u0146\u0113mumiem un priv\u0101tm\u0101j\u0101m. Konteiners ide\u0101li piem\u0113rots neliel\u0101m biroju \u0113k\u0101m un sl\u0113gtiem dz\u012bvojamo m\u0101ju kvart\u0101liem \u2014 blakus rindu m\u0101j\u0101m vai vien\u0123imenes un div\u0123imenes m\u0101j\u0101m. Tas \u013cauj efekt\u012bvi \u0161\u0137irot atkritumus un veikt atkritumu p\u0101rstr\u0101des pas\u0101kumus, lai pal\u012bdz\u0113tu aizsarg\u0101t plan\u0113tu.<\/p>\n<p>Kvalit\u0101te un sertifik\u0101cija<br \/>\nRa\u017eots V\u0101cij\u0101, koncentr\u0113joties uz iztur\u012bgiem un est\u0113tiskiem risin\u0101jumiem. ESE konteineri par\u0101d\u0101s pils\u0113t\u0101s vis\u0101 Eirop\u0101 jau 80 gadus. 80 L konteiners atbilst RAL-GZ 951\/1 standarta pras\u012bb\u0101m, nodro\u0161inot augstu ra\u017eo\u0161anas kvalit\u0101ti. Sertifik\u0101ts no Nacion\u0101l\u0101 sabiedr\u012bbas vesel\u012bbas instit\u016bta apstiprina t\u0101 dro\u0161u lieto\u0161anu un negat\u012bvas ietekmes neesam\u012bbu uz dabisko vidi.<\/p>\n<p>Dizains un iztur\u012bba<br \/>\n80 L atkritumu tvertne paredz\u0113ta \u0137emmveida iztuk\u0161o\u0161anai saska\u0146\u0101 ar DIN standartiem. T\u0101 ir iztur\u012bga pret boj\u0101jumiem un izgatavota no augstas kvalit\u0101tes materi\u0101liem: zema spiediena, augstas bl\u012bvuma polietil\u0113na, kas nodro\u0161ina iztur\u012bbu pret \u0101r\u0113jiem faktoriem, bez pasliktin\u0101\u0161an\u0101s ilgsto\u0161as UV iedarb\u012bbas, ekstr\u0113mu temperat\u016bru vai lietus ietekm\u0113. Papildu korozijas aizsardz\u012bbu nodro\u0161ina elektro-cinko\u0161ana un hrom\u0113\u0161ana, padarot tvertni piem\u0113rotu gan iek\u0161telp\u0101m, gan \u0101rpus telp\u0101m.<\/p>\n<p>Dro\u0161\u012bba un konstrukcija<br \/>\nTvertn\u0113 izmantota \u0161\u016bnveida konstrukcija dro\u0161ai lieto\u0161anai un met\u0101la ass no saskalot\u0101 t\u0113rauda augstai stabilit\u0101tei, nodro\u0161inot ilgu kalpo\u0161anas laiku.<\/p>\n<p>Praktiskas \u012bpa\u0161\u012bbas<br \/>\n&#8211; Rokturis \u0113rtai p\u0101rvieto\u0161anai<br \/>\n&#8211; Pak\u0101piena iesp\u0113ja muguras aizsardz\u012bbai un manevr\u0113tsp\u0113jas uzlabo\u0161anai<br \/>\n&#8211; Divi gumijas rite\u0146i uzlabotai transport\u0113\u0161anai un klus\u0101kai darb\u012bbai<br \/>\n&#8211; Gluda iek\u0161\u0113j\u0101 virsma vieglai t\u012br\u012b\u0161anai un samazin\u0101tai nepat\u012bkamu smaku riskam<\/p>\n<p>Kr\u0101su varianti \u0161\u0137iro\u0161anai<br \/>\n80 L atkritumu konteineri atbalsta atkritumu \u0161\u0137iro\u0161anu un pieejami piec\u0101s RAL kr\u0101s\u0101s:<br \/>\n&#8211; Graf\u012bts \u2014 jauktie atkritumi<br \/>\n&#8211; Za\u013ca \u2014 stikls<br \/>\n&#8211; Zila \u2014 pap\u012brs<br \/>\n&#8211; Br\u016bna \u2014 biolo\u0123iskie atkritumi<br \/>\n&#8211; Dzeltena \u2014 met\u0101ls un plastmasa<\/p>\n<p>Galven\u0101 inform\u0101cija<br \/>\n&#8211; Standarts: RAL-GZ 951\/1<br \/>\n&#8211; Sertifik\u0101cija: Nacion\u0101lais sabiedr\u012bbas vesel\u012bbas instit\u016bts<br \/>\n&#8211; Iztuk\u0161o\u0161ana: \u0137emmveida saska\u0146\u0101 ar DIN<br \/>\n&#8211; Kr\u0101sas: piecas RAL kr\u0101sas<br \/>\n&#8211; Materi\u0101ls: zema spiediena, augstas bl\u012bvuma polietil\u0113ns<br \/>\n&#8211; Stabilit\u0101te: met\u0101la ass no saskalot\u0101 t\u0113rauda<br \/>\n&#8211; Mobilit\u0101te: divi gumijas rite\u0146i, rokturis un pak\u0101piena iesp\u0113ja<\/p>\n","protected":false},"excerpt":{"rendered":"<p>Mazs 80 l atkritumu konteiners, ide\u0101li piem\u0113rots uz\u0146\u0113mumiem un priv\u0101tperson\u0101m \u2014 lieliski piem\u0113rots maziem birojiem, rindu m\u0101j\u0101m un vien\u0123ime\u0146u vai divu \u0123ime\u0146u m\u0101j\u0101m.<\/p>\n","protected":false},"featured_media":1711,"comment_status":"open","ping_status":"closed","template":"","meta":[],"product_brand":[],"product_cat":[130],"product_tag":[],"class_list":{"0":"post-1387","1":"product","2":"type-product","3":"status-publish","4":"has-post-thumbnail","6":"product_cat-atkritumu-konteineri","8":"first","9":"instock","10":"taxable","11":"shipping-taxable","12":"purchasable","13":"product-type-simple"},"_links":{"self":[{"href":"https:\/\/eco-market24.com\/lv\/wp-json\/wp\/v2\/product\/1387","targetHints":{"allow":["GET"]}}],"collection":[{"href":"https:\/\/eco-market24.com\/lv\/wp-json\/wp\/v2\/product"}],"about":[{"href":"https:\/\/eco-market24.com\/lv\/wp-json\/wp\/v2\/types\/product"}],"replies":[{"embeddable":true,"href":"https:\/\/eco-market24.com\/lv\/wp-json\/wp\/v2\/comments?post=1387"}],"wp:featuredmedia":[{"embeddable":true,"href":"https:\/\/eco-market24.com\/lv\/wp-json\/wp\/v2\/media\/1711"}],"wp:attachment":[{"href":"https:\/\/eco-market24.com\/lv\/wp-json\/wp\/v2\/media?parent=1387"}],"wp:term":[{"taxonomy":"product_brand","embeddable":true,"href":"https:\/\/eco-market24.com\/lv\/wp-json\/wp\/v2\/product_brand?post=1387"},{"taxonomy":"product_cat","embeddable":true,"href":"https:\/\/eco-market24.com\/lv\/wp-json\/wp\/v2\/product_cat?post=1387"},{"taxonomy":"product_tag","embeddable":true,"href":"https:\/\/eco-market24.com\/lv\/wp-json\/wp\/v2\/product_tag?post=1387"}],"curies":[{"name":"wp","href":"https:\/\/api.w.org\/{rel}","templated":true}]}}