{"id":1393,"date":"2025-09-29T16:21:58","date_gmt":"2025-09-29T14:21:58","guid":{"rendered":"https:\/\/eco-market24.com\/product\/120-l-grafita-peleks-atkritumu-konteiners\/"},"modified":"2025-09-29T20:00:46","modified_gmt":"2025-09-29T18:00:46","slug":"120-l-grafita-peleks-atkritumu-konteiners","status":"publish","type":"product","link":"https:\/\/eco-market24.com\/lv\/products\/120-l-grafita-peleks-atkritumu-konteiners\/","title":{"rendered":"120 l graf\u012bta pel\u0113ks atkritumu konteiners"},"content":{"rendered":"<p>Atkritumu konteineris 120 L j\u016bsu uz\u0146\u0113mumam<br \/>\nESE 120 L atkritumu konteineris ir izstr\u0101d\u0101ts mazajiem uz\u0146\u0113mumiem un nelieliem dz\u012bvojamo \u0113ku komplektiem. Ide\u0101li piem\u0113rots atkritumu \u0161\u0137iro\u0161anai neliel\u0101s birojos vai pie rindu m\u0101j\u0101m un \u0123imenes m\u0101j\u0101m. Standartiz\u0113t\u0101s \u0161\u0137iro\u0161anas kr\u0101sas \u013cauj viegli atpaz\u012bt frakcijas. 120 litru atkritumu tvertne atbalsta sapr\u0101t\u012bgas darb\u012bbas plan\u0113tas lab\u0101 un ir sader\u012bga ar standarta \u0137\u0113m\u0113\u0161anas pac\u0113l\u0101ja atkritumu ma\u0161\u012bn\u0101m. Konteiners ir ar kvalit\u0101tes sertifik\u0101tu, kas apliecina atbilst\u012bbu Eiropas standartam PN-EN 840 un atbilst RAL kvalit\u0101tes pras\u012bb\u0101m.<\/p>\n<p>P\u0101rbaud\u012bts ra\u017eot\u0101js<br \/>\nJau 80 gadus ESE ra\u017eo konteinerus, kas tiek izmantoti Eiropas pils\u0113t\u0101s. Uz\u0146\u0113mums ir paz\u012bstams ar stingr\u0101m p\u0101rbaud\u0113m, kas nodro\u0161ina iztur\u012bgus un est\u0113tiskus risin\u0101jumus. Pateicoties r\u016bp\u012bgi vad\u012btam ra\u017eo\u0161anas procesam, CO2 emisijas efekt\u012bvi samazin\u0101tas par 2%. Galaprodukts sa\u0146\u0113ma Valsts sabiedr\u012bbas vesel\u012bbas instit\u016bta sertifik\u0101ciju, kas apliecina, ka 120 L konteiners nerada negat\u012bvu ietekmi uz vidi \u2014 dubult\u0113ji ekolo\u0123isks risin\u0101jums.<\/p>\n<p>120 L atkritumu tvertne \u2014 izv\u0113le uz gadiem<br \/>\n120 L mais\u012bto atkritumu tvertne ar div\u0101m praktisk\u0101m riep\u0101m izgatavota no zema spiediena polietil\u0113na (HDPE) un papildus aizsarg\u0101ta ar elektro-galvaniz\u0101ciju un hrom\u0113\u0161anu. R\u016bp\u012bgi atlas\u012bti materi\u0101li un modern\u0101s tehnolo\u0123ijas nodro\u0161ina izcilu iztur\u012bbu pret \u0101r\u0113jiem faktoriem: ilgsto\u0161a UV radi\u0101cija, sp\u0113c\u012bgas nokri\u0161\u0146i un zemas temperat\u016bras nerada \u0101tru nolieto\u0161anos. Piem\u0113rota iek\u0161telp\u0101m vai pusatkl\u0101tiem \u0101r\u0113jiem nojumes veidiem.<br \/>\nDivrite\u0146u 120 L tvertne ir iztur\u012bga pret meh\u0101niskiem boj\u0101jumiem. Tai ir t\u0113rauda stiprin\u0101tas asis stabilit\u0101tei, rievots asto\u0146u rievi\u0146u ligzdas stiprin\u0101jums fiks\u0113tai mont\u0101\u017eai un \u0161\u016bnu (medus) strukt\u016bra, kas garant\u0113 iztur\u012bbu intens\u012bvu manevru laik\u0101. ESE 120 L atkritumu konteiners ir b\u016bv\u0113ts daudziem sezonu cikliem.<\/p>\n<p>Ergonomisks dizains<br \/>\nKonteinera dizains ir rad\u012bts \u0113rt\u012bbai \u2014 tas apvieno iztur\u012bbu un dro\u0161\u012bbu ar vieglumu. Tam ir zema v\u0101ka augstuma konstrukcija, saglab\u0101jot pietiekamu stingr\u012bbu, kas garant\u0113 slodzes kapacit\u0101ti l\u012bdz 60 kg. Dizain\u0101 iek\u013cauta funkcion\u0101la roktura \u0113rtai n\u0113s\u0101\u0161anai un stabilai pacel\u0161anai ar atkritumu ma\u0161\u012bnu. Konteiners tiek pied\u0101v\u0101ts ar\u012b ar izv\u0113les ped\u0101\u013ca iesp\u0113ju hands-free atv\u0113r\u0161anai.<br \/>\nM\u016bsdien\u012bg\u0101 120 L tvertne ir ar\u012b \u013coti klusa: gumijas rite\u0146i ar p\u0101rsegiem un speci\u0101ls meh\u0101nisms samazina troksni v\u0101ka atv\u0113r\u0161anas un aizv\u0113r\u0161anas laik\u0101. Viegla t\u012br\u012b\u0161ana nodro\u0161in\u0101ta ar gludu iek\u0161\u0113jo virsmu, kas nov\u0113r\u0161 nepat\u012bkamu smaku att\u012bst\u012bbu.<\/p>\n<p>Pieejam\u0101s kr\u0101sas atkritumu \u0161\u0137iro\u0161anai<br \/>\nESE 120 L atkritumu konteiners atvieglo \u0161\u0137iro\u0161anu. Aprakst\u012btais modelis dom\u0101ts mais\u012btajiem atkritumiem un ir pieejams piec\u0101s kr\u0101s\u0101s:<\/p>\n<p>  Za\u013ca \u2014 stiklam<br \/>\n  Graf\u012bts \u2014 mais\u012btie atkritumi<br \/>\n  Zila \u2014 pap\u012bram<br \/>\n  Br\u016bna \u2014 biolo\u0123iskajiem atkritumiem<br \/>\n  Dzeltena \u2014 met\u0101lam un plastmas\u0101m<\/p>\n<p>Galven\u0101 inform\u0101cija<\/p>\n<p>  Lietojums: mais\u012bto atkritumu \u0161\u0137iro\u0161ana<br \/>\n  Standarti: PN-EN 840<br \/>\n  Sertifik\u0101cija: Valsts sabiedr\u012bbas vesel\u012bbas instit\u016bts<br \/>\n  Materi\u0101ls: HDPE ar papildu korozijas aizsardz\u012bbu<br \/>\n  Asis: cietin\u0101tas t\u0113rauda asis<br \/>\n  Riepas: 2 p\u0101rsegtas riepas klusai darb\u012bbai<br \/>\n  Troksnes samazin\u0101\u0161ana: samazin\u0101ts troksnis v\u0101ka pacel\u0161anas un nolai\u0161anas laik\u0101<br \/>\n  Higi\u0113na: gluda iek\u0161\u0113j\u0101 virsma<\/p>\n","protected":false},"excerpt":{"rendered":"<p>120 L atkritumu konteiners \u2014 ide\u0101ls mazajiem uz\u0146\u0113mumiem un dz\u012bvojam\u0101m teritorij\u0101m. Piem\u0113rots atkritumu \u0161\u0137iro\u0161anai neliel\u0101s biroj\u0101s, rindu m\u0101j\u0101s un priv\u0101tm\u0101j\u0101s.<\/p>\n","protected":false},"featured_media":1708,"comment_status":"open","ping_status":"closed","template":"","meta":[],"product_brand":[],"product_cat":[130],"product_tag":[],"class_list":{"0":"post-1393","1":"product","2":"type-product","3":"status-publish","4":"has-post-thumbnail","6":"product_cat-atkritumu-konteineri","8":"first","9":"instock","10":"taxable","11":"shipping-taxable","12":"purchasable","13":"product-type-simple"},"_links":{"self":[{"href":"https:\/\/eco-market24.com\/lv\/wp-json\/wp\/v2\/product\/1393","targetHints":{"allow":["GET"]}}],"collection":[{"href":"https:\/\/eco-market24.com\/lv\/wp-json\/wp\/v2\/product"}],"about":[{"href":"https:\/\/eco-market24.com\/lv\/wp-json\/wp\/v2\/types\/product"}],"replies":[{"embeddable":true,"href":"https:\/\/eco-market24.com\/lv\/wp-json\/wp\/v2\/comments?post=1393"}],"wp:featuredmedia":[{"embeddable":true,"href":"https:\/\/eco-market24.com\/lv\/wp-json\/wp\/v2\/media\/1708"}],"wp:attachment":[{"href":"https:\/\/eco-market24.com\/lv\/wp-json\/wp\/v2\/media?parent=1393"}],"wp:term":[{"taxonomy":"product_brand","embeddable":true,"href":"https:\/\/eco-market24.com\/lv\/wp-json\/wp\/v2\/product_brand?post=1393"},{"taxonomy":"product_cat","embeddable":true,"href":"https:\/\/eco-market24.com\/lv\/wp-json\/wp\/v2\/product_cat?post=1393"},{"taxonomy":"product_tag","embeddable":true,"href":"https:\/\/eco-market24.com\/lv\/wp-json\/wp\/v2\/product_tag?post=1393"}],"curies":[{"name":"wp","href":"https:\/\/api.w.org\/{rel}","templated":true}]}}