{"id":1399,"date":"2025-09-29T16:21:57","date_gmt":"2025-09-29T14:21:57","guid":{"rendered":"https:\/\/eco-market24.com\/product\/60-l-atkritumu-konteiners\/"},"modified":"2025-09-29T20:00:47","modified_gmt":"2025-09-29T18:00:47","slug":"60-l-atkritumu-konteiners","status":"publish","type":"product","link":"https:\/\/eco-market24.com\/lv\/products\/60-l-atkritumu-konteiners\/","title":{"rendered":"60 l atkritumu konteiners"},"content":{"rendered":"<p>Konteiners 60 L uz\u0146\u0113mumiem un dz\u012bvojam\u0101m apkaim\u0113m<br \/>\nKonteiners 60 L ir p\u0101rbaud\u012bts risin\u0101jums sapr\u0101t\u012bgai atkritumu \u0161\u0137iro\u0161anai dz\u012bvojamaj\u0101s apkaim\u0113s un mazajos uz\u0146\u0113mumos. Tas ir lieliska izv\u0113le maziem uz\u0146\u0113m\u0113jiem un rindu m\u0101ju, daudzdz\u012bvok\u013cu \u0113ku vai priv\u0101tm\u0101ju iedz\u012bvot\u0101jiem. 60 L riten\u012b\u0161u atkritumu konteiners, pieejams 5 RAL kr\u0101s\u0101s, atvieglo atkritumu \u0161\u0137iro\u0161anu un \u013cauj ieviest proekolo\u0123isku politiku. V\u0101cijas z\u012bmols ESE jau 80 gadus pieg\u0101d\u0101 konteinerus ar risin\u0101jumiem, kas izmantoti daudzos Eiropas pils\u0113t\u0101s.<\/p>\n<p>Standarti un sertifik\u0101cija<br \/>\n\u0160is 60 L konteiners atbilst RAL-GZ 951\/1 un ir sa\u0146\u0113mis sertifik\u0101ciju no Nacion\u0101l\u0101 sabiedr\u012bbas vesel\u012bbas instit\u016bta, garant\u0113jot augstu kvalit\u0101ti, ikdienas dro\u0161\u012bbu un minim\u0101lu ietekmi uz vidi. Konteiners ir piel\u0101gots \u0137emmes tipa iztuk\u0161o\u0161anai saska\u0146\u0101 ar DIN standartiem.<\/p>\n<p>Iztur\u012bba un konstrukcija<br \/>\n2-riepu 60 L atkritumu konteiners nodro\u0161ina augstu iztur\u012bbu un to var izmantot iek\u0161telp\u0101s vai \u0101ra nojumes (tai skait\u0101 da\u013c\u0113ji atv\u0113rt\u0101s vai atv\u0113rt\u0101s). Galven\u0101s konstrukcijas \u012bpa\u0161\u012bbas:<\/p>\n<p>  Materi\u0101ls: augstas bl\u012bvuma zema spiediena polietil\u0113ns, iztur\u012bgs pret UV starojumu, temperat\u016bras sv\u0101rst\u012bb\u0101m un lietu<br \/>\n  Korozijas aizsardz\u012bba: elektro-galvaniz\u0101cija un hroma p\u0101rkl\u0101jums<br \/>\n  Ass: met\u0101la ass no cietin\u0101ta t\u0113rauda stabilit\u0101tei<br \/>\n  Konstrukcija: medus\u0161\u016bnu dizains lielai triecieniztur\u012bbai un ilgam ekspluat\u0101cijas laikam<\/p>\n<p>\u0112rtums un ergonomika<br \/>\n60 L atkritumu konteiners ir lietot\u0101jam draudz\u012bga dizaina \u0113rtai un dro\u0161ai lieto\u0161anai:<\/p>\n<p>  Rokturis \u0113rtai p\u0101rvieto\u0161anai<br \/>\n  Pak\u0101pens muguras aizsardz\u012bbai manevru laik\u0101<br \/>\n  Riten\u012b\u0161i: 2 gumijas rite\u0146i, diametrs 200 mm, vieglai p\u0101rvieto\u0161anai un trok\u0161\u0146a sl\u0101p\u0113\u0161anai<br \/>\n  Iek\u0161puse: gluda virsma \u0101trai un vienk\u0101r\u0161ai t\u012br\u012b\u0161anai, samazinot nepat\u012bkamu smaku veido\u0161anos<\/p>\n<p>Atkritumu \u0161\u0137iro\u0161anas kr\u0101sas<br \/>\nPieejams 5 RAL kr\u0101s\u0101s \u0113rtai \u0161\u0137iro\u0161anai:<\/p>\n<p>  Graf\u012bts \u2014 mais\u012btie atkritumi<br \/>\n  Za\u013ca \u2014 stikls<br \/>\n  Zila \u2014 pap\u012brs<br \/>\n  Br\u016bna \u2014 bioatkritumi<br \/>\n  Dzeltena \u2014 met\u0101li un plastmasa<\/p>\n<p>Galven\u0101 inform\u0101cija<\/p>\n<p>  Atbilst RAL-GZ 951\/1<br \/>\n  Sertifik\u0101cija no Nacion\u0101l\u0101 sabiedr\u012bbas vesel\u012bbas instit\u016bta<br \/>\n  Piel\u0101gots \u0137emmes tipa iztuk\u0161o\u0161anai (DIN)<br \/>\n  5 RAL atbilst\u012bgas kr\u0101sas<br \/>\n  Izgatavots no augstas bl\u012bvuma zema spiediena polietil\u0113na<br \/>\n  Met\u0101la ass no cietin\u0101ta t\u0113rauda<br \/>\n  2 gumijas rite\u0146i<br \/>\n  Praktisks rokturis<br \/>\n  Pak\u0101pens muguras aizsardz\u012bbai<\/p>\n","protected":false},"excerpt":{"rendered":"<p>60 l atkritumu konteiners \u2014 p\u0101rbaud\u012bts risin\u0101jums efekt\u012bvai atkritumu \u0161\u0137iro\u0161anai dz\u012bvojamos kvart\u0101los un mazos uz\u0146\u0113mumos. Ide\u0101li piem\u0113rots maziem uz\u0146\u0113m\u0113jiem un rindu, daudz\u0123ime\u0146u un priv\u0101tm\u0101ju iedz\u012bvot\u0101jiem.<\/p>\n","protected":false},"featured_media":2099,"comment_status":"open","ping_status":"closed","template":"","meta":[],"product_brand":[],"product_cat":[130],"product_tag":[],"class_list":{"0":"post-1399","1":"product","2":"type-product","3":"status-publish","4":"has-post-thumbnail","6":"product_cat-atkritumu-konteineri","8":"first","9":"instock","10":"taxable","11":"shipping-taxable","12":"purchasable","13":"product-type-simple"},"_links":{"self":[{"href":"https:\/\/eco-market24.com\/lv\/wp-json\/wp\/v2\/product\/1399","targetHints":{"allow":["GET"]}}],"collection":[{"href":"https:\/\/eco-market24.com\/lv\/wp-json\/wp\/v2\/product"}],"about":[{"href":"https:\/\/eco-market24.com\/lv\/wp-json\/wp\/v2\/types\/product"}],"replies":[{"embeddable":true,"href":"https:\/\/eco-market24.com\/lv\/wp-json\/wp\/v2\/comments?post=1399"}],"wp:featuredmedia":[{"embeddable":true,"href":"https:\/\/eco-market24.com\/lv\/wp-json\/wp\/v2\/media\/2099"}],"wp:attachment":[{"href":"https:\/\/eco-market24.com\/lv\/wp-json\/wp\/v2\/media?parent=1399"}],"wp:term":[{"taxonomy":"product_brand","embeddable":true,"href":"https:\/\/eco-market24.com\/lv\/wp-json\/wp\/v2\/product_brand?post=1399"},{"taxonomy":"product_cat","embeddable":true,"href":"https:\/\/eco-market24.com\/lv\/wp-json\/wp\/v2\/product_cat?post=1399"},{"taxonomy":"product_tag","embeddable":true,"href":"https:\/\/eco-market24.com\/lv\/wp-json\/wp\/v2\/product_tag?post=1399"}],"curies":[{"name":"wp","href":"https:\/\/api.w.org\/{rel}","templated":true}]}}