{"id":1405,"date":"2025-09-29T16:21:56","date_gmt":"2025-09-29T14:21:56","guid":{"rendered":"https:\/\/eco-market24.com\/product\/atkritumu-konteineris-1100-l-ese-ar-dalitu-vaku-un-ieksvacinu-bruns\/"},"modified":"2025-09-29T20:00:49","modified_gmt":"2025-09-29T18:00:49","slug":"atkritumu-konteineris-1100-l-ese-ar-dalitu-vaku-un-ieksvacinu-bruns","status":"publish","type":"product","link":"https:\/\/eco-market24.com\/lv\/products\/atkritumu-konteineris-1100-l-ese-ar-dalitu-vaku-un-ieksvacinu-bruns\/","title":{"rendered":"Atkritumu konteineris 1100 l ESE ar dal\u012btu v\u0101ku un iek\u0161v\u0101ci\u0146u, br\u016bns"},"content":{"rendered":"<p>Containeris bioatkritumiem 1100 L \u2014 ESE dal\u0101mais v\u0101ks ar ieb\u012bd\u0101mu atveri (br\u016bns)<\/p>\n<p>Augstas kvalit\u0101tes, liela ietilp\u012bba: 1100 L atkritumu konteiners ar ESE dal\u0101mo v\u0101ku un ieb\u012bd\u0101mo atveri br\u016bn\u0101 kr\u0101s\u0101 tiek ra\u017eots ilggad\u012bgas Eirop\u0101 akt\u012bvas ra\u017eot\u0101ja. To izmanto atkritumu sav\u0101c\u0113ji un atkritumu apsaimnieko\u0161anas iest\u0101des; piem\u0113rots pa\u0161vald\u012bb\u0101m, lieliem uz\u0146\u0113mumiem, valsts iest\u0101d\u0113m, skol\u0101m, tirdzniec\u012bbas centriem, daudzdz\u012bvok\u013cu m\u0101j\u0101m un cit\u0101m publisk\u0101m viet\u0101m ar lielu ikdienas atkritumu daudzumu. Br\u016bn\u0101 kr\u0101sa atvieglo bioatkritumu \u0161\u0137iro\u0161anu un var tikt lietota visam konteinera korpusam, visam v\u0101ka korpusam vai tikai mazajam v\u0101ci\u0146am. Produkts ir ar RAL\u2011GZ 951\/1 sertifik\u0101tu, atbilst ES standartam PN\u2011EN 840 un sa\u0146\u0113mis PZH apstiprin\u0101jumu. Savietojams ar DIN sist\u0113mu un \u0137emmveida pac\u0113l\u0101jiem.<\/p>\n<p>Materi\u0101ls un iztur\u012bba<br \/>\n1100 L atkritumu konteiners tiek ra\u017eots injekcijas lie\u0161an\u0101 no augstas bl\u012bvuma polietil\u0113na (HDPE). HDPE nodro\u0161ina pretkorozijas \u012bpa\u0161\u012bbas un iztur\u012bbu pret laikapst\u0101k\u013ciem; konteiners iztur UV starojumu, lietu, sniegu, ekstr\u0113mas temperat\u016bras un \u0137\u012bmisku iedarb\u012bbu, nezaud\u0113jot formu vai sa\u0161\u0137e\u013coties. ESE bioatkritumu konteiners ir ar nostiprin\u0101tu korpusu, papildus ribojumu priek\u0161\u0113j\u0101 un aizmugur\u0113j\u0101 sien\u0101 un iztur\u012bbas p\u0101rbaud\u012bt\u0101m lielas slodzes stiprin\u0101jumu viet\u0101m, kas nodro\u0161ina iztur\u012bbu pret meh\u0101niskiem boj\u0101jumiem.<\/p>\n<p>Komforts un lieto\u0161anas \u0113rtums<br \/>\nKonteiners apr\u012bkots ar ieb\u012bd\u0101m\u0101s atveres sist\u0113mu. Maz\u0101 atvere ir \u013coti viegla (aptuveni 1,3 kg), \u013caujot to lietot v\u0101j\u0101kiem, vec\u0101ka gada g\u0101juma vai person\u0101m ar invalidit\u0101ti, k\u0101 ar\u012b samazinot nepiecie\u0161amo atv\u0113rumu atv\u0113r\u0161anas br\u012bd\u012b. V\u0101ka konstrukcija samazina boj\u0101jumus, nov\u0113r\u0161ot sadursmes starp konteineru un saspiesto atkritumu meh\u0101nismiem iztuk\u0161o\u0161anas laik\u0101. Mobilit\u0101ti nodro\u0161ina \u010detri 20 cm gumijas rite\u0146i (klusai darb\u012bbai) ar blo\u0137\u0113\u0161anas meh\u0101nismiem diviem priek\u0161\u0113jiem rite\u0146iem, lai stabiliz\u0113tu uz nel\u012bdzenas virsmas. Praktiski rokturi un gluda virsma atvieglo manevr\u0113\u0161anu un t\u012br\u012b\u0161anu.<\/p>\n<p>Svar\u012bg\u0101k\u0101 inform\u0101cija<br \/>\nMaterial: augstas bl\u012bvuma polietil\u0113ns (HDPE)<br \/>\nSertifik\u0101cija: RAL\u2011GZ 951\/1<br \/>\nStandarti: PN\u2011EN 840 (ES)<br \/>\nSavietojam\u012bba: DIN sist\u0113ma vai \u0137emmveida pac\u0113l\u0101js<br \/>\nV\u0101ka sist\u0113ma: ieb\u012bd\u0101m\u0101 atvere ar viegli kustamu mazo atveri<br \/>\nKr\u0101su iesp\u0113jas \u0161\u0137iro\u0161anai: mazais v\u0101ci\u0146\u0161, pilnais v\u0101ks vai vesels konteiners<br \/>\nKonstrukcija: nostiprin\u0101ts korpuss<br \/>\nRite\u0146i: \u010detri 20 cm gumijas rite\u0146i<br \/>\nStabilit\u0101te: divas blo\u0137\u0113\u0161anas sist\u0113mas priek\u0161\u0113jiem rite\u0146iem<br \/>\nPapildus: rokturi; iesp\u0113jams apr\u012bkot ar trok\u0161\u0146a samazin\u0101t\u0101jiem<\/p>\n","protected":false},"excerpt":{"rendered":"<p>1100 L bioatkritumu konteiners pa\u0161vald\u012bb\u0101m, uz\u0146\u0113mumiem un daudzdz\u012bvok\u013cu m\u0101j\u0101m \u2014 br\u016bns 1100 L atkritumu konteiners ar dal\u012btu v\u0101ku, kur\u0101 ir \u201cv\u0101ci\u0146\u0161 v\u0101ka iek\u0161pus\u0113\u201d, nodro\u0161ina izcilu meistar\u012bbu un lielu ietilp\u012bbu. Ra\u017eots uz\u0146\u0113mum\u0101 ar desmitiem gadu pieredzes un produktiem vis\u0101 Eirop\u0101.<\/p>\n","protected":false},"featured_media":1578,"comment_status":"open","ping_status":"closed","template":"","meta":[],"product_brand":[],"product_cat":[130],"product_tag":[],"class_list":{"0":"post-1405","1":"product","2":"type-product","3":"status-publish","4":"has-post-thumbnail","6":"product_cat-atkritumu-konteineri","8":"first","9":"instock","10":"taxable","11":"shipping-taxable","12":"purchasable","13":"product-type-simple"},"_links":{"self":[{"href":"https:\/\/eco-market24.com\/lv\/wp-json\/wp\/v2\/product\/1405","targetHints":{"allow":["GET"]}}],"collection":[{"href":"https:\/\/eco-market24.com\/lv\/wp-json\/wp\/v2\/product"}],"about":[{"href":"https:\/\/eco-market24.com\/lv\/wp-json\/wp\/v2\/types\/product"}],"replies":[{"embeddable":true,"href":"https:\/\/eco-market24.com\/lv\/wp-json\/wp\/v2\/comments?post=1405"}],"wp:featuredmedia":[{"embeddable":true,"href":"https:\/\/eco-market24.com\/lv\/wp-json\/wp\/v2\/media\/1578"}],"wp:attachment":[{"href":"https:\/\/eco-market24.com\/lv\/wp-json\/wp\/v2\/media?parent=1405"}],"wp:term":[{"taxonomy":"product_brand","embeddable":true,"href":"https:\/\/eco-market24.com\/lv\/wp-json\/wp\/v2\/product_brand?post=1405"},{"taxonomy":"product_cat","embeddable":true,"href":"https:\/\/eco-market24.com\/lv\/wp-json\/wp\/v2\/product_cat?post=1405"},{"taxonomy":"product_tag","embeddable":true,"href":"https:\/\/eco-market24.com\/lv\/wp-json\/wp\/v2\/product_tag?post=1405"}],"curies":[{"name":"wp","href":"https:\/\/api.w.org\/{rel}","templated":true}]}}