{"id":1441,"date":"2025-09-29T16:21:50","date_gmt":"2025-09-29T14:21:50","guid":{"rendered":"https:\/\/eco-market24.com\/product\/sarkans-1100-l-atkritumu-konteiners\/"},"modified":"2025-09-29T20:00:59","modified_gmt":"2025-09-29T18:00:59","slug":"sarkans-1100-l-atkritumu-konteiners","status":"publish","type":"product","link":"https:\/\/eco-market24.com\/lv\/products\/sarkans-1100-l-atkritumu-konteiners\/","title":{"rendered":"Sarkans 1100 l atkritumu konteiners"},"content":{"rendered":"<p>Red 1100 L atkritumu konteiners \u2014 RAL-GZ951\/1<\/p>\n<p>Standarts un sertifik\u0101cija: Atbilst RAL-GZ951\/1 kvalit\u0101tes standartam un PN EN 840. Mar\u0137\u0113ts ar CE mar\u0137\u0113jumu, atbilst piem\u0113rojamiem Eiropas un valsts standartiem.<\/p>\n<p>Paredz\u0113t\u0101 lieto\u0161ana<br \/>\nIzstr\u0101d\u0101ts medic\u012bnisko un b\u012bstamo atkritumu \u0161\u0137iro\u0161anai slimn\u012bc\u0101s, medic\u012bnas iest\u0101d\u0113s, skaistumkop\u0161anas salonos un cit\u0101s viet\u0101s, kur nepiecie\u0161ama iztur\u012bba pret infekcioziem atkritumiem un bie\u017ea lieto\u0161ana.<\/p>\n<p>Konstrukcija un materi\u0101li<\/p>\n<p>  Materi\u0101ls: Augstas bl\u012bvuma polietil\u0113ns (HDPE), p\u0101rstr\u0101d\u0101jams.<br \/>\n  Konstrukcija: Datoriz\u0113ti p\u0101rbaud\u012bta, iztur\u012bga konstrukcija ar gludu iek\u0161pusi \u0113rtai t\u012br\u012b\u0161anai.<br \/>\n  Notec\u0113\u0161ana: Apak\u0161\u0113j\u0101 notekcaurums ar aizb\u0101zni.<br \/>\n  Kravas jauda: Nomin\u0101l\u0101 slodze l\u012bdz 510 kg (augst\u0101k\u0101 pieejam\u0101 1100 L plastmasas ielu konteineriem).<\/p>\n<p>Iztur\u012bba un standarti<\/p>\n<p>  Ra\u017eots ra\u017eot\u0101ja ar 80 gadu pieredzi MGB konteineru ra\u017eo\u0161an\u0101.<br \/>\n  \u013boti iztur\u012bgs pret UV starojumu un zem\u0101m temperat\u016br\u0101m; piem\u0113rots lieto\u0161anai \u0101rtelp\u0101s visos laika apst\u0101k\u013cos.<br \/>\n  Plakan\u0101 v\u0101ka konstrukcija atbilst DIN standarta pras\u012bb\u0101m.<br \/>\n  Apr\u012bkots ar s\u0101nu t\u0113lniekiem (trunnions) iztuk\u0161o\u0161anai ar atkritumu ved\u0113jiem no s\u0101niem, aizmugures vai konteinera priek\u0161\u0113j\u0101s malas.<\/p>\n","protected":false},"excerpt":{"rendered":"<p>Sarkans 1 100 l konteiners, sertific\u0113ts saska\u0146\u0101 ar kvalit\u0101tes standartu RAL\u2011GZ 951\/1.<\/p>\n","protected":false},"featured_media":1735,"comment_status":"open","ping_status":"closed","template":"","meta":[],"product_brand":[],"product_cat":[130],"product_tag":[],"class_list":{"0":"post-1441","1":"product","2":"type-product","3":"status-publish","4":"has-post-thumbnail","6":"product_cat-atkritumu-konteineri","8":"first","9":"instock","10":"taxable","11":"shipping-taxable","12":"purchasable","13":"product-type-simple"},"_links":{"self":[{"href":"https:\/\/eco-market24.com\/lv\/wp-json\/wp\/v2\/product\/1441","targetHints":{"allow":["GET"]}}],"collection":[{"href":"https:\/\/eco-market24.com\/lv\/wp-json\/wp\/v2\/product"}],"about":[{"href":"https:\/\/eco-market24.com\/lv\/wp-json\/wp\/v2\/types\/product"}],"replies":[{"embeddable":true,"href":"https:\/\/eco-market24.com\/lv\/wp-json\/wp\/v2\/comments?post=1441"}],"wp:featuredmedia":[{"embeddable":true,"href":"https:\/\/eco-market24.com\/lv\/wp-json\/wp\/v2\/media\/1735"}],"wp:attachment":[{"href":"https:\/\/eco-market24.com\/lv\/wp-json\/wp\/v2\/media?parent=1441"}],"wp:term":[{"taxonomy":"product_brand","embeddable":true,"href":"https:\/\/eco-market24.com\/lv\/wp-json\/wp\/v2\/product_brand?post=1441"},{"taxonomy":"product_cat","embeddable":true,"href":"https:\/\/eco-market24.com\/lv\/wp-json\/wp\/v2\/product_cat?post=1441"},{"taxonomy":"product_tag","embeddable":true,"href":"https:\/\/eco-market24.com\/lv\/wp-json\/wp\/v2\/product_tag?post=1441"}],"curies":[{"name":"wp","href":"https:\/\/api.w.org\/{rel}","templated":true}]}}