{"id":1447,"date":"2025-09-29T16:21:49","date_gmt":"2025-09-29T14:21:49","guid":{"rendered":"https:\/\/eco-market24.com\/product\/1100-l-plastmasas-parstrades-konteiners\/"},"modified":"2025-09-29T20:01:01","modified_gmt":"2025-09-29T18:01:01","slug":"1100-l-plastmasas-parstrades-konteiners","status":"publish","type":"product","link":"https:\/\/eco-market24.com\/lv\/products\/1100-l-plastmasas-parstrades-konteiners\/","title":{"rendered":"1100 L plastmasas p\u0101rstr\u0101des konteiners"},"content":{"rendered":"<p>Konteiners plastmasai 1100 L uz\u0146\u0113mumiem, iest\u0101d\u0113m un daudzdz\u012bvok\u013cu m\u0101j\u0101m<\/p>\n<p>\u0160is ir risin\u0101jums, kas atvieglo pareizu atkritumu \u0161\u0137iro\u0161anu. Tas ir lieliska iesp\u0113ja pa\u0161vald\u012bb\u0101m, pils\u0113t\u0101m, iest\u0101d\u0113m, uz\u0146\u0113mumiem un daudzdz\u012bvok\u013cu m\u0101j\u0101m. Ese z\u012bmola konteineri ir paz\u012bstami ar augstu kvalit\u0101ti un est\u0113tiku, pieejami vis\u0101 Eirop\u0101 jau 80 gadus. Konteiners \u013cauj viegli atdal\u012bt plastmasas materi\u0101lus, kas piem\u0113roti atk\u0101rtotai izmanto\u0161anai, un ir videi draudz\u012bgs risin\u0101jums \u2014 \u0161\u0137iro\u0161ana nav tikai Eiropas Savien\u012bbas uzlikta pras\u012bba, bet ar\u012b labums plan\u0113tai.<\/p>\n<p>Standarti un sertifik\u0101cija<br \/>\nAtkritumu konteiners 1100 L nodro\u0161ina dro\u0161u lieto\u0161anu un atbilst glob\u0101lajam standartam RAL-GZ 951\/1 un Eiropas standartam EN 840. Nacion\u0101l\u0101 higi\u0113nas instit\u016bta sertifik\u0101ts apliecina, ka tam nav ietekmes uz dabu. Konteiners ir sader\u012bgs ar atkritumu sav\u0101c\u0113jma\u0161\u012bn\u0101m ar priek\u0161\u0113jo, s\u0101nu un aizmugur\u0113jo pacel\u0161anu, izmantojot s\u0101nu tapas vai priek\u0161\u0113jo \u0137emmes stieni.<\/p>\n<p>Iztur\u012bgs, pret boj\u0101jumiem notur\u012bgs dzeltens konteiners<br \/>\n1100 L plastmasas konteiners ir piem\u0113rots sl\u0113gt\u0101m atkritumu telp\u0101m biroju \u0113k\u0101s, k\u0101 ar\u012b pusatkl\u0101tiem nojumes risin\u0101jumiem daudzdz\u012bvok\u013cu m\u0101j\u0101s. Tas izgatavots no augstas bl\u012bvuma polietil\u0113na, kas iztur nelabv\u0113l\u012bgus laikapst\u0101k\u013cus un sk\u0101bes, un nepasliktin\u0101s UV staru, stipru salu vai sp\u0113c\u012bgu lietavu ietekm\u0113. Kompaktie izm\u0113ri un robust\u0101 konstrukcija \u013cauj daudzveid\u012bgu izmanto\u0161anu, un est\u0113tiskais apdare \u013cauj novietot konteineru atkl\u0101t\u0101s viet\u0101s, piem\u0113ram, pazemes st\u0101vviet\u0101s.<\/p>\n<p>  Pastiprin\u0101ta korpusa konstrukcija ar noapa\u013cot\u0101m priek\u0161\u0113j\u0101m un aizmugur\u0113j\u0101m mal\u0101m est\u0113tikai un funkcionalit\u0101tei<br \/>\n  Datorprojekt\u0113ta pamatne un elementi, kas pak\u013cauti lielam spiedienam un slodzei<br \/>\n  \u0136emmes stienis atbilst DIN standartiem<br \/>\n  Iztur\u012bgs pret meh\u0101niskiem boj\u0101jumiem gadiem ilgi<\/p>\n<p>\u0112rtas un praktiskas funkcijas<br \/>\nMiskastes lieto\u0161ana ir \u0113rt\u0101 un dro\u0161a:<\/p>\n<p>  Divas atveres v\u0101ci\u0146\u0101 pudel\u0113m vai maz\u0101k\u0101m maisi\u0146iem bez visa v\u0101ka pacel\u0161anas<br \/>\n  \u010cetri rite\u0146i (\u00d8 200 mm) ar pastiprin\u0101tiem apvalkiem un divas priek\u0161\u0113j\u0101s bremzes mobilit\u0101tei un stabilit\u0101tei<br \/>\n  \u010cetri ergonomiski rokturi p\u0101rvieto\u0161anai<br \/>\n  V\u0101ki ar s\u0101nu flangu, kas pa\u0161s\u0113j\u0101s un piel\u0101go poz\u012bciju, \u013caujot novietot uz nel\u012bdzenas virsmas<br \/>\n  Papildus atsl\u0113g\u0101 aizsl\u0113dzams meh\u0101nisms dro\u0161\u0101m viet\u0101m (piem., daudzdz\u012bvok\u013cu m\u0101jas)<br \/>\n  Gluda virsma vieglai t\u012br\u012b\u0161anai un uzkop\u0161anai<br \/>\n  Centr\u0101la dren\u0101\u017eas skr\u016bve papildu \u0113rt\u012bbai<\/p>\n<p>Galven\u0101 inform\u0101cija<\/p>\n<p>  Tilpums: 1100 L<br \/>\n  Kr\u0101sa: dzeltens<br \/>\n  2 atveres v\u0101ci\u0146\u0101<br \/>\n  Datorprojekt\u0113ts augstai iztur\u012bbai<br \/>\n  Iztur\u012bgs pret sk\u0101b\u0113m, UV stariem un lietu<br \/>\n  Atbilst\u012bba RAL-GZ 951\/1 un PN EN 840<br \/>\n  Sertifik\u0101ts no Nacion\u0101l\u0101 higi\u0113nas instit\u016bta<br \/>\n  V\u0101ka aizv\u0113r\u0161anas spiediena meh\u0101nisms<br \/>\n  Bremzes priek\u0161\u0113jos riten\u012b\u0161os uzlabotai stabilit\u0101tei<br \/>\n  Viegls uztur\u0113t t\u012br\u012bbu<\/p>\n","protected":false},"excerpt":{"rendered":"<p>1100 l plastmasas p\u0101rstr\u0101des konteiners \u2014 iztur\u012bgs, \u0113rti lietojams risin\u0101jums pa\u0161vald\u012bb\u0101m, uz\u0146\u0113mumiem, iest\u0101d\u0113m un daudzdz\u012bvok\u013cu m\u0101ju p\u0101rvald\u0113m, kas atvieglo pareizu plastmasas atkritumu \u0161\u0137iro\u0161anu un sav\u0101k\u0161anu.<\/p>\n","protected":false},"featured_media":2124,"comment_status":"open","ping_status":"closed","template":"","meta":[],"product_brand":[],"product_cat":[130],"product_tag":[],"class_list":{"0":"post-1447","1":"product","2":"type-product","3":"status-publish","4":"has-post-thumbnail","6":"product_cat-atkritumu-konteineri","8":"first","9":"instock","10":"taxable","11":"shipping-taxable","12":"purchasable","13":"product-type-simple"},"_links":{"self":[{"href":"https:\/\/eco-market24.com\/lv\/wp-json\/wp\/v2\/product\/1447","targetHints":{"allow":["GET"]}}],"collection":[{"href":"https:\/\/eco-market24.com\/lv\/wp-json\/wp\/v2\/product"}],"about":[{"href":"https:\/\/eco-market24.com\/lv\/wp-json\/wp\/v2\/types\/product"}],"replies":[{"embeddable":true,"href":"https:\/\/eco-market24.com\/lv\/wp-json\/wp\/v2\/comments?post=1447"}],"wp:featuredmedia":[{"embeddable":true,"href":"https:\/\/eco-market24.com\/lv\/wp-json\/wp\/v2\/media\/2124"}],"wp:attachment":[{"href":"https:\/\/eco-market24.com\/lv\/wp-json\/wp\/v2\/media?parent=1447"}],"wp:term":[{"taxonomy":"product_brand","embeddable":true,"href":"https:\/\/eco-market24.com\/lv\/wp-json\/wp\/v2\/product_brand?post=1447"},{"taxonomy":"product_cat","embeddable":true,"href":"https:\/\/eco-market24.com\/lv\/wp-json\/wp\/v2\/product_cat?post=1447"},{"taxonomy":"product_tag","embeddable":true,"href":"https:\/\/eco-market24.com\/lv\/wp-json\/wp\/v2\/product_tag?post=1447"}],"curies":[{"name":"wp","href":"https:\/\/api.w.org\/{rel}","templated":true}]}}