{"id":1453,"date":"2025-09-29T16:21:48","date_gmt":"2025-09-29T14:21:48","guid":{"rendered":"https:\/\/eco-market24.com\/product\/1100-l-papira-parstrades-konteiners\/"},"modified":"2025-09-29T20:01:03","modified_gmt":"2025-09-29T18:01:03","slug":"1100-l-papira-parstrades-konteiners","status":"publish","type":"product","link":"https:\/\/eco-market24.com\/lv\/products\/1100-l-papira-parstrades-konteiners\/","title":{"rendered":"1100 l pap\u012bra p\u0101rstr\u0101des konteiners"},"content":{"rendered":"<p>1100 L pap\u012bra konteiners dz\u012bvojamo m\u0101ju kompleksiem un uz\u0146\u0113mumiem<br \/>\n1100 L ESE pap\u012bra konteiners ir lielisks risin\u0101jums uz\u0146\u0113mumiem un dz\u012bvojamo kompleksu vajadz\u012bb\u0101m. Pla\u0161ais konteiners atvieglo atkritumu \u0161\u0137iro\u0161anu pa\u0161vald\u012bb\u0101s un pils\u0113t\u0101s ar proekolo\u0123isku politiku. Tas nodro\u0161ina efekt\u012bvu pap\u012bra atg\u016b\u0161anu un turpm\u0101ku p\u0101rstr\u0101di. Ra\u017eots, izmantojot modernas tehnolo\u0123ijas un sertific\u0113tu kvalit\u0101tes uzraudz\u012bbu, balstoties uz vair\u0101k nek\u0101 80 gadu pieredzi tirg\u016b.<\/p>\n<p>Sertifik\u0101ti un savietojam\u012bba<\/p>\n<p>  RAL-GZ 951\/1 kvalit\u0101tes sertifik\u0101ts<br \/>\n  Atbilst Eiropas standartam EN 840<br \/>\n  PZH sertifik\u0101ts, kas apliecina, ka nav negat\u012bvas ietekmes uz vidi<br \/>\n  Savietojams ar atkritumu sav\u0101c\u0113jiem ar priek\u0161\u0113jo, s\u0101nu un aizmugur\u0113jo izkrau\u0161anu (s\u0101nu tapu vai priek\u0161\u0113j\u0101 \u0137emmes stie\u0146a stiprin\u0101jumi)<\/p>\n<p>Konstrukcija un iztur\u012bba<br \/>\nKorpuss izgatavots no augstas bl\u012bvuma polietil\u0113na (HDPE), kas iztur UV starojumu, sasal\u0161anu, lietu un sk\u0101bes. Iztur\u012bg\u0101, datoriz\u0113ti izstr\u0101d\u0101t\u0101 konstrukcija \u2014 tostarp pastiprin\u0101t\u0101s priek\u0161\u0113j\u0101s un aizmugures malas un spiedienam pak\u013cautais dibens \u2014 nodro\u0161ina lielu meh\u0101nisko iztur\u012bbu un dro\u0161u smagu kravu uzglab\u0101\u0161anu. \u0136emmes stienis atbilst DIN standartiem. V\u0101ks ietver s\u0101nu flangi, lai konteiners tiktu dro\u0161i aizv\u0113rts un stabiliz\u0113ts uz jebkura reljefa.<\/p>\n<p>Praktiskas \u012bpa\u0161\u012bbas<\/p>\n<p>  Speci\u0101ls atvere v\u0101ka da\u013c\u0101 \u0113rtai pap\u012bra ievieto\u0161anai (nav nepiecie\u0161ams pacel\u0161ana)<br \/>\n  \u010cetras ergonomiskas rokturi<br \/>\n  \u010cetras iztur\u012bgas riten\u012btes (\u00d8 200 mm), divas priek\u0161\u0113j\u0101s apr\u012bkotas ar efekt\u012bv\u0101m bremz\u0113m<br \/>\n  Cinkota pakarene ilg\u0101kai kalpo\u0161anai<br \/>\n  Papildus aizsl\u0113gs, lai nov\u0113rstu neat\u013cautu lieto\u0161anu<br \/>\n  Gluda konstrukcija un centra dren\u0101\u017eas tapa \u0113rtai t\u012br\u012b\u0161anai un uztur\u0113\u0161anai<\/p>\n<p>Galven\u0101 inform\u0101cija<\/p>\n<p>  Tilpums: 1100 L<br \/>\n  Kr\u0101sa: zila<br \/>\n  Datoriz\u0113ti izstr\u0101d\u0101ta augstas iztur\u012bbas konstrukcija<br \/>\n  Iztur\u012bgs pret sk\u0101b\u0113m un nelabv\u0113l\u012bgiem laika apst\u0101k\u013ciem<br \/>\n  V\u0101ka aizv\u0113r\u0161anas spiediena meh\u0101nisms<br \/>\n  Vienk\u0101r\u0161a uztur\u0113\u0161ana un t\u012br\u012b\u0161ana<\/p>\n","protected":false},"excerpt":{"rendered":"<p>Pap\u012bra konteineris 1100 l dz\u012bvojamajiem rajoniem un uz\u0146\u0113mumiem \u2014 ESE 1100 l ir ide\u0101ls risin\u0101jums uz\u0146\u0113mumiem un dz\u012bvojam\u0101m kopien\u0101m. T\u0101 pla\u0161ais dizains atvieglo pap\u012bra \u0161\u0137iro\u0161anu pa\u0161vald\u012bb\u0101m un pils\u0113t\u0101m, kas ap\u0146\u0113mu\u0161\u0101s iev\u0113rot videi draudz\u012bgu atkritumu politiku.<\/p>\n","protected":false},"featured_media":2128,"comment_status":"open","ping_status":"closed","template":"","meta":[],"product_brand":[],"product_cat":[130],"product_tag":[],"class_list":{"0":"post-1453","1":"product","2":"type-product","3":"status-publish","4":"has-post-thumbnail","6":"product_cat-atkritumu-konteineri","8":"first","9":"instock","10":"taxable","11":"shipping-taxable","12":"purchasable","13":"product-type-simple"},"_links":{"self":[{"href":"https:\/\/eco-market24.com\/lv\/wp-json\/wp\/v2\/product\/1453","targetHints":{"allow":["GET"]}}],"collection":[{"href":"https:\/\/eco-market24.com\/lv\/wp-json\/wp\/v2\/product"}],"about":[{"href":"https:\/\/eco-market24.com\/lv\/wp-json\/wp\/v2\/types\/product"}],"replies":[{"embeddable":true,"href":"https:\/\/eco-market24.com\/lv\/wp-json\/wp\/v2\/comments?post=1453"}],"wp:featuredmedia":[{"embeddable":true,"href":"https:\/\/eco-market24.com\/lv\/wp-json\/wp\/v2\/media\/2128"}],"wp:attachment":[{"href":"https:\/\/eco-market24.com\/lv\/wp-json\/wp\/v2\/media?parent=1453"}],"wp:term":[{"taxonomy":"product_brand","embeddable":true,"href":"https:\/\/eco-market24.com\/lv\/wp-json\/wp\/v2\/product_brand?post=1453"},{"taxonomy":"product_cat","embeddable":true,"href":"https:\/\/eco-market24.com\/lv\/wp-json\/wp\/v2\/product_cat?post=1453"},{"taxonomy":"product_tag","embeddable":true,"href":"https:\/\/eco-market24.com\/lv\/wp-json\/wp\/v2\/product_tag?post=1453"}],"curies":[{"name":"wp","href":"https:\/\/api.w.org\/{rel}","templated":true}]}}