{"id":1477,"date":"2025-09-29T16:21:12","date_gmt":"2025-09-29T14:21:12","guid":{"rendered":"https:\/\/eco-market24.com\/product\/eco-modular-modularais-atkritumu-skirosanas-konteiners-3-x-50-l-melns\/"},"modified":"2025-09-29T20:02:30","modified_gmt":"2025-09-29T18:02:30","slug":"eco-modular-modularais-atkritumu-skirosanas-konteiners-3-x-50-l-melns","status":"publish","type":"product","link":"https:\/\/eco-market24.com\/lv\/products\/eco-modular-modularais-atkritumu-skirosanas-konteiners-3-x-50-l-melns\/","title":{"rendered":"Eco Modular modul\u0101rais atkritumu \u0161\u0137iro\u0161anas konteiners, 3 \u00d7 50 l, melns"},"content":{"rendered":"<p>P\u0101rv\u0101k\u0161anas atkritumu urna \u2014 ide\u0101li piem\u0113rota pils\u0113t\u0101m, st\u0101vviet\u0101m un za\u013caj\u0101m teritorij\u0101m<br \/>\nEko modul\u0101r\u0101 \u0161\u0137iro\u0161anas atkritumu urna 3 \u00d7 50 L (melna, RAL 9005) \u013cauj viegli ieviest pamat\u0161\u0137iro\u0161anu \u0101r\u0113j\u0101s teritorij\u0101s. Ar kvalitat\u012bviem materi\u0101liem un minim\u0101listisku dizainu \u0161\u012b \u0161\u0137iro\u0161anas atkritumu tvertne piem\u0113rota publisk\u0101m viet\u0101m, piem\u0113ram, biroju \u0113k\u0101m, valsts iest\u0101d\u0113m, skol\u0101m, slimn\u012bc\u0101m, parkiem, laukumiem, rota\u013cu laukumiem, sporta laukumiem, peldviet\u0101m, st\u0101vviet\u0101m un dz\u012bvojamajiem mas\u012bviem. Ier\u012bcei ir br\u012bvi st\u0101vo\u0161a konstrukcija.<\/p>\n<p>Iztur\u012bga, pret laikapst\u0101k\u013ciem un boj\u0101jumiem notur\u012bga konstrukcija<br \/>\nAtkritumu urna izgatavota no 0,8 mm cinkota t\u0113rauda ar pulverkr\u0101sotu p\u0101rkl\u0101jumu, kas nodro\u0161ina iztur\u012bbu pret lietu, salu, UV starojumu un augstu temperat\u016bru. Robusta izgatavo\u0161ana padara urnu ilgm\u016b\u017e\u012bgu un iztur\u012bgu pret boj\u0101jumiem, savuk\u0101rt t\u0101s minim\u0101listiskais melnais tonis (RAL 9005) labi integr\u0113jas gan pils\u0113tas, gan za\u013caj\u0101 vid\u0113.<\/p>\n<p>Praktisks dizains \u0113rtai lieto\u0161anai un uztur\u0113\u0161anai<\/p>\n<p>  Br\u012bvi st\u0101vo\u0161a konstrukcija ar optim\u0101lu svaru stabilit\u0101tei un p\u0101rvieto\u0161anas \u0113rtumam.<br \/>\n  Cinkota t\u0113rauda iek\u0161\u0113jie ievietojumi, kas atvieglo iztuk\u0161o\u0161anu un t\u012br\u012b\u0161anu.<br \/>\n  Lieli ieejas atv\u0113rumi, lai pie\u0146emtu liel\u0101kus atkritumus.<br \/>\n  No\u0146emami v\u0101ki, lai atvieglotu tvertnes iztuk\u0161o\u0161anu.<\/p>\n<p>\u0160\u0137iro\u0161anas iesp\u0113jas (uzl\u012bmes iek\u013cautas)<br \/>\nModul\u0101rais dizains \u013cauj izv\u0113l\u0113ties \u0161\u0137iro\u0161anas uzl\u012bmes (t\u0101s tiek pieg\u0101d\u0101tas kop\u0101 ar urnu pa\u0161uzl\u012bm\u0113\u0161anai) \u0161\u0101d\u0101s kr\u0101s\u0101s un frakcij\u0101s:<\/p>\n<p>  Melna \u2014 jauktie atkritumi<br \/>\n  Br\u016bna \u2014 bioatkritumi<br \/>\n  Zila \u2014 pap\u012brs<br \/>\n  Dzeltena \u2014 plastmasa un met\u0101li<br \/>\n  Za\u013ca \u2014 stikls<\/p>\n<p>Svar\u012bg\u0101k\u0101 inform\u0101cija<\/p>\n<p>  Tilpums: 3 \u00d7 50 L<br \/>\n  Materi\u0101ls: 0,8 mm cinkots t\u0113rauds<br \/>\n  P\u0101rkl\u0101jums: pulverkr\u0101sojums, melns (RAL 9005)<br \/>\n  Iek\u0161\u0113jie ievietojumi: cinkots t\u0113rauds<br \/>\n  V\u0101ki: atverami \/ no\u0146emami<br \/>\n  Konstrukcija: br\u012bvi st\u0101vo\u0161a<\/p>\n","protected":false},"excerpt":{"rendered":"<p>Recycling bin \u2014 ide\u0101li piem\u0113rots pils\u0113t\u0101m, st\u0101vviet\u0101m un za\u013caj\u0101m zon\u0101m. ECO Modular 3\u00d750 L melnais \u0161\u0137iro\u0161anas konteiners ir modul\u0101rs risin\u0101jums, kas padara selekt\u012bvu atkritumu sav\u0101k\u0161anu vienk\u0101r\u0161u jebkur\u0101 \u0101rtelp\u0101.<\/p>\n","protected":false},"featured_media":1835,"comment_status":"open","ping_status":"closed","template":"","meta":[],"product_brand":[],"product_cat":[70],"product_tag":[],"class_list":{"0":"post-1477","1":"product","2":"type-product","3":"status-publish","4":"has-post-thumbnail","6":"product_cat-waste-containers","8":"first","9":"instock","10":"taxable","11":"shipping-taxable","12":"purchasable","13":"product-type-simple"},"_links":{"self":[{"href":"https:\/\/eco-market24.com\/lv\/wp-json\/wp\/v2\/product\/1477","targetHints":{"allow":["GET"]}}],"collection":[{"href":"https:\/\/eco-market24.com\/lv\/wp-json\/wp\/v2\/product"}],"about":[{"href":"https:\/\/eco-market24.com\/lv\/wp-json\/wp\/v2\/types\/product"}],"replies":[{"embeddable":true,"href":"https:\/\/eco-market24.com\/lv\/wp-json\/wp\/v2\/comments?post=1477"}],"wp:featuredmedia":[{"embeddable":true,"href":"https:\/\/eco-market24.com\/lv\/wp-json\/wp\/v2\/media\/1835"}],"wp:attachment":[{"href":"https:\/\/eco-market24.com\/lv\/wp-json\/wp\/v2\/media?parent=1477"}],"wp:term":[{"taxonomy":"product_brand","embeddable":true,"href":"https:\/\/eco-market24.com\/lv\/wp-json\/wp\/v2\/product_brand?post=1477"},{"taxonomy":"product_cat","embeddable":true,"href":"https:\/\/eco-market24.com\/lv\/wp-json\/wp\/v2\/product_cat?post=1477"},{"taxonomy":"product_tag","embeddable":true,"href":"https:\/\/eco-market24.com\/lv\/wp-json\/wp\/v2\/product_tag?post=1477"}],"curies":[{"name":"wp","href":"https:\/\/api.w.org\/{rel}","templated":true}]}}