{"id":1490,"date":"2025-09-29T16:21:04","date_gmt":"2025-09-29T14:21:04","guid":{"rendered":"https:\/\/eco-market24.com\/product\/bin-iela-bali-pasvaldiba-65-l\/"},"modified":"2025-09-29T20:05:09","modified_gmt":"2025-09-29T18:05:09","slug":"bin-iela-bali-pasvaldiba-65-l","status":"publish","type":"product","link":"https:\/\/eco-market24.com\/lv\/products\/bin-iela-bali-pasvaldiba-65-l\/","title":{"rendered":"Bin iela, Bali pa\u0161vald\u012bba, 65 L"},"content":{"rendered":"<p>Miskastes \u201cBin Street\u201d ar jumti\u0146u pils\u0113t\u0101m, parkiem un uz\u0146\u0113mumu teritorij\u0101m<\/p>\n<p>Bin Street urban Bali 65 L ir praktisks risin\u0101jums da\u017e\u0101d\u0101m \u0101rtelp\u0101m, kur nepiecie\u0161ami iztur\u012bgi un est\u0113tiski elementi. Tas ide\u0101li piem\u0113rots pils\u0113tu centriem, trotu\u0101riem, sabiedrisk\u0101 transporta pietur\u0101m un tirdzniec\u012bbas un pakalpojumu vietu tuvum\u0101. Za\u013caj\u0101s zon\u0101s, piem\u0113ram, parkos, laukumos, bot\u0101niskajos d\u0101rzos vai promen\u0101d\u0113s, Bin Street ar jumti\u0146u harmoniski iek\u013caujas apk\u0101rtn\u0113, pal\u012bdzot uztur\u0113t k\u0101rt\u012bbu. Pateicoties univers\u0101lajam dizainam, tas labi iederas ar\u012b viesn\u012bcu pagalmos, dz\u012bvojamaj\u0101s apkaim\u0113s, rota\u013cu laukumos un atp\u016btas zon\u0101s, piem\u0113ram, sporta laukumos vai br\u012bv\u0101 laika objektos.<\/p>\n<p>Konstrukcija un apdare<br \/>\nM\u016bsu pied\u0101v\u0101t\u0101 \u0101ra miskaste Wooden ir ar melnu r\u0101mi (RAL 9005) un tum\u0161i br\u016bniem kompoz\u012btmateri\u0101la (WPC) d\u0113l\u012b\u0161iem. To var nostiprin\u0101t pie pamatnes ar bultskr\u016bvi. \u0160eit redzam\u0101 iztur\u012bg\u0101, laika p\u0101rbaudi iztur\u0113jus\u012b Bin Street urban ir izgatavota no augstas kvalit\u0101tes cinkota t\u0113rauda, kas nodro\u0161ina lielisku iztur\u012bbu pret koroziju un meh\u0101niskiem boj\u0101jumiem. Papildu pulverkr\u0101sojums eleganti meln\u0101 kr\u0101s\u0101 (RAL 9005) ne tikai palielina miskastes iztur\u012bbu, bet ar\u012b aizsarg\u0101 to no UV starojuma un skarbajiem laika apst\u0101k\u013ciem, piem\u0113ram, lietus vai sala. T\u0101p\u0113c Bin Street ar jumti\u0146u paliek uzticama pat intens\u012bvas izmanto\u0161anas apst\u0101k\u013cos publiskaj\u0101s viet\u0101s.<\/p>\n<p>Dizains<br \/>\n\u0100ra miskaste Wooden izce\u013cas ar laika gait\u0101 nemain\u012bgu stilu, kas harmoniski apvieno dzi\u013ci melnu cinkotu t\u0113raudu ar durv\u012bm, kas apkl\u0101tas ar koka izskata kompoz\u012btd\u0113l\u012b\u0161iem (WPC). Koka efekts pie\u0161\u0137ir konstrukcijai siltu, dabisku izskatu, kas \u012bpa\u0161i labi saskan ar za\u013caj\u0101m zon\u0101m. Bin Street ar jumti\u0146u ar\u012b lieliski iederas m\u016bsdienu urb\u0101naj\u0101 arhitekt\u016br\u0101. \u0160\u012b apdare uzsver uzman\u012bbu deta\u013c\u0101m un est\u0113tiku, pie\u0161\u0137irot miskastei raksturu, kas piem\u0113rots jebkura veida telpai.<\/p>\n<p>Funkcionalit\u0101te<br \/>\nPraktiski izstr\u0101d\u0101t\u0101 \u0101ra miskaste Wooden Bin Street ar jumti\u0146u pied\u0101v\u0101 vair\u0101kus funkcion\u0101lus risin\u0101jumus. Iek\u0161\u0113jais trauks no cinkota t\u0113rauda ar gludu virsmu \u013cauj \u0101tri un higi\u0113niski iztuk\u0161ot un viegli t\u012br\u012bt. Durvis, kuras aizveras ar atsl\u0113gu, nodro\u0161ina saturu pret nesankcion\u0113tu piek\u013cuvi un uztur k\u0101rt\u012bbu. Jubti\u0146\u0161, integr\u0113ts miskastes konstrukcij\u0101, efekt\u012bvi aizsarg\u0101 atkritumus no nokri\u0161\u0146iem, palielinot t\u0101s lietder\u012bbu jebkuros laika apst\u0101k\u013cos. Visas \u0161\u012bs \u012bpa\u0161\u012bbas padara \u0101ra miskasti Wooden par uzticamu risin\u0101jumu jebkurai publiskai vietai.<\/p>\n<p>Galven\u0101 inform\u0101cija<\/p>\n<p>  Tilpums: 65 litri<br \/>\n  Konstrukcija: cinkots t\u0113rauds, 3,0 mm biezums<br \/>\n  Apdare: pulverkr\u0101sojums meln\u0101 kr\u0101s\u0101 (RAL 9005)<br \/>\n  D\u0113l\u012b\u0161i: kompoz\u012btkoksne (WPC)<br \/>\n  Iek\u0161\u0113jais trauks: cinkots t\u0113rauds<br \/>\n  Dro\u0161\u012bba: durvis aizsl\u0113dzamas ar atsl\u0113gu<br \/>\n  \u012apa\u0161\u012bba: konstrukcija apr\u012bkota ar jumti\u0146u<br \/>\n  Mont\u0101\u017ea: iesp\u0113jams fiks\u0113t pie zemes ar skr\u016bvi<\/p>\n","protected":false},"excerpt":{"rendered":"<p>Bin Street Municipal Bali 65 L ar nojumi \u2014 iztur\u012bgs, pievilc\u012bgs 65 L \u0101ra atkritumu tvertne, ide\u0101li piem\u0113rota pils\u0113tas centriem, parkiem, ietv\u0113m un uz\u0146\u0113mumu teritorij\u0101m.<\/p>\n","protected":false},"featured_media":1842,"comment_status":"open","ping_status":"closed","template":"","meta":[],"product_brand":[],"product_cat":[130,169],"product_tag":[],"class_list":{"0":"post-1490","1":"product","2":"type-product","3":"status-publish","4":"has-post-thumbnail","6":"product_cat-atkritumu-konteineri","7":"product_cat-ielu-un-parku-atkritumu-tvertnes","9":"first","10":"instock","11":"taxable","12":"shipping-taxable","13":"purchasable","14":"product-type-simple"},"_links":{"self":[{"href":"https:\/\/eco-market24.com\/lv\/wp-json\/wp\/v2\/product\/1490","targetHints":{"allow":["GET"]}}],"collection":[{"href":"https:\/\/eco-market24.com\/lv\/wp-json\/wp\/v2\/product"}],"about":[{"href":"https:\/\/eco-market24.com\/lv\/wp-json\/wp\/v2\/types\/product"}],"replies":[{"embeddable":true,"href":"https:\/\/eco-market24.com\/lv\/wp-json\/wp\/v2\/comments?post=1490"}],"wp:featuredmedia":[{"embeddable":true,"href":"https:\/\/eco-market24.com\/lv\/wp-json\/wp\/v2\/media\/1842"}],"wp:attachment":[{"href":"https:\/\/eco-market24.com\/lv\/wp-json\/wp\/v2\/media?parent=1490"}],"wp:term":[{"taxonomy":"product_brand","embeddable":true,"href":"https:\/\/eco-market24.com\/lv\/wp-json\/wp\/v2\/product_brand?post=1490"},{"taxonomy":"product_cat","embeddable":true,"href":"https:\/\/eco-market24.com\/lv\/wp-json\/wp\/v2\/product_cat?post=1490"},{"taxonomy":"product_tag","embeddable":true,"href":"https:\/\/eco-market24.com\/lv\/wp-json\/wp\/v2\/product_tag?post=1490"}],"curies":[{"name":"wp","href":"https:\/\/api.w.org\/{rel}","templated":true}]}}