{"id":1596,"date":"2025-09-29T16:21:02","date_gmt":"2025-09-29T14:21:02","guid":{"rendered":"https:\/\/eco-market24.com\/product\/titana-atkritumu-skirosanas-konteiners-4-x-60-l-nerusejosais-terauds\/"},"modified":"2025-09-29T20:05:15","modified_gmt":"2025-09-29T18:05:15","slug":"titana-atkritumu-skirosanas-konteiners-4-x-60-l-nerusejosais-terauds","status":"publish","type":"product","link":"https:\/\/eco-market24.com\/lv\/products\/titana-atkritumu-skirosanas-konteiners-4-x-60-l-nerusejosais-terauds\/","title":{"rendered":"Tit\u0101na atkritumu \u0161\u0137iro\u0161anas konteiners 4 x 60 l, ner\u016bs\u0113jo\u0161ais t\u0113rauds"},"content":{"rendered":"<p>Izgatavots no ner\u016bs\u0113jo\u0161\u0101 t\u0113rauda<br \/>\nLieto\u0161ana: birojiem, uz\u0146\u0113mumiem, veikaliem un cit\u0101m iek\u0161telp\u0101m. P\u0101rstr\u0101des atkritumu tvertne Titanium 4 \u00d7 60 L no ner\u016bs\u0113jo\u0161\u0101 t\u0113rauda ir lielisks risin\u0101jums uz\u0146\u0113mumiem un viet\u0101m, kas prioritiz\u0113 ekolo\u0123iju un est\u0113tiku. Ide\u0101li piem\u0113rota biroju \u0113k\u0101m, skol\u0101m, tirdzniec\u012bbas centriem, viesn\u012bc\u0101m, lidost\u0101m vai dzelzce\u013ca stacij\u0101m, pal\u012bdzot uztur\u0113t k\u0101rt\u012bbu un veicinot pareizu atkritumu \u0161\u0137iro\u0161anu. T\u0101pat piem\u0113rota st\u0101vlaukumiem, servisa stacij\u0101m vai dz\u012bvojam\u0101m apkaim\u0113m.<\/p>\n<p>Dizains un konstrukcija<\/p>\n<p>  Materi\u0101ls: 0,9 mm biezs ner\u016bs\u0113jo\u0161ais t\u0113rauds ar mat\u0113tu sl\u012bp\u0113tu t\u0113rauda apdari<br \/>\n  Tilpums: 4 \u00d7 60 litri (\u010detri atsevi\u0161\u0137i nodal\u012bjumi)<br \/>\n  Konstrukcija: Br\u012bvi st\u0101vo\u0161a<br \/>\n  Tvertnes: Iek\u0161\u0113jie cinkota t\u0113rauda ielikt\u0146i ar pacie\u0161am\u0101m v\u0101ci\u0146u da\u013c\u0101m \u0113rtai iztuk\u0161o\u0161anai<br \/>\n  Atv\u0113rumi: Lieli iel\u0101des atv\u0113rumi, izstr\u0101d\u0101ti \u0101trai, intuit\u012bvai izme\u0161anai, minimiz\u0113jot nejau\u0161u frakciju sajauk\u0161anos<br \/>\n  Stabilit\u0101te: Gumijas nesl\u012bdo\u0161s apmale uz pamatnes<br \/>\n  Uztur\u0113\u0161ana: Mat\u0113ta sl\u012bp\u0113ta t\u0113rauda virsma ir viegli t\u012br\u0101ma<\/p>\n<p>\u0160\u0137iro\u0161ana un mar\u0137\u0113\u0161ana<br \/>\nBiroja atkritumu \u0161\u0137iro\u0161anas tvertnei ir frakciju mar\u0137\u0113jumi standarta p\u0101rstr\u0101des kr\u0101s\u0101s un iesp\u0113ja individu\u0101li apz\u012bm\u0113t katru nodal\u012bjumu ar iztur\u012bg\u0101m frakciju nosaukumu uzl\u012bm\u0113m. Standarta \u0161\u0137iro\u0161anas kr\u0101sas:<\/p>\n<p>  Zila: Pap\u012brs<br \/>\n  Za\u013ca: Stikls<br \/>\n  Dzeltena: Plastmasa un met\u0101ls<br \/>\n  Melna: Sajauktie atkritumi<\/p>\n<p>Ar skaidriem mar\u0137\u0113jumiem univers\u0101l\u0101s kr\u0101s\u0101s lietot\u0101ji viegli atrod pareizo vietu katra atkritumu veida atme\u0161anai, palielinot selekt\u012bv\u0101s v\u0101k\u0161anas efektivit\u0101ti un atbalstot vides izgl\u012bt\u012bbu publisk\u0101s viet\u0101s.<\/p>\n<p>Galven\u0101 inform\u0101cija<\/p>\n<p>  Tilpums: 4 \u00d7 60 litri<br \/>\n  Konstrukcija: 0,9 mm ner\u016bs\u0113jo\u0161ais t\u0113rauds<br \/>\n  Apdare: mat\u0113ta sl\u012bp\u0113ta t\u0113rauda<br \/>\n  Iek\u0161\u0113jie ielikt\u0146i: cinkots t\u0113rauds<br \/>\n  Kr\u0101sainie frakciju mar\u0137\u0113jumi<br \/>\n  Lieli iel\u0101des atv\u0113rumi un pacie\u0161ami v\u0101ci\u0146i<br \/>\n  Br\u012bvi st\u0101vo\u0161a konstrukcija<br \/>\n  Nesl\u012bdo\u0161a gumijas apmale uz pamatnes<\/p>\n","protected":false},"excerpt":{"rendered":"<p>Titanium 4 x 60 l ner\u016bs\u0113jo\u0161\u0101 t\u0113rauda \u0161\u0137iro\u0161anas atkritumu tvertne \u2014 stil\u012bgs, iztur\u012bgs iek\u0161telpu risin\u0101jums birojiem, uz\u0146\u0113mumiem, veikaliem un cit\u0101m telp\u0101m, kas dod priek\u0161roku ekolo\u0123ijai un est\u0113tikai.<\/p>\n","protected":false},"featured_media":1901,"comment_status":"open","ping_status":"closed","template":"","meta":[],"product_brand":[],"product_cat":[156],"product_tag":[],"class_list":{"0":"post-1596","1":"product","2":"type-product","3":"status-publish","4":"has-post-thumbnail","6":"product_cat-atkritumu-skirosanas-tvertnes","8":"first","9":"instock","10":"taxable","11":"shipping-taxable","12":"purchasable","13":"product-type-simple"},"_links":{"self":[{"href":"https:\/\/eco-market24.com\/lv\/wp-json\/wp\/v2\/product\/1596","targetHints":{"allow":["GET"]}}],"collection":[{"href":"https:\/\/eco-market24.com\/lv\/wp-json\/wp\/v2\/product"}],"about":[{"href":"https:\/\/eco-market24.com\/lv\/wp-json\/wp\/v2\/types\/product"}],"replies":[{"embeddable":true,"href":"https:\/\/eco-market24.com\/lv\/wp-json\/wp\/v2\/comments?post=1596"}],"wp:featuredmedia":[{"embeddable":true,"href":"https:\/\/eco-market24.com\/lv\/wp-json\/wp\/v2\/media\/1901"}],"wp:attachment":[{"href":"https:\/\/eco-market24.com\/lv\/wp-json\/wp\/v2\/media?parent=1596"}],"wp:term":[{"taxonomy":"product_brand","embeddable":true,"href":"https:\/\/eco-market24.com\/lv\/wp-json\/wp\/v2\/product_brand?post=1596"},{"taxonomy":"product_cat","embeddable":true,"href":"https:\/\/eco-market24.com\/lv\/wp-json\/wp\/v2\/product_cat?post=1596"},{"taxonomy":"product_tag","embeddable":true,"href":"https:\/\/eco-market24.com\/lv\/wp-json\/wp\/v2\/product_tag?post=1596"}],"curies":[{"name":"wp","href":"https:\/\/api.w.org\/{rel}","templated":true}]}}