{"id":1605,"date":"2025-09-29T16:21:05","date_gmt":"2025-09-29T14:21:05","guid":{"rendered":"https:\/\/eco-market24.com\/product\/bin-street-nerusejosa-terauda-metropolitan-50-l\/"},"modified":"2025-09-29T20:02:45","modified_gmt":"2025-09-29T18:02:45","slug":"bin-street-nerusejosa-terauda-metropolitan-50-l","status":"publish","type":"product","link":"https:\/\/eco-market24.com\/lv\/products\/bin-street-nerusejosa-terauda-metropolitan-50-l\/","title":{"rendered":"Bin Street ner\u016bs\u0113jo\u0161\u0101 t\u0113rauda Metropolitan 50 l"},"content":{"rendered":"<p>Ner\u016bs\u0113jo\u0161\u0101 t\u0113rauda atkritumu urna \u2014 pils\u0113t\u0101m, pa\u0161vald\u012bb\u0101m, za\u013caj\u0101m zon\u0101m<br \/>\nMetropolitan 50 L ner\u016bs\u0113jo\u0161\u0101 t\u0113rauda ielu atkritumu tvertne ir \u0101rk\u0101rt\u012bgi funkcion\u0101ls un est\u0113tisks risin\u0101jums \u0101rtelp\u0101m. Ar ieb\u016bv\u0113tu pelnu trauku t\u0101 ir ide\u0101li piem\u0113rota intens\u012bvas g\u0101j\u0113ju pl\u016bsmas viet\u0101m, piem\u0113ram, trotu\u0101riem, pils\u0113tas laukumiem, pieturviet\u0101m un iepirk\u0161an\u0101s centru tuvum\u0101. T\u0101 harmoniski iederas ar\u012b atp\u016btas zon\u0101s \u2014 parkos, d\u0101rzos, laukumos un pastaigu tak\u0101s, k\u0101 ar\u012b ir piem\u0113rota dz\u012bvojamo namu teritorij\u0101m, viesn\u012bcu pagalmiem, sporta objektiem un degvielas uzpildes stacij\u0101m.<\/p>\n<p>Konstrukcija un materi\u0101li<br \/>\n\u0160ai tvertnei ir ner\u016bs\u0113jo\u0161\u0101 t\u0113rauda kr\u0101sas konstrukcija ar dekorat\u012bv\u0101m WPC (kompoz\u012btmalkas) lat\u0101m. Izmantotie materi\u0101li:<\/p>\n<p>&#8211; Ner\u016bs\u0113jo\u0161ais t\u0113rauds \u2014 \u013coti iztur\u012bgs, korozijiztur\u012bgs un iztur\u012bgs pret meh\u0101niskiem boj\u0101jumiem, piem\u0113rots \u0101rtelp\u0101m.<br \/>\n&#8211; WPC (kompoz\u012btmalkas) latas \u2014 koksnes izskats apvienojum\u0101 ar mitruma, pel\u0113juma un temperat\u016bras sv\u0101rst\u012bbu iztur\u012bbu.<\/p>\n<p>Est\u0113tika un iztur\u012bba<br \/>\nNer\u016bs\u0113jo\u0161\u0101 t\u0113rauda un WPC latojuma kombin\u0101cija apvieno m\u016bsdienu minimalismu ar dabisko materi\u0101lu siltumu. Elegants met\u0101lisks apdare un koka imit\u0101cijas akcenti pie\u0161\u0137ir presti\u017eu raksturu, saglab\u0101jot est\u0113tisk\u0101s un funkcion\u0101l\u0101s \u012bpa\u0161\u012bbas gadiem ilgi.<\/p>\n<p>Izstr\u0101d\u0101ta \u0113rtai lieto\u0161anai<\/p>\n<p>&#8211; Cinkota t\u0113rauda iek\u0161\u0113jais ieliktnis ar gludu virsmu \u2014 viegli t\u012br\u0101ms un iztur\u012bgs pret net\u012brumiem.<br \/>\n&#8211; Praktiskas rokturi \u2014 \u0101trai iztuk\u0161o\u0161anai un \u0113rtai apstr\u0101dei.<br \/>\n&#8211; Ieb\u016bv\u0113ts t\u0113rauda pelnu trauks v\u0101ci\u0146\u0101 \u2014 dro\u0161a cigare\u0161u nodz\u0113\u0161ana, lai samazin\u0101tu atkritumu izkais\u012b\u0161anu.<br \/>\n&#8211; Paket\u0113tas durvis \u2014 nodro\u0161ina vieglu pieeju ieliktnim; cieta konstrukcija garant\u0113 dro\u0161\u012bbu un iztur\u012bbu publisk\u0101s viet\u0101s.<\/p>\n<p>Galven\u0101 inform\u0101cija<\/p>\n<p>&#8211; Tilpums: 50 litri<br \/>\n&#8211; Konstrukcija: 1 mm bieza ner\u016bs\u0113jo\u0161\u0101 t\u0113rauda<br \/>\n&#8211; Latas: WPC kompoz\u012btmalkas<br \/>\n&#8211; Iek\u0161\u0113jais ieliktnis: cinkots t\u0113rauds<br \/>\n&#8211; Piek\u013cuve: paket\u0113tas durvis<br \/>\n&#8211; Papildus: pelnu trauks<\/p>\n","protected":false},"excerpt":{"rendered":"<p>Ner\u016bs\u0113jo\u0161\u0101 t\u0113rauda atkritumu tvertne \u2014 ide\u0101li piem\u0113rota pils\u0113t\u0101m, pa\u0161vald\u012bb\u0101m un za\u013caj\u0101m zon\u0101m. Bin Street Metropolitan 50 L apvieno izcilu funkcionalit\u0101ti un est\u0113tiku, nodro\u0161inot iztur\u012bgu, augstas veiktsp\u0113jas atkritumu apsaimnieko\u0161anu da\u017e\u0101d\u0101m \u0101rtelp\u0101m.<\/p>\n","protected":false},"featured_media":1907,"comment_status":"open","ping_status":"closed","template":"","meta":[],"product_brand":[],"product_cat":[169],"product_tag":[],"class_list":{"0":"post-1605","1":"product","2":"type-product","3":"status-publish","4":"has-post-thumbnail","6":"product_cat-ielu-un-parku-atkritumu-tvertnes","8":"first","9":"instock","10":"taxable","11":"shipping-taxable","12":"purchasable","13":"product-type-simple"},"_links":{"self":[{"href":"https:\/\/eco-market24.com\/lv\/wp-json\/wp\/v2\/product\/1605","targetHints":{"allow":["GET"]}}],"collection":[{"href":"https:\/\/eco-market24.com\/lv\/wp-json\/wp\/v2\/product"}],"about":[{"href":"https:\/\/eco-market24.com\/lv\/wp-json\/wp\/v2\/types\/product"}],"replies":[{"embeddable":true,"href":"https:\/\/eco-market24.com\/lv\/wp-json\/wp\/v2\/comments?post=1605"}],"wp:featuredmedia":[{"embeddable":true,"href":"https:\/\/eco-market24.com\/lv\/wp-json\/wp\/v2\/media\/1907"}],"wp:attachment":[{"href":"https:\/\/eco-market24.com\/lv\/wp-json\/wp\/v2\/media?parent=1605"}],"wp:term":[{"taxonomy":"product_brand","embeddable":true,"href":"https:\/\/eco-market24.com\/lv\/wp-json\/wp\/v2\/product_brand?post=1605"},{"taxonomy":"product_cat","embeddable":true,"href":"https:\/\/eco-market24.com\/lv\/wp-json\/wp\/v2\/product_cat?post=1605"},{"taxonomy":"product_tag","embeddable":true,"href":"https:\/\/eco-market24.com\/lv\/wp-json\/wp\/v2\/product_tag?post=1605"}],"curies":[{"name":"wp","href":"https:\/\/api.w.org\/{rel}","templated":true}]}}