{"id":1612,"date":"2025-09-29T16:22:44","date_gmt":"2025-09-29T14:22:44","guid":{"rendered":"https:\/\/eco-market24.com\/product\/garazas-siena-montejams-velosipedu-plaukts-prag\/"},"modified":"2025-09-29T20:02:43","modified_gmt":"2025-09-29T18:02:43","slug":"garazas-siena-montejams-velosipedu-plaukts-prag","status":"publish","type":"product","link":"https:\/\/eco-market24.com\/lv\/products\/garazas-siena-montejams-velosipedu-plaukts-prag\/","title":{"rendered":"Gar\u0101\u017eas sien\u0101 mont\u0113jams velosip\u0113du plaukts Prag"},"content":{"rendered":"<p>PRAG Gar\u0101\u017eas velosip\u0113da tur\u0113t\u0101js (sienai)<\/p>\n<p>Univers\u0101ls velosip\u0113da tur\u0113t\u0101js sienai \u2014 PRAG ir stabils un funkcion\u0101ls risin\u0101jums, lai \u0113rt\u0101 un dro\u0161\u0101 veid\u0101 glab\u0101tu velosip\u0113du gar\u0101\u017e\u0101, pagrab\u0101, noliktav\u0101 vai tehniskaj\u0101 telp\u0101. Izgatavots no liektas karsti cinkotas t\u0113rauda caurules, tas nodro\u0161ina augstu iztur\u012bbu pret koroziju un boj\u0101jumiem un saglab\u0101 savas \u012bpa\u0161\u012bbas daudzus gadus, pat viet\u0101s ar paaugstin\u0101tu mitrumu.<\/p>\n<p>Galven\u0101s specifik\u0101cijas<\/p>\n<p>  Stiprin\u0101jumu skaits: 1<br \/>\n  Tips: Sienas stiprin\u0101ms<br \/>\n  Materi\u0101ls: Liekt\u0101 karsti cinkot\u0101 t\u0113rauda caurule (\u00f8 12 mm)<br \/>\n  Augstums:<\/p>\n<p>      Sien\u0101 uzst\u0101d\u012bts: 35 cm<br \/>\n      Iegremd\u0113ts beton\u0101: 73 cm<br \/>\n      Piebult\u0113ts gr\u012bd\u0101: 53 cm<\/p>\n<p>  Platums: 22 cm<br \/>\n  Svars:<\/p>\n<p>      Sienas versija: 2 kg<br \/>\n      Beton\u0101 versija: 3.5 kg<br \/>\n      Piebult\u0113t\u0101 gr\u012bd\u0101 versija: 3.2 kg<\/p>\n<p>  Uzst\u0101d\u012b\u0161anas iesp\u0113jas: Sien\u0101 45\u00b0 le\u0146\u0137\u012b, sien\u0101 90\u00b0 le\u0146\u0137\u012b, iebeton\u0113jams, piebult\u0113jams gr\u012bd\u0101<\/p>\n<p>4 stiprin\u0101\u0161anas metodes \u2014 piel\u0101gojiet telpai<\/p>\n<p>  Iebeton\u0113jams: Past\u0101v\u012bgi nostipriniet tur\u0113t\u0101ju betona pamatn\u0113 maksim\u0101lai stabilit\u0101tei un dro\u0161\u012bbai \u2014 ide\u0101li pazemes gar\u0101\u017e\u0101m un st\u0101vviet\u0101m.<br \/>\n  Piebult\u0113jams gr\u012bd\u0101: Piem\u0113rots priv\u0101t\u0101m gar\u0101\u017e\u0101m un noliktav\u0101m; \u0101tra uzst\u0101d\u012b\u0161ana ar dro\u0161u velosip\u0113da atbalstu.<br \/>\n  Sienas stiprin\u0101\u0161ana 45\u00b0: Taupa vietu un \u013cauj izvietot velosip\u0113dus rind\u0101 \u2014 praktiski \u0161aur\u0101m telp\u0101m.<br \/>\n  Sienas stiprin\u0101\u0161ana 90\u00b0: Iesp\u0113jams vertik\u0101ls velosip\u0113da glab\u0101\u0161anas veids \u2014 lieliski neliel\u0101m gar\u0101\u017e\u0101m un pagrabiem, kur svar\u012bgi maksim\u0101li izmantot vietu.<\/p>\n<p>K\u0101p\u0113c izv\u0113l\u0113ties PRAG?<\/p>\n<p>  Daudzveid\u012bgas stiprin\u0101\u0161anas iesp\u0113jas: \u010detras uzst\u0101d\u012b\u0161anas metodes da\u017e\u0101d\u0101m telp\u0101m<br \/>\n  Iztur\u012bba: cinkots t\u0113rauds aizsarg\u0101 pret koroziju un boj\u0101jumiem<br \/>\n  Vietas taup\u012b\u0161ana: sienas stiprin\u0101jumi 45\u00b0 vai 90\u00b0<br \/>\n  Stabilit\u0101te: dro\u0161s velosip\u0113da atbalsts neatkar\u012bgi no uzst\u0101d\u012b\u0161anas veida<br \/>\n  Univers\u0101la izmanto\u0161ana: piem\u0113rots gar\u0101\u017e\u0101m, pagrabiem, noliktav\u0101m un tehniskaj\u0101m telp\u0101m<\/p>\n<p>PRAG gar\u0101\u017eas velosip\u0113da tur\u0113t\u0101js ir praktisks un iztur\u012bgs risin\u0101jums, kas apvieno lieto\u0161anas \u0113rtumu ar lielu uzst\u0101d\u012b\u0161anas elast\u012bbu, nodro\u0161inot dro\u0161u un \u0113rtu velosip\u0113du glab\u0101\u0161anu.<\/p>\n","protected":false},"excerpt":{"rendered":"<p>Vienas poz\u012bcijas sienas stiprin\u0101ms stat\u012bvs no loc\u012btas karsti cinkotas t\u0113rauda caurules (\u00d812 mm). Izm\u0113ri: augstums 35 cm (pie sienas) \/ 73 cm (beton\u0101) \/ 53 cm (piekr\u016bv\u0113ts pie pamatnes); platums 22 cm. Svars: sienas versija 2 kg.<\/p>\n","protected":false},"featured_media":1912,"comment_status":"open","ping_status":"closed","template":"","meta":[],"product_brand":[],"product_cat":[163],"product_tag":[],"class_list":{"0":"post-1612","1":"product","2":"type-product","3":"status-publish","4":"has-post-thumbnail","6":"product_cat-velosipedu-novietnes","8":"first","9":"instock","10":"taxable","11":"shipping-taxable","12":"purchasable","13":"product-type-simple"},"_links":{"self":[{"href":"https:\/\/eco-market24.com\/lv\/wp-json\/wp\/v2\/product\/1612","targetHints":{"allow":["GET"]}}],"collection":[{"href":"https:\/\/eco-market24.com\/lv\/wp-json\/wp\/v2\/product"}],"about":[{"href":"https:\/\/eco-market24.com\/lv\/wp-json\/wp\/v2\/types\/product"}],"replies":[{"embeddable":true,"href":"https:\/\/eco-market24.com\/lv\/wp-json\/wp\/v2\/comments?post=1612"}],"wp:featuredmedia":[{"embeddable":true,"href":"https:\/\/eco-market24.com\/lv\/wp-json\/wp\/v2\/media\/1912"}],"wp:attachment":[{"href":"https:\/\/eco-market24.com\/lv\/wp-json\/wp\/v2\/media?parent=1612"}],"wp:term":[{"taxonomy":"product_brand","embeddable":true,"href":"https:\/\/eco-market24.com\/lv\/wp-json\/wp\/v2\/product_brand?post=1612"},{"taxonomy":"product_cat","embeddable":true,"href":"https:\/\/eco-market24.com\/lv\/wp-json\/wp\/v2\/product_cat?post=1612"},{"taxonomy":"product_tag","embeddable":true,"href":"https:\/\/eco-market24.com\/lv\/wp-json\/wp\/v2\/product_tag?post=1612"}],"curies":[{"name":"wp","href":"https:\/\/api.w.org\/{rel}","templated":true}]}}