{"id":1622,"date":"2025-09-29T16:20:57","date_gmt":"2025-09-29T14:20:57","guid":{"rendered":"https:\/\/eco-market24.com\/product\/atkritumu-urna-ar-pelnu-trauku-strasburg-70-l\/"},"modified":"2025-09-29T20:05:21","modified_gmt":"2025-09-29T18:05:21","slug":"atkritumu-urna-ar-pelnu-trauku-strasburg-70-l","status":"publish","type":"product","link":"https:\/\/eco-market24.com\/lv\/products\/atkritumu-urna-ar-pelnu-trauku-strasburg-70-l\/","title":{"rendered":"Atkritumu urna ar pelnu trauku Strasburg 70 l"},"content":{"rendered":"<p>Minimalistisks koka parka atkritumu pods \u2014 ide\u0101ls pils\u0113tai un za\u013caj\u0101m teritorij\u0101m<\/p>\n<p>Strasburg 70 L atkritumu tvertne ar pelnu trauku apvieno minim\u0101listisku dizainu un neap\u0161aub\u0101mu funkcionalit\u0101ti. T\u0101s laikmet\u012bg\u0101 est\u0113tika un praktiskie risin\u0101jumi padara to par lab\u0101ko izv\u0113li pils\u0113tvid\u0113. \u0160o pils\u0113tas atkritumu tvertni veiksm\u012bgi var izmantot lielos st\u0101vlaukumos un pie veikalu ieej\u0101m, k\u0101 ar\u012b pie autobusu un tramvaju pietur\u0101m. Street atkritumu tvertne ir lieliska izv\u0113le g\u0101j\u0113ju un transporta mar\u0161rutos sabiedrisk\u0101s viet\u0101s, uz ietv\u0113m, promen\u0101d\u0113m, nelieliem laukumiem, parkiem un piepils\u0113tas me\u017eos.<\/p>\n<p>Galven\u0101s \u012bpa\u0161\u012bbas<\/p>\n<p>  Tilpums: 70 litri<br \/>\n  Kr\u0101sa: graf\u012bta (RAL 7016)<br \/>\n  Konstrukcija: 1,2 mm pulverkr\u0101sots galvaniz\u0113ts t\u0113rauds<br \/>\n  Iek\u0161\u0113jais konteineris: galvaniz\u0113ts t\u0113rauds, atvieglo iztuk\u0161o\u0161anu un apkopi<br \/>\n  V\u0101ks: aizsl\u0113dzams ar atsl\u0113gu (piek\u013cuve ierobe\u017eota pilnvarot\u0101m person\u0101m)<br \/>\n  Pelnu trauks: integr\u0113ts t\u0113rauda pelnu trauks, nov\u0113r\u0161 izkais\u012btas cigare\u0161u nogales<br \/>\n  Piestiprin\u0101\u0161ana: iesp\u0113ja nostiprin\u0101t pie zemes ar skr\u016bv\u0113m maksim\u0101lai stabilit\u0101tei<br \/>\n  Sertifik\u0101ti: ISO, BV, TUV<\/p>\n<p>Iztur\u012bba un dizains<br \/>\nStreet atkritumu tvertne izgatavota no augstas kvalit\u0101tes materi\u0101liem, kas nodro\u0161ina meh\u0101nisko iztur\u012bbu un notur\u012bbu pret \u0101r\u0113jiem faktoriem. T\u0101 nedeform\u0113jas no UV starojuma, lietus, sniega vai ekstrem\u0101l\u0101m temperat\u016br\u0101m, kas padara to piem\u0113rotu \u0101ra izmanto\u0161anai un viet\u0101m, kas pak\u013cautas nejau\u0161iem boj\u0101jumiem. Glud\u0101s iek\u0161\u0113j\u0101s un \u0101r\u0113j\u0101s virsmas nodro\u0161ina vieglu t\u012br\u012b\u0161anu, savuk\u0101rt nelielais graf\u012bta tonis \u013cauj tvertnei sapl\u016bst ar apk\u0101rtni, nepasliktinot vietas izskatu.<\/p>\n<p>Pielietojums<br \/>\nPiem\u0113rota pils\u0113tas un za\u013caj\u0101m teritorij\u0101m, tostarp iel\u0101m, st\u0101vlaukumiem, veikalu apk\u0101rtnei, autobusu un tramvaju pietur\u0101m, ietv\u0113m, promen\u0101d\u0113m, nelieliem laukumiem, parkiem un piepils\u0113tas me\u017eiem.<\/p>\n","protected":false},"excerpt":{"rendered":"<p>Minim\u0101listisks koka parka atkritumu tvertne, ide\u0101li piem\u0113rota pils\u0113tai un za\u013caj\u0101m zon\u0101m. Strasburgas 70 l atkritumu tvertne ar pelnu trauku apvieno m\u016b\u017e\u012bgu est\u0113tiku ar uzticamu funkcionalit\u0101ti, padarot to par ide\u0101lu izv\u0113li urb\u0101n\u0101m viet\u0101m.<\/p>\n","protected":false},"featured_media":1913,"comment_status":"open","ping_status":"closed","template":"","meta":[],"product_brand":[],"product_cat":[169],"product_tag":[],"class_list":{"0":"post-1622","1":"product","2":"type-product","3":"status-publish","4":"has-post-thumbnail","6":"product_cat-ielu-un-parku-atkritumu-tvertnes","8":"first","9":"instock","10":"taxable","11":"shipping-taxable","12":"purchasable","13":"product-type-simple"},"_links":{"self":[{"href":"https:\/\/eco-market24.com\/lv\/wp-json\/wp\/v2\/product\/1622","targetHints":{"allow":["GET"]}}],"collection":[{"href":"https:\/\/eco-market24.com\/lv\/wp-json\/wp\/v2\/product"}],"about":[{"href":"https:\/\/eco-market24.com\/lv\/wp-json\/wp\/v2\/types\/product"}],"replies":[{"embeddable":true,"href":"https:\/\/eco-market24.com\/lv\/wp-json\/wp\/v2\/comments?post=1622"}],"wp:featuredmedia":[{"embeddable":true,"href":"https:\/\/eco-market24.com\/lv\/wp-json\/wp\/v2\/media\/1913"}],"wp:attachment":[{"href":"https:\/\/eco-market24.com\/lv\/wp-json\/wp\/v2\/media?parent=1622"}],"wp:term":[{"taxonomy":"product_brand","embeddable":true,"href":"https:\/\/eco-market24.com\/lv\/wp-json\/wp\/v2\/product_brand?post=1622"},{"taxonomy":"product_cat","embeddable":true,"href":"https:\/\/eco-market24.com\/lv\/wp-json\/wp\/v2\/product_cat?post=1622"},{"taxonomy":"product_tag","embeddable":true,"href":"https:\/\/eco-market24.com\/lv\/wp-json\/wp\/v2\/product_tag?post=1622"}],"curies":[{"name":"wp","href":"https:\/\/api.w.org\/{rel}","templated":true}]}}