{"id":1625,"date":"2025-09-29T16:21:09","date_gmt":"2025-09-29T14:21:09","guid":{"rendered":"https:\/\/eco-market24.com\/product\/eco-modular-modularais-skirosanas-konteiners-5-x-40-l-balts\/"},"modified":"2025-09-29T20:02:34","modified_gmt":"2025-09-29T18:02:34","slug":"eco-modular-modularais-skirosanas-konteiners-5-x-40-l-balts","status":"publish","type":"product","link":"https:\/\/eco-market24.com\/lv\/products\/eco-modular-modularais-skirosanas-konteiners-5-x-40-l-balts\/","title":{"rendered":"Eco Modular modul\u0101rais \u0161\u0137iro\u0161anas konteiners 5 x 40 l balts"},"content":{"rendered":"<p>5 atkritumu \u0161\u0137iro\u0161anas konteineru komplekts \u2014 Eco modu\u013cu p\u0101rstr\u0101des konteiners 5 \u00d7 40 L (balts)<\/p>\n<p>Ide\u0101li piem\u0113rots: tirdzniec\u012bbas centriem, stacij\u0101m, lidost\u0101m, birojiem, slimn\u012bc\u0101m, skol\u0101m, degvielas uzpildes stacij\u0101m un cit\u0101m lielas cilv\u0113ku pl\u016bsmas publisk\u0101m viet\u0101m.<\/p>\n<p>Apraksts<br \/>\nEco modu\u013cu p\u0101rstr\u0101des konteineru komplekts (5 \u00d7 40 L) veicina proekolo\u0123isku uzved\u012bbu publiskaj\u0101s viet\u0101s. Izgatavots no 0,8 mm birst\u0113ta cinkota t\u0113rauda ar pulvera p\u0101rkl\u0101jumu mat\u0113t\u0101 apdar\u0113; br\u012bvi st\u0101vo\u0161ie modu\u013ci ir piem\u0113roti lieto\u0161anai iek\u0161pus\u0113 un \u0101rpus\u0113 un paredz\u0113ti intens\u012bvai lieto\u0161anai un meh\u0101niskiem boj\u0101jumiem. Birst\u0113t\u0101 virsma uzlabo iztur\u012bbu pret nelieliem skr\u0101p\u0113jumiem.<\/p>\n<p>Dizains un iztur\u012bba<br \/>\nMateri\u0101ls: 0,8 mm birst\u0113ts cinkots t\u0113rauds, pulverkr\u0101sots<br \/>\nApdare: vienm\u0113r\u012bgi mat\u0113ta balta<br \/>\nKonstrukcija: br\u012bvi st\u0101vo\u0161a, modul\u0101ra<br \/>\nIztur\u012bba: iztur\u012bgs pret ieliekumiem, deform\u0101cij\u0101m un ikdienas intens\u012bvu lieto\u0161anu<\/p>\n<p>Praktiskas \u012bpa\u0161\u012bbas<br \/>\nTilpums: 5 \u00d7 40 litri<br \/>\nIek\u0161\u0113jie iek\u0101rtojumi: cinkoti t\u0113rauda iek\u0161\u0113ji konteineri ar maisu tur\u0113t\u0101jiem (paliek viet\u0101, kad pilni)<br \/>\nV\u0101ki: no\u0146emami aug\u0161\u0113jie v\u0101ki katram nodal\u012bjumam \u2014 pacelt un iztuk\u0161ot<br \/>\nUztur\u0113\u0161ana: gludas iek\u0161puses vieglai t\u012br\u012b\u0161anai<\/p>\n<p>\u0160\u0137iro\u0161ana un mar\u0137\u0113\u0161ana<br \/>\nKomplekts ietver piecus nodal\u012bjumus selekt\u012bvai atkritumu v\u0101k\u0161anai. Pievienota pa\u0161l\u012bm\u0113jo\u0161u uzl\u012bmju komplekts frakciju mar\u0137\u0113\u0161anai. Standarta kr\u0101su iesp\u0113jas mar\u0137\u0113\u0161anai:<br \/>\nMelna \u2014 jauktie atkritumi<br \/>\nDzeltens \u2014 plastmasa un met\u0101li<br \/>\nZils \u2014 pap\u012brs<br \/>\nBr\u016bns \u2014 organiskie atkritumi<br \/>\nZa\u013c\u0161 \u2014 stikls<\/p>\n<p>Galven\u0101 inform\u0101cija<br \/>\nTilpums: 5 \u00d7 40 L<br \/>\nMateri\u0101ls: 0,8 mm birst\u0113ts cinkots t\u0113rauds<br \/>\nApdare: pulverkr\u0101sots mat\u0113ts balts<br \/>\nIek\u0161\u0113jie cinkoti t\u0113rauda konteineri ar maisu tur\u0113t\u0101jiem<br \/>\nNo\u0146emami aug\u0161\u0113jie v\u0101ki<br \/>\nBr\u012bvi st\u0101vo\u0161a modul\u0101ra konstrukcija<br \/>\nIetver uzl\u012bmes pa\u0161uzl\u012bm\u0113\u0161anai<\/p>\n","protected":false},"excerpt":{"rendered":"<p>Komplekts ar 5 modul\u0101riem 40 l atkritumu \u0161\u0137iro\u0161anas konteineriem \u2014 ide\u0101li piem\u0113rots iepirk\u0161an\u0101s centriem, dzelzce\u013ca stacij\u0101m un lidost\u0101m. Balta Eco Modular sist\u0113ma veicina pareizu videi draudz\u012bgu uzved\u012bbu publiskaj\u0101s viet\u0101s.<\/p>\n","protected":false},"featured_media":1915,"comment_status":"open","ping_status":"closed","template":"","meta":[],"product_brand":[],"product_cat":[70],"product_tag":[],"class_list":{"0":"post-1625","1":"product","2":"type-product","3":"status-publish","4":"has-post-thumbnail","6":"product_cat-waste-containers","8":"first","9":"instock","10":"taxable","11":"shipping-taxable","12":"purchasable","13":"product-type-simple"},"_links":{"self":[{"href":"https:\/\/eco-market24.com\/lv\/wp-json\/wp\/v2\/product\/1625","targetHints":{"allow":["GET"]}}],"collection":[{"href":"https:\/\/eco-market24.com\/lv\/wp-json\/wp\/v2\/product"}],"about":[{"href":"https:\/\/eco-market24.com\/lv\/wp-json\/wp\/v2\/types\/product"}],"replies":[{"embeddable":true,"href":"https:\/\/eco-market24.com\/lv\/wp-json\/wp\/v2\/comments?post=1625"}],"wp:featuredmedia":[{"embeddable":true,"href":"https:\/\/eco-market24.com\/lv\/wp-json\/wp\/v2\/media\/1915"}],"wp:attachment":[{"href":"https:\/\/eco-market24.com\/lv\/wp-json\/wp\/v2\/media?parent=1625"}],"wp:term":[{"taxonomy":"product_brand","embeddable":true,"href":"https:\/\/eco-market24.com\/lv\/wp-json\/wp\/v2\/product_brand?post=1625"},{"taxonomy":"product_cat","embeddable":true,"href":"https:\/\/eco-market24.com\/lv\/wp-json\/wp\/v2\/product_cat?post=1625"},{"taxonomy":"product_tag","embeddable":true,"href":"https:\/\/eco-market24.com\/lv\/wp-json\/wp\/v2\/product_tag?post=1625"}],"curies":[{"name":"wp","href":"https:\/\/api.w.org\/{rel}","templated":true}]}}