{"id":1650,"date":"2025-09-29T16:21:06","date_gmt":"2025-09-29T14:21:06","guid":{"rendered":"https:\/\/eco-market24.com\/product\/atkritumu-skirosanas-tvertne-metropolitan-4-x-50-l-nerusejosa-terauda\/"},"modified":"2025-09-29T20:02:43","modified_gmt":"2025-09-29T18:02:43","slug":"atkritumu-skirosanas-tvertne-metropolitan-4-x-50-l-nerusejosa-terauda","status":"publish","type":"product","link":"https:\/\/eco-market24.com\/lv\/products\/atkritumu-skirosanas-tvertne-metropolitan-4-x-50-l-nerusejosa-terauda\/","title":{"rendered":"Atkritumu \u0161\u0137iro\u0161anas tvertne Metropolitan 4 x 50 l, ner\u016bs\u0113jo\u0161\u0101 t\u0113rauda"},"content":{"rendered":"<p>Ner\u016bs\u0113jo\u0161\u0101 t\u0113rauda p\u0101rstr\u0101des atkritumu tvertne Metropolitan 4 \u00d7 50 L<\/p>\n<p>P\u0101rskats<br \/>\nNer\u016bs\u0113jo\u0161\u0101 t\u0113rauda atkritumu tvertne pils\u0113tu, za\u013co zonu, viesn\u012bcu un pakalpojumu telpu izmanto\u0161anai. Metropolitan 4 \u00d7 50 L ir funkcion\u0101ls risin\u0101jums, kas paredz\u0113ts atkritumu \u0161\u0137iro\u0161anas veicin\u0101\u0161anai publiskaj\u0101s telp\u0101s. T\u0101s est\u0113tisk\u0101 ner\u016bs\u0113jo\u0161\u0101 konstrukcija ir ide\u0101li piem\u0113rota ietv\u0113m, laukumiem, sabiedrisk\u0101 transporta pieturviet\u0101m, tirdzniec\u012bbas centriem un biroju \u0113k\u0101m. Parkos, laukumos, net\u0101lu no rota\u013cu laukumiem vai pastaigu celi\u0146iem t\u0101 harmoniski iek\u013caujas ainav\u0101, atbalsta vides aizsardz\u012bbu un veicina t\u012br\u012bbu. T\u0101pat labi piem\u0113rota viesn\u012bc\u0101m, restor\u0101niem, dz\u012bvojamo ansamb\u013cu un atp\u016btas zonu apr\u012bko\u0161anai, kur svar\u012bga ir funkcionalit\u0101te un m\u016bsdien\u012bgs dizains.<\/p>\n<p>Dizains un apdare<br \/>\nPieejama ner\u016bs\u0113jo\u0161\u0101 t\u0113rauda apdar\u0113 ar tum\u0161i br\u016bn\u0101m d\u0113\u013ciem no WPC kompoz\u012btkoka. Ier\u012bcei ir ieb\u016bv\u0113ts praktisks pelnu trauks. Met\u0101liski ner\u016bs\u0113jo\u0161\u0101 t\u0113rauda un siltajiem koka l\u012bdz\u012bgajiem d\u0113\u013ciem rad\u012bt\u0101 kombin\u0101cija veido elegantu, m\u016bsdien\u012bgu izskatu, kas iederas gan urb\u0101n\u0101, gan za\u013caj\u0101 vid\u0113.<\/p>\n<p>Iztur\u012bba un materi\u0101li<br \/>\nKorpuss izgatavots no augstas kvalit\u0101tes 1 mm biezas ner\u016bs\u0113jo\u0161\u0101 t\u0113rauda loksnes, nodro\u0161inot izcilu iztur\u012bbu pret koroziju, meh\u0101niskiem boj\u0101jumiem un nelabv\u0113l\u012bgiem laika apst\u0101k\u013ciem. Cinkotas t\u0113rauda iek\u0161\u0113j\u0101s ielikt\u0146i palielina iztur\u012bbu pret mitrumu un net\u012brumiem, nodro\u0161inot higi\u0113nisku un \u0113rtu lieto\u0161anu intens\u012bvi izmantot\u0101s publiskaj\u0101s viet\u0101s.<\/p>\n<p>Funkcionalit\u0101te<\/p>\n<p>  4 atsevi\u0161\u0137as nodal\u012bjumu vietas, katra 50 l, \u0113rtai atkritumu \u0161\u0137iro\u0161anai<br \/>\n  Cinkoti t\u0113rauda iek\u0161\u0113jie ielikt\u0146i, ko viegli t\u012br\u012bt un iz\u0146emt<br \/>\n  Noliecamas durti\u0146as \u0101trai piek\u013cuvei katram nodal\u012bjumam<br \/>\n  Integr\u0113ts pelnu trauks, lai uztur\u0113tu t\u012br\u012bbu lielas satiksmes viet\u0101s<\/p>\n<p>\u0160\u0137iro\u0161anas mar\u0137\u0113jums<br \/>\nLai atvieglotu selekt\u012bvo atkritumu sav\u0101k\u0161anu, tvertni var mar\u0137\u0113t ar uzl\u012bm\u0113m: jauktie atkritumi, plastmasa un met\u0101li, pap\u012brs un stikls.<\/p>\n<p>Galven\u0101 inform\u0101cija<\/p>\n<p>  Tilpums: 4 \u00d7 50 l<br \/>\n  Konstrukcija: 1 mm ner\u016bs\u0113jo\u0161ais t\u0113rauds<br \/>\n  D\u0113\u013ci: WPC kompoz\u012btkoksne (tum\u0161i br\u016bna)<br \/>\n  Ielikt\u0146i: cinkots t\u0113rauds<br \/>\n  Piek\u013cuve: noliecamas durti\u0146as<br \/>\n  Papildus: integr\u0113ts pelnu trauks<\/p>\n","protected":false},"excerpt":{"rendered":"<p>Metropolitan 4\u00d750 L ner\u016bs\u0113jo\u0161\u0101 t\u0113rauda atkritumu \u0161\u0137iro\u0161anas konteiners \u2014 iztur\u012bgs, stil\u012bgs risin\u0101jums pils\u0113t\u0101m, za\u013caj\u0101m zon\u0101m, viesn\u012bc\u0101m un pakalpojumu telp\u0101m, lai veicin\u0101tu vienk\u0101r\u0161u atkritumu \u0161\u0137iro\u0161anu publiskaj\u0101s viet\u0101s.<\/p>\n","protected":false},"featured_media":1928,"comment_status":"open","ping_status":"closed","template":"","meta":[],"product_brand":[],"product_cat":[156],"product_tag":[],"class_list":{"0":"post-1650","1":"product","2":"type-product","3":"status-publish","4":"has-post-thumbnail","6":"product_cat-atkritumu-skirosanas-tvertnes","8":"first","9":"instock","10":"taxable","11":"shipping-taxable","12":"purchasable","13":"product-type-simple"},"_links":{"self":[{"href":"https:\/\/eco-market24.com\/lv\/wp-json\/wp\/v2\/product\/1650","targetHints":{"allow":["GET"]}}],"collection":[{"href":"https:\/\/eco-market24.com\/lv\/wp-json\/wp\/v2\/product"}],"about":[{"href":"https:\/\/eco-market24.com\/lv\/wp-json\/wp\/v2\/types\/product"}],"replies":[{"embeddable":true,"href":"https:\/\/eco-market24.com\/lv\/wp-json\/wp\/v2\/comments?post=1650"}],"wp:featuredmedia":[{"embeddable":true,"href":"https:\/\/eco-market24.com\/lv\/wp-json\/wp\/v2\/media\/1928"}],"wp:attachment":[{"href":"https:\/\/eco-market24.com\/lv\/wp-json\/wp\/v2\/media?parent=1650"}],"wp:term":[{"taxonomy":"product_brand","embeddable":true,"href":"https:\/\/eco-market24.com\/lv\/wp-json\/wp\/v2\/product_brand?post=1650"},{"taxonomy":"product_cat","embeddable":true,"href":"https:\/\/eco-market24.com\/lv\/wp-json\/wp\/v2\/product_cat?post=1650"},{"taxonomy":"product_tag","embeddable":true,"href":"https:\/\/eco-market24.com\/lv\/wp-json\/wp\/v2\/product_tag?post=1650"}],"curies":[{"name":"wp","href":"https:\/\/api.w.org\/{rel}","templated":true}]}}