{"id":1655,"date":"2025-09-29T16:21:22","date_gmt":"2025-09-29T14:21:22","guid":{"rendered":"https:\/\/eco-market24.com\/product\/cinkots-4-nodalijumu-skirosanas-atkritumu-konteiners-eco-estri-4-x-60-l\/"},"modified":"2025-09-29T20:02:16","modified_gmt":"2025-09-29T18:02:16","slug":"cinkots-4-nodalijumu-skirosanas-atkritumu-konteiners-eco-estri-4-x-60-l","status":"publish","type":"product","link":"https:\/\/eco-market24.com\/lv\/products\/cinkots-4-nodalijumu-skirosanas-atkritumu-konteiners-eco-estri-4-x-60-l\/","title":{"rendered":"Cinkots 4 nodal\u012bjumu \u0161\u0137iro\u0161anas atkritumu konteiners Eco Estri 4 x 60 L"},"content":{"rendered":"<p>4 atkritumu \u0161\u0137iro\u0161anas konteineru komplekts \u2014 eco estri 4 \u00d7 60 L<\/p>\n<p>Funkcion\u0101ls un est\u0113tisks risin\u0101jums \u0101ra un iek\u0161telpu selekt\u012bvai atkritumu v\u0101k\u0161anai. Piem\u0113rots \u0113k\u0101m un publisk\u0101m telp\u0101m, piem\u0113ram, skol\u0101m, b\u0113rnud\u0101rziem, birojiem, kl\u012bnik\u0101m, tirdzniec\u012bbas centriem, degvielas uzpildes stacij\u0101m un lieliem st\u0101vlaukumiem.<\/p>\n<p>Konstrukcija un apdare<br \/>\n  Kapacit\u0101te: 4 \u00d7 60 l<br \/>\n  Apdare: graf\u012bts (RAL 7021)<br \/>\n  Materi\u0101ls: cinkots t\u0113rauds ar pretkorozijas \u012bpa\u0161\u012bb\u0101m<br \/>\n  Iztur\u012bba pret laikapst\u0101k\u013ciem: saules starojums, ekstr\u0113mas temperat\u016bras un lietus<br \/>\n  Meh\u0101nisk\u0101 iztur\u012bba: paredz\u0113ts lieto\u0161anai intens\u012bvas pl\u016bsmas un triecienu pak\u013caut\u0101s viet\u0101s<\/p>\n<p>\u0160\u0137iro\u0161anas kr\u0101sas un mar\u0137\u0113jums<br \/>\nDurvis ietver kr\u0101sainas eti\u0137etes ar frakciju nosaukumiem (s\u016bt\u012btas atsevi\u0161\u0137i pa\u0161uzl\u012bm\u0113\u0161anai) atbilsto\u0161i ES\/ministrijas standartiem:<br \/>\n  Jauktie atkritumi: graf\u012bts<br \/>\n  Plastmasa un met\u0101li: dzeltens<br \/>\n  Pap\u012brs: zils<br \/>\n  Stikls: za\u013c\u0161<br \/>\n  Bioatkritumi: br\u016bns<\/p>\n<p>Higi\u0113na un dro\u0161\u012bba<br \/>\n  Maisu tur\u0113t\u0101ji: paredz\u0113ti 120 l maisiem, lai nov\u0113rstu sl\u012bd\u0113\u0161anu un iek\u0161\u0113ju pies\u0101r\u0146ojumu<br \/>\n  Durvis: \u010detras aizsl\u0113dzamas durvis, sader\u012bgas ar piekaramaj\u0101m atsl\u0113g\u0101m<br \/>\n  Modularit\u0101te: iesp\u0113ja savienot modu\u013cus, izmantojot mont\u0101\u017eas caurumus<\/p>\n<p>Galven\u0101 inform\u0101cija<br \/>\n  Kapacit\u0101te: 4 \u00d7 60 litri<br \/>\n  Kr\u0101sa: graf\u012bts (RAL 7021)<br \/>\n  Konstrukcija: cinkots t\u0113rauds<br \/>\n  Piem\u0113rots \u0101ra un iek\u0161telpu lieto\u0161anai<br \/>\n  Iek\u013cautas kr\u0101sainas frakciju eti\u0137etes (pa\u0161uzl\u012bm\u0113\u0161anai)<br \/>\n  Maisu tur\u0113t\u0101ji un ar piekaramaj\u0101m atsl\u0113g\u0101m sader\u012bgas aizsl\u0113g\u0161anas iesp\u0113jas<\/p>\n","protected":false},"excerpt":{"rendered":"<p>Komplekts no 4 p\u0101rstr\u0101des konteineriem (4 \u00d7 60 l) \u2014 Eco ESTRI ar 4 kamer\u0101m: funkcion\u0101ls un pievilc\u012bgs risin\u0101jums atkritumu \u0161\u0137iro\u0161anai iek\u0161telp\u0101s un \u0101rtelp\u0101s.<\/p>\n","protected":false},"featured_media":1932,"comment_status":"open","ping_status":"closed","template":"","meta":[],"product_brand":[],"product_cat":[70],"product_tag":[],"class_list":{"0":"post-1655","1":"product","2":"type-product","3":"status-publish","4":"has-post-thumbnail","6":"product_cat-waste-containers","8":"first","9":"instock","10":"taxable","11":"shipping-taxable","12":"purchasable","13":"product-type-simple"},"_links":{"self":[{"href":"https:\/\/eco-market24.com\/lv\/wp-json\/wp\/v2\/product\/1655","targetHints":{"allow":["GET"]}}],"collection":[{"href":"https:\/\/eco-market24.com\/lv\/wp-json\/wp\/v2\/product"}],"about":[{"href":"https:\/\/eco-market24.com\/lv\/wp-json\/wp\/v2\/types\/product"}],"replies":[{"embeddable":true,"href":"https:\/\/eco-market24.com\/lv\/wp-json\/wp\/v2\/comments?post=1655"}],"wp:featuredmedia":[{"embeddable":true,"href":"https:\/\/eco-market24.com\/lv\/wp-json\/wp\/v2\/media\/1932"}],"wp:attachment":[{"href":"https:\/\/eco-market24.com\/lv\/wp-json\/wp\/v2\/media?parent=1655"}],"wp:term":[{"taxonomy":"product_brand","embeddable":true,"href":"https:\/\/eco-market24.com\/lv\/wp-json\/wp\/v2\/product_brand?post=1655"},{"taxonomy":"product_cat","embeddable":true,"href":"https:\/\/eco-market24.com\/lv\/wp-json\/wp\/v2\/product_cat?post=1655"},{"taxonomy":"product_tag","embeddable":true,"href":"https:\/\/eco-market24.com\/lv\/wp-json\/wp\/v2\/product_tag?post=1655"}],"curies":[{"name":"wp","href":"https:\/\/api.w.org\/{rel}","templated":true}]}}