{"id":1671,"date":"2025-09-29T16:21:29","date_gmt":"2025-09-29T14:21:29","guid":{"rendered":"https:\/\/eco-market24.com\/product\/skirosanas-atkritumu-tvertne-5-nodalijumu-eco-estri-5-x-60-l-ar-vaciniem\/"},"modified":"2025-09-29T20:01:13","modified_gmt":"2025-09-29T18:01:13","slug":"skirosanas-atkritumu-tvertne-5-nodalijumu-eco-estri-5-x-60-l-ar-vaciniem","status":"publish","type":"product","link":"https:\/\/eco-market24.com\/lv\/products\/skirosanas-atkritumu-tvertne-5-nodalijumu-eco-estri-5-x-60-l-ar-vaciniem\/","title":{"rendered":"\u0160\u0137iro\u0161anas atkritumu tvertne, 5 nodal\u012bjumu ECO Estri, 5 \u00d7 60 l ar v\u0101ci\u0146iem"},"content":{"rendered":"<p>5 nodal\u012bjumu eco Estri 5 x 60 L \u0161\u0137iro\u0161anas konteiners ar v\u0101kiem<\/p>\n<p>5 nodal\u012bjumu eco Estri 5 x 60 L \u0161\u0137iro\u0161anas konteiners ar v\u0101kiem ir est\u0113tisks un funkcion\u0101ls risin\u0101jums iek\u0161telpu \u0161\u0137iro\u0161anai birojos, skol\u0101s, valsts iest\u0101d\u0113s vai veikalos, kas veicina pamatproekolo\u0123iskas ieradumus izv\u0113l\u0113t\u0101 iek\u0161telpu telp\u0101. Ide\u0101li piem\u0113rots darba telp\u0101m, darbinieku istab\u0101m, gaitenim un cit\u0101m intens\u012bvi lietot\u0101m koplieto\u0161anas viet\u0101m. Ier\u012bce ir kombin\u0101cija no 2 un 3 modu\u013cu konteineriem \u2014 katram modulim ir 60 litru tilpums. Korpuss ir p\u0101rkl\u0101ts graf\u012bta kr\u0101s\u0101 (RAL 7021), bet v\u0101ki ir \u0161\u0137iro\u0161anas kr\u0101s\u0101s. Papildu identifik\u0101ciju nodro\u0161ina uzl\u012bmes ar frakcijas nosaukumu.<\/p>\n<p>Konstrukcija un iztur\u012bba<br \/>\nIzgatavots no kr\u0101sota t\u0113rauda, \u0161is biroju \u0161\u0137iro\u0161anas konteiners ir paredz\u0113ts \u0113rtai un dro\u0161ai iek\u0161telpu lieto\u0161anai. Augstas kvalit\u0101tes kr\u0101sot\u0101 t\u0113rauda konstrukcija nodro\u0161ina iztur\u012bbu pret meh\u0101niskiem boj\u0101jumiem, kas rakstur\u012bgi intens\u012bvi lietot\u0101m telp\u0101m, padarot to piem\u0113rotu skol\u0101m, valsts iest\u0101d\u0113m un gaitenim ar lielu cilv\u0113ku pl\u016bsmu.<\/p>\n<p>\u0160\u0137iro\u0161anas kr\u0101sas un mar\u0137\u0113\u0161ana<br \/>\n60 L modu\u013ci ir apr\u012bkoti ar liel\u0101m uzl\u012bm\u0113m, kas att\u0113lo frakcijas nosaukumu, un v\u0101kiem kr\u0101sotos saska\u0146\u0101 ar Klimata un vides ministrijas noteikto \u0161\u0137iro\u0161anas sh\u0113mu. Konteiners atbalsta atsevi\u0161\u0137u \u0161\u0137iro\u0161anu:<\/p>\n<p>  Stikls (za\u013ca)<br \/>\n  Pap\u012brs (zila)<br \/>\n  Plastmasa un met\u0101li (dzeltena)<br \/>\n  Biolo\u0123iskie atkritumi (br\u016bna)<br \/>\n  Sajaukta atkritumi (pel\u0113ka)<\/p>\n<p>Funkcion\u0101lais dizains<\/p>\n<p>  Kombin\u0101cija no 2 un 3 modu\u013cu groziem ar speci\u0101l\u0101m mont\u0101\u017eas atver\u0113m piel\u0101gota individu\u0101las \u0161\u0137iro\u0161anas stacijas izveidei<br \/>\n  Stabilas k\u0101jas, lai nov\u0113rstu apg\u0101\u0161anos<br \/>\n  Iesp\u0113ja aizsl\u0113gt katru moduli ar sl\u0113dzeni, lai nov\u0113rstu nesankcion\u0113tu piek\u013cuvi<br \/>\n  Higi\u0113niska iztuk\u0161o\u0161ana un viegla t\u012br\u012b\u0161ana<br \/>\n  Praktiski maisu ietvari (120 L maisiem), lai maisi tur\u0113tos viet\u0101 un neveidotos izlie\u0161ana<br \/>\n  V\u0101ki uz e\u0146\u0123\u0113m, lai ierobe\u017eotu nepat\u012bkamu smaku izplat\u012b\u0161anos<\/p>\n<p>Galven\u0101 inform\u0101cija<\/p>\n<p>  Tilpums: 2 x 60 + 3 x 60 litri<br \/>\n  Materi\u0101ls: kr\u0101sots t\u0113rauds<br \/>\n  Lietojums: iek\u0161telp\u0101s<br \/>\n  Apdare: korpuss graf\u012bta kr\u0101s\u0101 (RAL 7021)<br \/>\n  V\u0101ki: pieejami 5 \u0161\u0137iro\u0161anas kr\u0101s\u0101s<br \/>\n  Mar\u0137\u0113\u0161ana: uzl\u012bmes ar frakcijas nosaukumiem<br \/>\n  Dro\u0161\u012bba: durvis piel\u0101gotas sl\u0113dzenes uzst\u0101d\u012b\u0161anai<br \/>\n  Iez\u012bmes: e\u0146\u0123\u0113s piestiprin\u0101ti v\u0101ki, maisu ietvari, stabiliz\u0113jo\u0161as k\u0101jas, mont\u0101\u017eas caurumi modu\u013cu savieno\u0161anai<\/p>\n","protected":false},"excerpt":{"rendered":"<p>Est\u0113tisks un funkcion\u0101ls iek\u0161telpu p\u0101rstr\u0101des risin\u0101jums birojiem, skol\u0101m, publisk\u0101m \u0113k\u0101m un veikaliem \u2014 Eco Estri piecu nodal\u012bjumu (5 \u00d7 60 l) konteiners ar atveram\u0101m lapi\u0146\u0101m veicina vienk\u0101r\u0161us proekolo\u0123iskus ieradumus; ide\u0101li piem\u0113rots skol\u0101m un birojiem.<\/p>\n","protected":false},"featured_media":1937,"comment_status":"open","ping_status":"closed","template":"","meta":[],"product_brand":[],"product_cat":[70],"product_tag":[],"class_list":{"0":"post-1671","1":"product","2":"type-product","3":"status-publish","4":"has-post-thumbnail","6":"product_cat-waste-containers","8":"first","9":"instock","10":"taxable","11":"shipping-taxable","12":"purchasable","13":"product-type-simple"},"_links":{"self":[{"href":"https:\/\/eco-market24.com\/lv\/wp-json\/wp\/v2\/product\/1671","targetHints":{"allow":["GET"]}}],"collection":[{"href":"https:\/\/eco-market24.com\/lv\/wp-json\/wp\/v2\/product"}],"about":[{"href":"https:\/\/eco-market24.com\/lv\/wp-json\/wp\/v2\/types\/product"}],"replies":[{"embeddable":true,"href":"https:\/\/eco-market24.com\/lv\/wp-json\/wp\/v2\/comments?post=1671"}],"wp:featuredmedia":[{"embeddable":true,"href":"https:\/\/eco-market24.com\/lv\/wp-json\/wp\/v2\/media\/1937"}],"wp:attachment":[{"href":"https:\/\/eco-market24.com\/lv\/wp-json\/wp\/v2\/media?parent=1671"}],"wp:term":[{"taxonomy":"product_brand","embeddable":true,"href":"https:\/\/eco-market24.com\/lv\/wp-json\/wp\/v2\/product_brand?post=1671"},{"taxonomy":"product_cat","embeddable":true,"href":"https:\/\/eco-market24.com\/lv\/wp-json\/wp\/v2\/product_cat?post=1671"},{"taxonomy":"product_tag","embeddable":true,"href":"https:\/\/eco-market24.com\/lv\/wp-json\/wp\/v2\/product_tag?post=1671"}],"curies":[{"name":"wp","href":"https:\/\/api.w.org\/{rel}","templated":true}]}}