{"id":1679,"date":"2025-09-29T16:21:27","date_gmt":"2025-09-29T14:21:27","guid":{"rendered":"https:\/\/eco-market24.com\/product\/eco-estri-3-nodalijumu-skirosanas-atkritumu-tvertne-3-x-60-l-ar-vaciniem\/"},"modified":"2025-09-29T20:02:08","modified_gmt":"2025-09-29T18:02:08","slug":"eco-estri-3-nodalijumu-skirosanas-atkritumu-tvertne-3-x-60-l-ar-vaciniem","status":"publish","type":"product","link":"https:\/\/eco-market24.com\/lv\/products\/eco-estri-3-nodalijumu-skirosanas-atkritumu-tvertne-3-x-60-l-ar-vaciniem\/","title":{"rendered":"Eco Estri 3 nodal\u012bjumu \u0161\u0137iro\u0161anas atkritumu tvertne, 3 \u00d7 60 l, ar v\u0101ci\u0146iem"},"content":{"rendered":"<p>Modul\u0101rs p\u0101rstr\u0101des atkritumu konteiners \u2014 birojam, valsts iest\u0101dei, skolai vai veikalam<\/p>\n<p>3 nodal\u012bjumu ekolo\u0123iskais Estri p\u0101rstr\u0101des konteiners 3 x 60 l ar v\u0101kiem ir efekt\u012bvs risin\u0101jums, lai izv\u0113l\u0113t\u0101 telp\u0101 ieviestu pamata \u0161\u0137iroto atkritumu sav\u0101k\u0161anu. Pateicoties funkcionalit\u0101tei un est\u0113tikai, to var izmantot teju jebkur. Iek\u0161telpu p\u0101rstr\u0101des konteiners ir piem\u0113rots skol\u0101m, valsts iest\u0101d\u0113m un cit\u0101m publisk\u0101m iest\u0101d\u0113m. Tas ir lielisks atkritumu tvertne birojam \u2014 to var novietot gan darba zon\u0101s, gan person\u0101la telp\u0101s vai pl\u016bsmu zon\u0101s. Labi darbojas ar\u012b veikalos, tirdzniec\u012bbas centros un sl\u0113gt\u0101s autost\u0101vviet\u0101s.<\/p>\n<p>Dizains un kr\u0101sas<br \/>\nModul\u0101rs p\u0101rstr\u0101des konteiners ar tilpumu 3 x 60 litri pieejams graf\u012bta kr\u0101s\u0101 (RAL 7021). Tam ir v\u0101ki atkritumu frakciju kr\u0101s\u0101s un lielas uzl\u012bmes ar frakciju nosaukumiem. Pieejamas ar\u012b citas modu\u013cu konfigur\u0101cijas: 2 nodal\u012bjumu un 4 nodal\u012bjumu versijas.<\/p>\n<p>Konstrukcija un iztur\u012bba<br \/>\n3 nodal\u012bjumu t\u0113rauda p\u0101rstr\u0101des konteiners paredz\u0113ts iek\u0161telp\u0101m. Tas izgatavots no kvalitat\u012bva kr\u0101sota t\u0113rauda, kas nodro\u0161ina pievilc\u012bgu izskatu un iztur\u012bbu pret meh\u0101niskiem boj\u0101jumiem. Iek\u0161telpu p\u0101rstr\u0101des konteiners iztur nejau\u0161us triepienus, kas rakstur\u012bgi intens\u012bvi izmantot\u0101m telp\u0101m, un saglab\u0101s labu tehnisko st\u0101vokli gadiem ilgi.<\/p>\n<p>\u0160\u0137iro\u0161anas kr\u0101sas<br \/>\nLai nodro\u0161in\u0101tu, ka \u0161\u0137irota atkritumu v\u0101k\u0161ana ir vienk\u0101r\u0161a visiem, konteiners ir skaidri mar\u0137\u0113ts. Ir uzl\u012bmes ar frakciju nosaukumiem, un katrs v\u0101ks ir attiec\u012bg\u0101s \u0161\u0137iro\u0161anas kr\u0101sas:<\/p>\n<p>  Za\u013ca \u2014 stiklam<br \/>\n  Zila \u2014 pap\u012bram<br \/>\n  Dzeltena \u2014 plastmasai un met\u0101liem<\/p>\n<p>Praktiskas funkcijas<br \/>\nIek\u0161telpu apr\u012bkojumiem j\u0101b\u016bt pievilc\u012bgiem, funkcion\u0101liem un viegli t\u012br\u0101miem. Modul\u0101rajam p\u0101rstr\u0101des konteineram ir v\u0101ki, kas atvieglo \u0161\u0137iro\u0161anu un pal\u012bdz mazin\u0101t nepat\u012bkamas smakas. Tas apr\u012bkots ar praktisk\u0101m r\u0101mju konstrukcij\u0101m 120 l maisiem, lai maisi paliktu viet\u0101 pat piln\u012bb\u0101 piepild\u012bti, nov\u0113r\u0161ot atkritumu nekontrol\u0113tu izbir\u0161anu. T\u0101d\u0113j\u0101di biroja atkritumu tvertne paliek higi\u0113niska lieto\u0161an\u0101 un viegli iztuk\u0161ojama un t\u012br\u0101ma.<br \/>\n3 nodal\u012bjumu p\u0101rstr\u0101des konteiners st\u0101v uz \u010detriem k\u0101ji\u0146\u0101m stabilit\u0101tes nodro\u0161in\u0101\u0161anai. Durvis katram modulim ir izstr\u0101d\u0101tas t\u0101, lai t\u0101s var\u0113tu aizsl\u0113gt ar aizsl\u0113gu, padarot ier\u012bci nepieejamu nepilnvarot\u0101m person\u0101m. Tas ietver ar\u012b stiprin\u0101jumu caurumus, \u013caujot modu\u013cus br\u012bvi savienot, lai izveidotu \u0161\u0137iro\u0161anas staciju atbilsto\u0161i individu\u0101laj\u0101m vajadz\u012bb\u0101m.<\/p>\n<p>Svar\u012bg\u0101k\u0101 inform\u0101cija<\/p>\n<p>  Tilpums: 3 x 60 litri<br \/>\n  Materi\u0101ls: kr\u0101sots t\u0113rauds<br \/>\n  Lieto\u0161ana: iek\u0161telp\u0101s<br \/>\n  Iztur\u012bba: iztur\u012bba pret meh\u0101niskiem boj\u0101jumiem<br \/>\n  Kr\u0101sa: korpuss graf\u012bta (RAL 7021)<br \/>\n  V\u0101ki: 3 \u0161\u0137iro\u0161anas kr\u0101s\u0101s<br \/>\n  Mar\u0137\u0113jums: lielas uzl\u012bmes ar frakciju nosaukumiem<br \/>\n  Dro\u0161\u012bba: durvis piem\u0113rotas atsl\u0113gas uzst\u0101d\u012b\u0161anai<br \/>\n  V\u0101ki: e\u0146\u0123\u0113ti<br \/>\n  Aksesu\u0101ri: r\u0101mji 120 l maisiem<br \/>\n  Stabilit\u0101te: stabiliz\u0113jo\u0161as k\u0101jas<br \/>\n  Modularit\u0101te: stiprin\u0101jumu caurumi modu\u013cu savieno\u0161anai<\/p>\n","protected":false},"excerpt":{"rendered":"<p>Modul\u0101ra \u0161\u0137iro\u0161anas tvertne birojiem, skol\u0101m, veikaliem vai valsts \u0113k\u0101m. Tr\u012bs nodal\u012bjumu Eco Estri \u0161\u0137iro\u0161anas tvertne (3 x 60 l) ar klap\u0113m pied\u0101v\u0101 efekt\u012bvu, pievilc\u012bgu risin\u0101jumu selekt\u012bv\u0101s atkritumu v\u0101k\u0161anas ievie\u0161anai jebkur\u0101 telp\u0101.<\/p>\n","protected":false},"featured_media":1942,"comment_status":"open","ping_status":"closed","template":"","meta":[],"product_brand":[],"product_cat":[70],"product_tag":[],"class_list":{"0":"post-1679","1":"product","2":"type-product","3":"status-publish","4":"has-post-thumbnail","6":"product_cat-waste-containers","8":"first","9":"instock","10":"taxable","11":"shipping-taxable","12":"purchasable","13":"product-type-simple"},"_links":{"self":[{"href":"https:\/\/eco-market24.com\/lv\/wp-json\/wp\/v2\/product\/1679","targetHints":{"allow":["GET"]}}],"collection":[{"href":"https:\/\/eco-market24.com\/lv\/wp-json\/wp\/v2\/product"}],"about":[{"href":"https:\/\/eco-market24.com\/lv\/wp-json\/wp\/v2\/types\/product"}],"replies":[{"embeddable":true,"href":"https:\/\/eco-market24.com\/lv\/wp-json\/wp\/v2\/comments?post=1679"}],"wp:featuredmedia":[{"embeddable":true,"href":"https:\/\/eco-market24.com\/lv\/wp-json\/wp\/v2\/media\/1942"}],"wp:attachment":[{"href":"https:\/\/eco-market24.com\/lv\/wp-json\/wp\/v2\/media?parent=1679"}],"wp:term":[{"taxonomy":"product_brand","embeddable":true,"href":"https:\/\/eco-market24.com\/lv\/wp-json\/wp\/v2\/product_brand?post=1679"},{"taxonomy":"product_cat","embeddable":true,"href":"https:\/\/eco-market24.com\/lv\/wp-json\/wp\/v2\/product_cat?post=1679"},{"taxonomy":"product_tag","embeddable":true,"href":"https:\/\/eco-market24.com\/lv\/wp-json\/wp\/v2\/product_tag?post=1679"}],"curies":[{"name":"wp","href":"https:\/\/api.w.org\/{rel}","templated":true}]}}