{"id":1715,"date":"2025-09-29T16:21:25","date_gmt":"2025-09-29T14:21:25","guid":{"rendered":"https:\/\/eco-market24.com\/product\/divu-nodalijumu-skirosanas-atkritumu-tvertne-eco-estri-2-x-60-l-cinkota\/"},"modified":"2025-09-29T20:02:12","modified_gmt":"2025-09-29T18:02:12","slug":"divu-nodalijumu-skirosanas-atkritumu-tvertne-eco-estri-2-x-60-l-cinkota","status":"publish","type":"product","link":"https:\/\/eco-market24.com\/lv\/products\/divu-nodalijumu-skirosanas-atkritumu-tvertne-eco-estri-2-x-60-l-cinkota\/","title":{"rendered":"Divu nodal\u012bjumu \u0161\u0137iro\u0161anas atkritumu tvertne Eco Estri 2 x 60 L, cinkota"},"content":{"rendered":"<p>Divu \u0161\u0137iro\u0161anas atkritumu tvertnes komplekts \u2014 2 x 60 l (eco Estri)<\/p>\n<p>Apraksts: Divu nodal\u012bjumu eco Estri \u0161\u0137iro\u0161anas tvertne (2 \u00d7 60 l) ir funkcion\u0101ls risin\u0101jums pamata vides politiku ievie\u0161anai publisk\u0101s un sl\u0113gt\u0101s telp\u0101s. Piem\u0113rota gan \u0101ra, gan iek\u0161telpu izmanto\u0161anai \u2014 ide\u0101la skol\u0101m, birojiem, slimn\u012bc\u0101m, autost\u0101vviet\u0101m, degvielas uzpildes stacij\u0101m, b\u0113rnu laukumiem, izklaides parkiem, kinote\u0101triem, muzejiem un te\u0101triem.<\/p>\n<p>Konstrukcija un apdare<br \/>\nStacija sast\u0101v no diviem nodal\u012bjumiem ar 60 l ietilp\u012bbu katrs un ir apdarin\u0101ta graf\u012bta kr\u0101s\u0101 (RAL 7021). Korpuss izgatavots no cinkota t\u0113rauda, nodro\u0161inot pretkorozijas aizsardz\u012bbu un iztur\u012bbu pret UV starojumu, lietu, sniegu un ekstr\u0113miem temperat\u016bras apst\u0101k\u013ciem. Ier\u012bce ar\u012b iztur meh\u0101niskus boj\u0101jumus un saglab\u0101 savu tehnisko st\u0101vokli un izskatu intens\u012bvi lietot\u0101s viet\u0101s.<\/p>\n<p>Frakciju mar\u0137\u0113jums<br \/>\nKorpus\u0101 ir eti\u0137etes frakciju nosaukumiem standartkr\u0101s\u0101s, ko apstiprin\u0101jusi ES un Vides ministrija:<\/p>\n<p>  Sajauktie atkritumi: graf\u012bts<br \/>\n  Plastmasa un met\u0101li: dzeltena<br \/>\n  Pap\u012brs: zila<br \/>\n  Stikls: za\u013ca<br \/>\n  Bioatkritumi: br\u016bna<\/p>\n<p>Eti\u0137etes tiek nos\u016bt\u012btas atsevi\u0161\u0137i pa\u0161uzl\u012bm\u0113\u0161anai.<\/p>\n<p>Higi\u0113na un dro\u0161\u012bba<\/p>\n<p>  Standarta maisi\u0146u gredzeni 120 l maisiem, lai nov\u0113rstu sl\u012bd\u0113\u0161anu un atvieglotu iztuk\u0161o\u0161anu.<br \/>\n  Divas durvis ar lakatu sl\u0113dzen\u0113m piek\u013cuves ierobe\u017eo\u0161anai tikai pilnvarotajam person\u0101lam.<br \/>\n  Mont\u0101\u017eas caurumi \u013cauj br\u012bvi savienot modu\u013cus.<\/p>\n<p>Galven\u0101 inform\u0101cija<\/p>\n<p>  Ietilp\u012bba: 2 \u00d7 60 l<br \/>\n  Kr\u0101sa: graf\u012bts (RAL 7021)<br \/>\n  Materi\u0101ls: cinkots t\u0113rauds<br \/>\n  Izmanto\u0161ana: iek\u0161telp\u0101s un \u0101r\u0101<br \/>\n  Ietver: kr\u0101sainas frakciju eti\u0137etes (pa\u0161uzl\u012bm\u0113\u0161anai), maisi\u0146u gredzenus, durvis ar lakatu sl\u0113dzen\u0113m<\/p>\n","protected":false},"excerpt":{"rendered":"<p>Komplekts ar diviem 60 l \u0161\u0137iro\u0161anas konteineriem publisk\u0101m un iek\u0161telpu telp\u0101m \u2014 Eco Estri 2 x 60 L \u2014 nodro\u0161ina funkcion\u0101lu divkameru risin\u0101jumu, lai atbalst\u012btu pamata vides draudz\u012bgas atkritumu politikas; piem\u0113rots gan \u0101ra, gan iek\u0161telpu lieto\u0161anai.<\/p>\n","protected":false},"featured_media":1955,"comment_status":"open","ping_status":"closed","template":"","meta":[],"product_brand":[],"product_cat":[70],"product_tag":[],"class_list":{"0":"post-1715","1":"product","2":"type-product","3":"status-publish","4":"has-post-thumbnail","6":"product_cat-waste-containers","8":"first","9":"instock","10":"taxable","11":"shipping-taxable","12":"purchasable","13":"product-type-simple"},"_links":{"self":[{"href":"https:\/\/eco-market24.com\/lv\/wp-json\/wp\/v2\/product\/1715","targetHints":{"allow":["GET"]}}],"collection":[{"href":"https:\/\/eco-market24.com\/lv\/wp-json\/wp\/v2\/product"}],"about":[{"href":"https:\/\/eco-market24.com\/lv\/wp-json\/wp\/v2\/types\/product"}],"replies":[{"embeddable":true,"href":"https:\/\/eco-market24.com\/lv\/wp-json\/wp\/v2\/comments?post=1715"}],"wp:featuredmedia":[{"embeddable":true,"href":"https:\/\/eco-market24.com\/lv\/wp-json\/wp\/v2\/media\/1955"}],"wp:attachment":[{"href":"https:\/\/eco-market24.com\/lv\/wp-json\/wp\/v2\/media?parent=1715"}],"wp:term":[{"taxonomy":"product_brand","embeddable":true,"href":"https:\/\/eco-market24.com\/lv\/wp-json\/wp\/v2\/product_brand?post=1715"},{"taxonomy":"product_cat","embeddable":true,"href":"https:\/\/eco-market24.com\/lv\/wp-json\/wp\/v2\/product_cat?post=1715"},{"taxonomy":"product_tag","embeddable":true,"href":"https:\/\/eco-market24.com\/lv\/wp-json\/wp\/v2\/product_tag?post=1715"}],"curies":[{"name":"wp","href":"https:\/\/api.w.org\/{rel}","templated":true}]}}