{"id":1723,"date":"2025-09-29T16:21:24","date_gmt":"2025-09-29T14:21:24","guid":{"rendered":"https:\/\/eco-market24.com\/product\/skirosanas-konteiners-eco-estri-piecu-nodalijumu-5-x-60-l-cinkots\/"},"modified":"2025-09-29T20:02:14","modified_gmt":"2025-09-29T18:02:14","slug":"skirosanas-konteiners-eco-estri-piecu-nodalijumu-5-x-60-l-cinkots","status":"publish","type":"product","link":"https:\/\/eco-market24.com\/lv\/products\/skirosanas-konteiners-eco-estri-piecu-nodalijumu-5-x-60-l-cinkots\/","title":{"rendered":"\u0160\u0137iro\u0161anas konteiners Eco Estri, piecu nodal\u012bjumu, 5 x 60 l, cinkots"},"content":{"rendered":"<p>Komplekts ar 5 \u0161\u0137iro\u0161anas konteineriem \u2014 ECO ESTRI 5 x 60 L<\/p>\n<p>Komplekts ar 5 \u0161\u0137iro\u0161anas konteineriem \u0101rtelp\u0101m un telpu iek\u0161ien\u0113 \u2014 ECO ESTRI 5 x 60 L ir funkcion\u0101ls un est\u0113tisks risin\u0101jums selekt\u012bv\u0101s atkritumu v\u0101k\u0161anas ievie\u0161anai \u0113k\u0101s un publisk\u0101s viet\u0101s. Piem\u0113rots skol\u0101m, b\u0113rnud\u0101rziem, birojiem, kl\u012bnik\u0101m, tirdzniec\u012bbas centriem, degvielas uzpildes stacij\u0101m un lieliem autost\u0101vvietu laukumiem.<\/p>\n<p>Konstrukcija un apdare<br \/>\nMateri\u0101ls: cinkots t\u0113rauds ar pretkorozijas \u012bpa\u0161\u012bb\u0101m, iztur\u012bgs pret saules gaismu, ekstr\u0113miem temperat\u016bras apst\u0101k\u013ciem un lietu.<br \/>\nIztur\u012bba: iztur\u012bgs pret meh\u0101niskiem boj\u0101jumiem, piem\u0113rots intens\u012bvi lietot\u0101m telp\u0101m un publisk\u0101m viet\u0101m.<br \/>\nKr\u0101sa: graf\u012bts (RAL 7021).<\/p>\n<p>Tilpums un konfigur\u0101cija<br \/>\nNodal\u012bjumi: 5<br \/>\nTilpums vien\u0101 nodal\u012bjum\u0101: 60 L (kop\u0101 5 \u00d7 60 L)<br \/>\nDurvis: 5 aizsl\u0113dzamas durvis (iesp\u0113jama lieto\u0161ana ar atsl\u0113gu\/sl\u0113dzeni)<br \/>\nMaisu tur\u0113t\u0101ji: piel\u0101goti 120 L maisiem, lai nov\u0113rstu maisu sl\u012bd\u0113\u0161anu un iek\u0161\u0113jo pies\u0101r\u0146ojumu<br \/>\nModu\u013cu savieno\u0161ana: iesp\u0113ja savienot moduli, izmantojot stiprin\u0101jumu caurumus<\/p>\n<p>\u0160\u0137iro\u0161anas kr\u0101sas un eti\u0137etes<br \/>\nUz durv\u012bm ir eti\u0137etes ar frakciju nosaukumiem standarta kr\u0101s\u0101s (ES \/ Vides ministrija):<\/p>\n<p>Sajauktie atkritumi: pel\u0113ka<br \/>\nPlastmasa un met\u0101li: dzeltena<br \/>\nPap\u012brs: zila<br \/>\nStikls: za\u013ca<br \/>\nBiolo\u0123iskie atkritumi: br\u016bna<\/p>\n<p>Piez\u012bme: eti\u0137etes tiek nos\u016bt\u012btas atsevi\u0161\u0137i klienta pa\u0161uzl\u012bm\u0113\u0161anai un piel\u0101go\u0161anai.<\/p>\n<p>Galven\u0101 inform\u0101cija<br \/>\nProdukts: ECO ESTRI 5 \u00d7 60 L<br \/>\nTilpums: 5 \u00d7 60 L<br \/>\nKr\u0101sa: graf\u012bts (RAL 7021)<br \/>\nMateri\u0101ls: cinkots t\u0113rauds<br \/>\nLieto\u0161ana: iek\u0161telp\u0101s un \u0101rpus telp\u0101m<br \/>\nIek\u013cauts: kr\u0101sain\u0101s eti\u0137etes (nos\u016bt\u012btas atsevi\u0161\u0137i), maisu tur\u0113t\u0101ji, aizsl\u0113dzamas durvis<\/p>\n","protected":false},"excerpt":{"rendered":"<p>Piecu 60 l nodal\u012bjumu komplekts Eco Estri \u2014 5 nodal\u012bjumu p\u0101rstr\u0101des atkritumu tvertne, kas apvieno funkcion\u0101lu un est\u0113tisku dizainu iek\u0161telp\u0101m un \u0101rtelp\u0101m, \u013caujot viegli ieviest \u0161\u0137iroto atkritumu v\u0101k\u0161anu \u0113k\u0101s un sabiedriskaj\u0101s viet\u0101s.<\/p>\n","protected":false},"featured_media":1958,"comment_status":"open","ping_status":"closed","template":"","meta":[],"product_brand":[],"product_cat":[70],"product_tag":[],"class_list":{"0":"post-1723","1":"product","2":"type-product","3":"status-publish","4":"has-post-thumbnail","6":"product_cat-waste-containers","8":"first","9":"instock","10":"taxable","11":"shipping-taxable","12":"purchasable","13":"product-type-simple"},"_links":{"self":[{"href":"https:\/\/eco-market24.com\/lv\/wp-json\/wp\/v2\/product\/1723","targetHints":{"allow":["GET"]}}],"collection":[{"href":"https:\/\/eco-market24.com\/lv\/wp-json\/wp\/v2\/product"}],"about":[{"href":"https:\/\/eco-market24.com\/lv\/wp-json\/wp\/v2\/types\/product"}],"replies":[{"embeddable":true,"href":"https:\/\/eco-market24.com\/lv\/wp-json\/wp\/v2\/comments?post=1723"}],"wp:featuredmedia":[{"embeddable":true,"href":"https:\/\/eco-market24.com\/lv\/wp-json\/wp\/v2\/media\/1958"}],"wp:attachment":[{"href":"https:\/\/eco-market24.com\/lv\/wp-json\/wp\/v2\/media?parent=1723"}],"wp:term":[{"taxonomy":"product_brand","embeddable":true,"href":"https:\/\/eco-market24.com\/lv\/wp-json\/wp\/v2\/product_brand?post=1723"},{"taxonomy":"product_cat","embeddable":true,"href":"https:\/\/eco-market24.com\/lv\/wp-json\/wp\/v2\/product_cat?post=1723"},{"taxonomy":"product_tag","embeddable":true,"href":"https:\/\/eco-market24.com\/lv\/wp-json\/wp\/v2\/product_tag?post=1723"}],"curies":[{"name":"wp","href":"https:\/\/api.w.org\/{rel}","templated":true}]}}