{"id":1728,"date":"2025-09-29T16:21:18","date_gmt":"2025-09-29T14:21:18","guid":{"rendered":"https:\/\/eco-market24.com\/product\/modularais-skirosanas-konteiners-eco-modular-3-x-60-l-balts\/"},"modified":"2025-09-29T20:02:23","modified_gmt":"2025-09-29T18:02:23","slug":"modularais-skirosanas-konteiners-eco-modular-3-x-60-l-balts","status":"publish","type":"product","link":"https:\/\/eco-market24.com\/lv\/products\/modularais-skirosanas-konteiners-eco-modular-3-x-60-l-balts\/","title":{"rendered":"Modul\u0101rais \u0161\u0137iro\u0161anas konteiners Eco Modular 3 x 60 L balts"},"content":{"rendered":"<p>Recycling bin modular \u2014 lab\u0101k\u0101 izv\u0113le publisk\u0101m viet\u0101m<\/p>\n<p>Eco modular atkritumu urna 3 \u00d7 60 l \u2014 balta ir daudzveid\u012bgs risin\u0101jums atkritumu \u0161\u0137iro\u0161anas un vides aizsardz\u012bbas veicin\u0101\u0161anai birojos, skol\u0101s, restor\u0101nos, viesn\u012bc\u0101s, dz\u012bvojamajos kompleksos un publiskaj\u0101s viet\u0101s, piem\u0113ram, tirdzniec\u012bbas centros, stacij\u0101s vai sporta hall\u0113s. T\u0101s kompaktais, modul\u0101rais dizains \u013cauj savienot vair\u0101kas vien\u012bbas, piel\u0101gojot atkritumu tvertnes skaitu individu\u0101laj\u0101m vajadz\u012bb\u0101m.<\/p>\n<p>Produkta p\u0101rskats<\/p>\n<p>  Jauda: 3 \u00d7 60 l<br \/>\n  Kr\u0101sa: Balta<br \/>\n  Konstrukcija: Br\u012bvi st\u0101vo\u0161a, cinkots t\u0113rauds ar baltu pulverkr\u0101sas p\u0101rkl\u0101jumu<br \/>\n  Apdare: Gluda, viegli kopjama virsma<br \/>\n  Iztur\u012bba: Cinko\u0161ana aizsarg\u0101 pret koroziju un mitrumu; pulverkr\u0101sa iztur saskr\u0101p\u0113jumus un meh\u0101niskus boj\u0101jumus<br \/>\n  Modularit\u0101te: Vien\u012bbas var kombin\u0113t, veidojot liel\u0101kas \u0161\u0137iro\u0161anas sist\u0113mas<\/p>\n<p>Funkcionalit\u0101te un \u0113rtums<br \/>\nModul\u0101r\u0101 atkritumu urna ir izstr\u0101d\u0101ta maksim\u0101lai funkcionalit\u0101tei un lietot\u0101ja \u0113rt\u012bbai. Iez\u012bmes:<\/p>\n<p>  \u0112rtas uzmet\u0161anas atveres \u0101trai un intuit\u012bvai \u0161\u0137iro\u0161anai<br \/>\n  Stabils karkass dro\u0161ai lieto\u0161anai uz glud\u0101m virsm\u0101m<br \/>\n  Iek\u0161\u0113j\u0101s cinkot\u0101 t\u0113rauda ielikt\u0146i ar paceljam\u0101m v\u0101ci\u0146\u0101m \u0113rtai iztuk\u0161o\u0161anai<br \/>\n  Kompakts, viegls dizains \u0113rtai novieto\u0161anai un transport\u0113\u0161anai<\/p>\n<p>Standartiz\u0113ta frakciju mar\u0137\u0113\u0161ana<br \/>\n3\u00d7 tvert\u0146u komplektu var apr\u012bkot ar iztur\u012bg\u0101m, nodilumiztur\u012bg\u0101m uzl\u012bm\u0113m ar frakciju nosaukumiem, lai palielin\u0101tu \u0161\u0137iro\u0161anas efektivit\u0101ti. Pieejam\u0101s standarta kr\u0101sas:<\/p>\n<p>  Zils: Pap\u012brs<br \/>\n  Za\u013c\u0161: Stikls<br \/>\n  Dzeltens: Plastmasa un met\u0101ls<br \/>\n  Pel\u0113ks: Mais\u012btie atkritumi<br \/>\n  Br\u016bns: Biolo\u0123iskie atkritumi<\/p>\n<p>Svar\u012bg\u0101k\u0101 inform\u0101cija<\/p>\n<p>  Jauda: 3 \u00d7 60 litri<br \/>\n  Konstrukcija no cinkota t\u0113rauda<br \/>\n  Balts pulverkr\u0101sas p\u0101rkl\u0101jums<br \/>\n  Iesp\u0113ja izv\u0113l\u0113ties frakciju uzl\u012bmes<br \/>\n  Iek\u0161\u0113jie cinkotie t\u0113rauda ielikt\u0146i<br \/>\n  Lielas uzmet\u0161anas atveres un pacelami v\u0101ci\u0146i<br \/>\n  Br\u012bvi st\u0101vo\u0161s, modul\u0101rs dizains<\/p>\n","protected":false},"excerpt":{"rendered":"<p>Eco Modular 3\u00d760 L \u2014 balts modul\u0101rais atkritumu \u0161\u0137iro\u0161anas konteiners, ide\u0101la izv\u0113le sabiedrisk\u0101m viet\u0101m. Univers\u0101ls un iztur\u012bgs, tas veicina efekt\u012bvu atkritumu \u0161\u0137iro\u0161anu un atbalsta vides aizsardz\u012bbu.<\/p>\n","protected":false},"featured_media":1962,"comment_status":"open","ping_status":"closed","template":"","meta":[],"product_brand":[],"product_cat":[70],"product_tag":[],"class_list":{"0":"post-1728","1":"product","2":"type-product","3":"status-publish","4":"has-post-thumbnail","6":"product_cat-waste-containers","8":"first","9":"instock","10":"taxable","11":"shipping-taxable","12":"purchasable","13":"product-type-simple"},"_links":{"self":[{"href":"https:\/\/eco-market24.com\/lv\/wp-json\/wp\/v2\/product\/1728","targetHints":{"allow":["GET"]}}],"collection":[{"href":"https:\/\/eco-market24.com\/lv\/wp-json\/wp\/v2\/product"}],"about":[{"href":"https:\/\/eco-market24.com\/lv\/wp-json\/wp\/v2\/types\/product"}],"replies":[{"embeddable":true,"href":"https:\/\/eco-market24.com\/lv\/wp-json\/wp\/v2\/comments?post=1728"}],"wp:featuredmedia":[{"embeddable":true,"href":"https:\/\/eco-market24.com\/lv\/wp-json\/wp\/v2\/media\/1962"}],"wp:attachment":[{"href":"https:\/\/eco-market24.com\/lv\/wp-json\/wp\/v2\/media?parent=1728"}],"wp:term":[{"taxonomy":"product_brand","embeddable":true,"href":"https:\/\/eco-market24.com\/lv\/wp-json\/wp\/v2\/product_brand?post=1728"},{"taxonomy":"product_cat","embeddable":true,"href":"https:\/\/eco-market24.com\/lv\/wp-json\/wp\/v2\/product_cat?post=1728"},{"taxonomy":"product_tag","embeddable":true,"href":"https:\/\/eco-market24.com\/lv\/wp-json\/wp\/v2\/product_tag?post=1728"}],"curies":[{"name":"wp","href":"https:\/\/api.w.org\/{rel}","templated":true}]}}