{"id":1742,"date":"2025-09-29T16:21:28","date_gmt":"2025-09-29T14:21:28","guid":{"rendered":"https:\/\/eco-market24.com\/product\/atkritumu-skirosanas-tvertne-4-nodalijumu-eco-estri-4-x-60-l-ar-vaciniem\/"},"modified":"2025-09-29T20:01:15","modified_gmt":"2025-09-29T18:01:15","slug":"atkritumu-skirosanas-tvertne-4-nodalijumu-eco-estri-4-x-60-l-ar-vaciniem","status":"publish","type":"product","link":"https:\/\/eco-market24.com\/lv\/products\/atkritumu-skirosanas-tvertne-4-nodalijumu-eco-estri-4-x-60-l-ar-vaciniem\/","title":{"rendered":"Atkritumu \u0161\u0137iro\u0161anas tvertne 4 nodal\u012bjumu Eco Estri 4 x 60 l ar v\u0101ci\u0146iem"},"content":{"rendered":"<p>Atkritumu \u0161\u0137iro\u0161anas tvertne \u2014 4 nodal\u012bjumi birojam, valsts iest\u0101dei un skolai<\/p>\n<p>P\u0101rskats<br \/>\neco Estri 4 x 60 L modul\u0101ra \u0161\u0137iro\u0161anas stacija ar v\u0101kiem apvieno est\u0113tiku un augstu kvalit\u0101ti iek\u0161telpu selekt\u012bvai atkritumu v\u0101k\u0161anai. Ide\u0101li piem\u0113rota skol\u0101m, universit\u0101t\u0113m, valsts iest\u0101d\u0113m, birojiem, veikaliem, tirdzniec\u012bbas centriem un segtiem st\u0101vvietu laukumiem. Piem\u0113rota intens\u012bvi izmantot\u0101m koplieto\u0161anas zon\u0101m un kust\u012bbas ce\u013ciem.<\/p>\n<p>Uzb\u016bve un materi\u0101li<br \/>\nStacija sast\u0101v no \u010detriem konteineriem, katram 60 l tilpuma. Korpuss izpild\u012bts graf\u012bta kr\u0101s\u0101 (RAL 7021). V\u0101ki ir kr\u0101soti p\u0113c kod\u0113juma un apr\u012bkoti ar uzl\u012bm\u0113m, kur\u0101s nor\u0101d\u012bti frakciju nosaukumi. Iek\u0101rta izgatavota no kr\u0101sota t\u0113rauda, lai nodro\u0161in\u0101tu iztur\u012bbu pret meh\u0101niskiem boj\u0101jumiem.<\/p>\n<p>Kr\u0101sas un \u0161\u0137iro\u0161ana<\/p>\n<p>  Za\u013ca \u2014 stikls<br \/>\n  Zila \u2014 pap\u012brs un kartons<br \/>\n  Dzeltena \u2014 plastmasa un met\u0101li<br \/>\n  Pel\u0113ka \u2014 jauktie atkritumi<\/p>\n<p>Funkcion\u0101l\u0101s \u012bpa\u0161\u012bbas<\/p>\n<p>  Funkcion\u0101li \u0161arn\u012bra v\u0101ki, kas nodro\u0161ina aizsardz\u012bbu pret smar\u017e\u0101m<br \/>\n  Maisu r\u0101mji 120 l maisiem, lai maisi tur\u0113tos viet\u0101 pat piln\u012bb\u0101 piepild\u012bti<br \/>\n  Stabiliz\u0113jo\u0161as k\u0101jas dro\u0161ai nostiprin\u0101\u0161anai<br \/>\n  Mont\u0101\u017eas caurumi modu\u013cu savieno\u0161anai, lai papla\u0161in\u0101tu staciju<br \/>\n  Durvis sagatavotas cilpas\/atsl\u0113gas uzlik\u0161anai, lai ierobe\u017eotu piek\u013cuvi<\/p>\n<p>Galven\u0101 inform\u0101cija<\/p>\n<p>  Tilpums: 4 \u00d7 60 litri<br \/>\n  Materi\u0101ls: kr\u0101sots t\u0113rauds<br \/>\n  Lietojums: iek\u0161telp\u0101s<br \/>\n  Apdare: graf\u012bta korpuss (RAL 7021)<br \/>\n  V\u0101ki: \u0161\u0137iro\u0161anas kr\u0101sas ar frakciju nosaukumu uzl\u012bm\u0113m<br \/>\n  Papildus: \u0161arn\u012bra v\u0101ki, maisu r\u0101mji, stabiliz\u0113jo\u0161as k\u0101jas, mont\u0101\u017eas caurumi, durvis gatavas sl\u0113dzenei<\/p>\n","protected":false},"excerpt":{"rendered":"<p>Eco Estri 4 x 60 L 4\u2011nodal\u012bjumu atkritumu konteiners ar v\u0101ci\u0146iem \u2014 stil\u012bga, augstas kvalit\u0101tes modul\u0101ra stacija selekt\u012bvai atkritumu sav\u0101k\u0161anai un \u0161\u0137iro\u0161anai, ide\u0101li piem\u0113rota birojiem, valsts iest\u0101d\u0113m un skol\u0101m.<\/p>\n","protected":false},"featured_media":1968,"comment_status":"open","ping_status":"closed","template":"","meta":[],"product_brand":[],"product_cat":[70],"product_tag":[],"class_list":{"0":"post-1742","1":"product","2":"type-product","3":"status-publish","4":"has-post-thumbnail","6":"product_cat-waste-containers","8":"first","9":"instock","10":"taxable","11":"shipping-taxable","12":"purchasable","13":"product-type-simple"},"_links":{"self":[{"href":"https:\/\/eco-market24.com\/lv\/wp-json\/wp\/v2\/product\/1742","targetHints":{"allow":["GET"]}}],"collection":[{"href":"https:\/\/eco-market24.com\/lv\/wp-json\/wp\/v2\/product"}],"about":[{"href":"https:\/\/eco-market24.com\/lv\/wp-json\/wp\/v2\/types\/product"}],"replies":[{"embeddable":true,"href":"https:\/\/eco-market24.com\/lv\/wp-json\/wp\/v2\/comments?post=1742"}],"wp:featuredmedia":[{"embeddable":true,"href":"https:\/\/eco-market24.com\/lv\/wp-json\/wp\/v2\/media\/1968"}],"wp:attachment":[{"href":"https:\/\/eco-market24.com\/lv\/wp-json\/wp\/v2\/media?parent=1742"}],"wp:term":[{"taxonomy":"product_brand","embeddable":true,"href":"https:\/\/eco-market24.com\/lv\/wp-json\/wp\/v2\/product_brand?post=1742"},{"taxonomy":"product_cat","embeddable":true,"href":"https:\/\/eco-market24.com\/lv\/wp-json\/wp\/v2\/product_cat?post=1742"},{"taxonomy":"product_tag","embeddable":true,"href":"https:\/\/eco-market24.com\/lv\/wp-json\/wp\/v2\/product_tag?post=1742"}],"curies":[{"name":"wp","href":"https:\/\/api.w.org\/{rel}","templated":true}]}}