{"id":1783,"date":"2025-09-29T16:21:44","date_gmt":"2025-09-29T14:21:44","guid":{"rendered":"https:\/\/eco-market24.com\/product\/3-nodalijumu-skirosanas-atkritumu-tvertne-eco-star-3-x-60-l\/"},"modified":"2025-09-29T20:01:10","modified_gmt":"2025-09-29T18:01:10","slug":"3-nodalijumu-skirosanas-atkritumu-tvertne-eco-star-3-x-60-l","status":"publish","type":"product","link":"https:\/\/eco-market24.com\/lv\/products\/3-nodalijumu-skirosanas-atkritumu-tvertne-eco-star-3-x-60-l\/","title":{"rendered":"3 nodal\u012bjumu \u0161\u0137iro\u0161anas atkritumu tvertne Eco Star 3 x 60 l"},"content":{"rendered":"<p>Tr\u012bs nodal\u012bjumu atkritumu tvertne \u2014 p\u0101rbaud\u012bta iek\u0161telp\u0101m<br \/>\neco star 3 x 60 L 3-nodal\u012bjumu \u0161\u0137iro\u0161anas tvertne apvieno funkcionalit\u0101ti un est\u0113tiku. T\u0101s augst\u0101 kvalit\u0101te un elegants izskats atbilst uz\u0146\u0113mumu pras\u012bb\u0101m veikt selekt\u012bvu atkritumu v\u0101k\u0161anu. Piem\u0113rota birojiem, valsts iest\u0101d\u0113m, kl\u012bnik\u0101m, skol\u0101m, veikaliem, tirdzniec\u012bbas centriem, servisa stacij\u0101m, dzelzce\u013ca stacij\u0101m un nojaukt\u0101m lielas ietilp\u012bbas autost\u0101vviet\u0101m.<\/p>\n<p>Konstrukcija un materi\u0101li<br \/>\n  Ietilp\u012bba: 3 \u00d7 60 L<br \/>\n  Korpuss: kr\u0101sots t\u0113rauds, graf\u012bta (RAL 7024)<br \/>\n  Iztur\u012bba: iztur\u012bgs pret meh\u0101niskiem boj\u0101jumiem un nejau\u0161iem triecieniem<br \/>\n  Paredz\u0113ta lieto\u0161ana: iek\u0161telp\u0101s<\/p>\n<p>\u0160\u0137iro\u0161ana un mar\u0137\u0113\u0161ana<br \/>\nApr\u012bkota ar liel\u0101m uzl\u012bm\u0113m, kas nosauc frakcijas un iepl\u016bdes atveres \u0161\u0137iro\u0161anas kr\u0101s\u0101s skaidrai komunik\u0101cijai. Pieejam\u0101s iepl\u016bdes kr\u0101sas atbilsto\u0161i Klimata un vides ministrijas vadl\u012bnij\u0101m:<br \/>\n  Dzeltens \u2014 plastmasa un met\u0101li<br \/>\n  Zils \u2014 pap\u012brs<br \/>\n  Za\u013c\u0161 \u2014 stikls<br \/>\n  Br\u016bns \u2014 bioatkritumi<br \/>\n  Graf\u012bts \u2014 jauktie atkritumi<\/p>\n<p>Praktiskas iez\u012bmes<br \/>\n  Maisu r\u0101mis maisu satver\u0161anai viet\u0101 (piem\u0113rots 120 L maisiem)<br \/>\n  Nov\u0113r\u0161 izbir\u0161anu piln\u012bb\u0101 piepild\u012bt\u0101 veid\u0101; viegli iztuk\u0161ot un t\u012br\u012bt<br \/>\n  Stabiliz\u0101cijas k\u0101jas stabilit\u0101tei<br \/>\n  Mont\u0101\u017eas caurumi modu\u013cu savieno\u0161anai<br \/>\n  Durvis ar iesp\u0113ju uzlikt sl\u0113dzeni piek\u013cuves ierobe\u017eo\u0161anai<\/p>\n<p>Galven\u0101 inform\u0101cija<br \/>\n  Ietilp\u012bba: 3 \u00d7 60 litri<br \/>\n  Materi\u0101ls: kr\u0101sots t\u0113rauds<br \/>\n  Lieto\u0161ana: iek\u0161telp\u0101s<br \/>\n  Kr\u0101sa: graf\u012bta (RAL 7024)<br \/>\n  Iepl\u016bdes atveres un uzl\u012bmes 5 \u0161\u0137iro\u0161anas kr\u0101s\u0101s<br \/>\n  Iesp\u0113jas: maisu r\u0101mis, stabiliz\u0101cijas k\u0101jas, mont\u0101\u017eas caurumi, sl\u0113dzenes iesp\u0113ja<\/p>\n","protected":false},"excerpt":{"rendered":"<p>Tr\u012bs nodal\u012bjumu atkritumu tvertne \u2014 piem\u0113rota lieto\u0161anai telp\u0101s, Eco Star tr\u012bs nodal\u012bjumu p\u0101rstr\u0101des tvertne (3 x 60 l) apvieno funkcionalit\u0101ti un est\u0113tiku. T\u0101 augstas kvalit\u0101tes, elegants dizains atbilst uz\u0146\u0113mumu vajadz\u012bb\u0101m, kuriem uz vietas j\u0101veic oblig\u0101ta atsevi\u0161\u0137u atkritumu v\u0101k\u0161ana.<\/p>\n","protected":false},"featured_media":1989,"comment_status":"open","ping_status":"closed","template":"","meta":[],"product_brand":[],"product_cat":[70],"product_tag":[],"class_list":{"0":"post-1783","1":"product","2":"type-product","3":"status-publish","4":"has-post-thumbnail","6":"product_cat-waste-containers","8":"first","9":"instock","10":"taxable","11":"shipping-taxable","12":"purchasable","13":"product-type-simple"},"_links":{"self":[{"href":"https:\/\/eco-market24.com\/lv\/wp-json\/wp\/v2\/product\/1783","targetHints":{"allow":["GET"]}}],"collection":[{"href":"https:\/\/eco-market24.com\/lv\/wp-json\/wp\/v2\/product"}],"about":[{"href":"https:\/\/eco-market24.com\/lv\/wp-json\/wp\/v2\/types\/product"}],"replies":[{"embeddable":true,"href":"https:\/\/eco-market24.com\/lv\/wp-json\/wp\/v2\/comments?post=1783"}],"wp:featuredmedia":[{"embeddable":true,"href":"https:\/\/eco-market24.com\/lv\/wp-json\/wp\/v2\/media\/1989"}],"wp:attachment":[{"href":"https:\/\/eco-market24.com\/lv\/wp-json\/wp\/v2\/media?parent=1783"}],"wp:term":[{"taxonomy":"product_brand","embeddable":true,"href":"https:\/\/eco-market24.com\/lv\/wp-json\/wp\/v2\/product_brand?post=1783"},{"taxonomy":"product_cat","embeddable":true,"href":"https:\/\/eco-market24.com\/lv\/wp-json\/wp\/v2\/product_cat?post=1783"},{"taxonomy":"product_tag","embeddable":true,"href":"https:\/\/eco-market24.com\/lv\/wp-json\/wp\/v2\/product_tag?post=1783"}],"curies":[{"name":"wp","href":"https:\/\/api.w.org\/{rel}","templated":true}]}}