{"id":1823,"date":"2025-09-29T16:21:21","date_gmt":"2025-09-29T14:21:21","guid":{"rendered":"https:\/\/eco-market24.com\/product\/3-nodalijumu-skirosanas-atkritumu-tvertne-eco-estri-3-x-60-l-cinkota\/"},"modified":"2025-09-29T20:02:17","modified_gmt":"2025-09-29T18:02:17","slug":"3-nodalijumu-skirosanas-atkritumu-tvertne-eco-estri-3-x-60-l-cinkota","status":"publish","type":"product","link":"https:\/\/eco-market24.com\/lv\/products\/3-nodalijumu-skirosanas-atkritumu-tvertne-eco-estri-3-x-60-l-cinkota\/","title":{"rendered":"3 nodal\u012bjumu \u0161\u0137iro\u0161anas atkritumu tvertne Eco Estri, 3 x 60 l, cinkota"},"content":{"rendered":"<p>Komplekts ar 3 atkritumu tvertn\u0113m \u0161\u0137iro\u0161anai \u2014 eco estri 3 x 60 L<\/p>\n<p>Funkcion\u0101ls tr\u012bsda\u013c\u012bgs p\u0101rstr\u0101des konteiners, piem\u0113rots publisk\u0101m viet\u0101m un sl\u0113gt\u0101m telp\u0101m. Izstr\u0101d\u0101ts iek\u0161telp\u0101m un \u0101rtelp\u0101m, ide\u0101ls skol\u0101m, valsts iest\u0101d\u0113m, slimn\u012bc\u0101m, st\u0101vviet\u0101m, benz\u012bntankiem, rota\u013cu laukumiem, izklaides parkiem, kinote\u0101triem, muzejiem un te\u0101triem.<\/p>\n<p>Tehniskie dati<\/p>\n<p>  Tilpums: 3 \u00d7 60 L<br \/>\n  Kr\u0101sa: Graf\u012bts (RAL 7021)<br \/>\n  Materi\u0101ls: Cinkots t\u0113rauds (iztur\u012bgs pret koroziju, UV, laika apst\u0101k\u013ciem un meh\u0101niskiem boj\u0101jumiem)<br \/>\n  Lieto\u0161ana: Iek\u0161telp\u0101s un \u0101r\u0101<\/p>\n<p>Iek\u013caut\u0101s un funkcion\u0101l\u0101s iesp\u0113jas<\/p>\n<p>  Kr\u0101sainas eti\u0137etes ar frakciju nosaukumiem nos\u016bt\u012btas atsevi\u0161\u0137i pa\u0161uzl\u012bm\u0113\u0161anai<br \/>\n  Maisu ri\u0146\u0137i (piem\u0113roti 120 L maisiem), lai maisi nenosl\u012bd\u0113tu uz dibenu<br \/>\n  Tr\u012bs durvis ar sl\u0113dzamiem aizsl\u0113giem ierobe\u017eotai piek\u013cuvei<br \/>\n  Mont\u0101\u017eas caurumi modu\u013cu savieno\u0161anai p\u0113c vajadz\u012bbas<\/p>\n<p>Frakciju eti\u0137e\u0161u kr\u0101sas<\/p>\n<p>  Sajauktie atkritumi \u2014 graf\u012bts<br \/>\n  Plastmasa un met\u0101li \u2014 dzeltena<br \/>\n  Pap\u012brs \u2014 zila<br \/>\n  Stikls \u2014 za\u013ca<br \/>\n  Biolo\u0123iskie atkritumi \u2014 br\u016bna<\/p>\n<p>Galvenie raksturojumi<\/p>\n<p>  Tilpums: 3 \u00d7 60 L<br \/>\n  Graf\u012bta kr\u0101sa (RAL 7021)<br \/>\n  Cinkota t\u0113rauda konstrukcija<br \/>\n  Piem\u0113rots \u0101r- un iek\u0161telp\u0101m<br \/>\n  Kr\u0101sainas eti\u0137etes selekt\u012bvai atkritumu sav\u0101k\u0161anai (nos\u016bt\u012btas atsevi\u0161\u0137i)<br \/>\n  Maisu ri\u0146\u0137i un durvis ar sl\u0113dzen\u0113m<br \/>\n  Modu\u013cu savieno\u0161anas iesp\u0113ja, izmantojot mont\u0101\u017eas caurumus<\/p>\n","protected":false},"excerpt":{"rendered":"<p>Komplekts ar 3 x 60 l atkritumu \u0161\u0137iro\u0161anas tvertn\u0113m publisk\u0101m un iek\u0161telpu telp\u0101m \u2014 Eco Estri 3 nodal\u012bjumu \u0161\u0137iro\u0161anas sist\u0113ma: iztur\u012bgs, funkcion\u0101ls risin\u0101jums videi draudz\u012bgu paradumu ievie\u0161anai.<\/p>\n","protected":false},"featured_media":2167,"comment_status":"open","ping_status":"closed","template":"","meta":[],"product_brand":[],"product_cat":[70],"product_tag":[],"class_list":{"0":"post-1823","1":"product","2":"type-product","3":"status-publish","4":"has-post-thumbnail","6":"product_cat-waste-containers","8":"first","9":"instock","10":"taxable","11":"shipping-taxable","12":"purchasable","13":"product-type-simple"},"_links":{"self":[{"href":"https:\/\/eco-market24.com\/lv\/wp-json\/wp\/v2\/product\/1823","targetHints":{"allow":["GET"]}}],"collection":[{"href":"https:\/\/eco-market24.com\/lv\/wp-json\/wp\/v2\/product"}],"about":[{"href":"https:\/\/eco-market24.com\/lv\/wp-json\/wp\/v2\/types\/product"}],"replies":[{"embeddable":true,"href":"https:\/\/eco-market24.com\/lv\/wp-json\/wp\/v2\/comments?post=1823"}],"wp:featuredmedia":[{"embeddable":true,"href":"https:\/\/eco-market24.com\/lv\/wp-json\/wp\/v2\/media\/2167"}],"wp:attachment":[{"href":"https:\/\/eco-market24.com\/lv\/wp-json\/wp\/v2\/media?parent=1823"}],"wp:term":[{"taxonomy":"product_brand","embeddable":true,"href":"https:\/\/eco-market24.com\/lv\/wp-json\/wp\/v2\/product_brand?post=1823"},{"taxonomy":"product_cat","embeddable":true,"href":"https:\/\/eco-market24.com\/lv\/wp-json\/wp\/v2\/product_cat?post=1823"},{"taxonomy":"product_tag","embeddable":true,"href":"https:\/\/eco-market24.com\/lv\/wp-json\/wp\/v2\/product_tag?post=1823"}],"curies":[{"name":"wp","href":"https:\/\/api.w.org\/{rel}","templated":true}]}}