{"id":2156,"date":"2025-09-29T16:21:26","date_gmt":"2025-09-29T14:21:26","guid":{"rendered":"https:\/\/eco-market24.com\/product\/atkritumu-tvertne-2-nodalijumu-eco-estri-2-x-60-l-ar-vartiniem\/"},"modified":"2025-09-29T20:02:10","modified_gmt":"2025-09-29T18:02:10","slug":"atkritumu-tvertne-2-nodalijumu-eco-estri-2-x-60-l-ar-vartiniem","status":"publish","type":"product","link":"https:\/\/eco-market24.com\/lv\/products\/atkritumu-tvertne-2-nodalijumu-eco-estri-2-x-60-l-ar-vartiniem\/","title":{"rendered":"Atkritumu tvertne 2 nodal\u012bjumu eco Estri 2 x 60 l ar v\u0101rti\u0146iem"},"content":{"rendered":"<p>Eco Estri 2 nodal\u012bjumu p\u0101rstr\u0101des konteiners \u2014 2 x 60 L ar klap\u0113m<br \/>\nEst\u0113tisks iek\u0161telpu p\u0101rstr\u0101des konteiners, kas apvieno elegantus dizaina risin\u0101jumus un augstas kvalit\u0101tes izpildi. Galvenok\u0101rt paredz\u0113ts selekt\u012bvai atkritumu sav\u0101k\u0161anai iek\u0161telp\u0101s, piem\u0113ram, skol\u0101s, valsts iest\u0101d\u0113s, publiskaj\u0101s instit\u016bcij\u0101s, veikalos, tirdzniec\u012bbas centros, p\u0101rkl\u0101t\u0101s st\u0101vviet\u0101s, koridoros un uz\u0146\u0113mumu \u0113dn\u012bc\u0101s. Vien\u012bba pieejama graf\u012bta kr\u0101s\u0101 (RAL 7021). Pl\u016bsmu mar\u0137\u0113\u0161anai izmanto kr\u0101sainus v\u0101ci\u0146us un lielas uzl\u012bmes ar frakciju nosaukumiem \u2014 klientam iesp\u0113jams izv\u0113l\u0113ties 2 no 5 pamata kr\u0101s\u0101m. Pieejamas ar\u012b versijas ar vair\u0101k modu\u013ciem.<\/p>\n<p>Konstrukcija un iztur\u012bba<br \/>\n\u0160is iztur\u012bgais 2 nodal\u012bjumu p\u0101rstr\u0101des konteiners (2 x 60 L) ir izgatavots no augstas kvalit\u0101tes kr\u0101sota t\u0113rauda, nodro\u0161inot pievilc\u012bgu risin\u0101jumu iek\u0161telp\u0101m ar lielu iztur\u012bbu pret meh\u0101niskiem boj\u0101jumiem. Tas iztur nejau\u0161us triecienus, kas bie\u017ei sastopami intens\u012bvi izmantot\u0101s skolu vai biroju zon\u0101s, un ir piem\u0113rots lielas noslodzes viet\u0101m, piem\u0113ram, tirdzniec\u012bbas centriem.<\/p>\n<p>Pieejam\u0101s \u0161\u0137iro\u0161anas kr\u0101sas<br \/>\n2 nodal\u012bjumu konteiners ir skaidri mar\u0137\u0113ts, lai atvieglotu selekt\u012bvo atkritumu sav\u0101k\u0161anu. Identifik\u0101cij\u0101 ietilpst kr\u0101saini v\u0101ci\u0146i, kas p\u0101rkl\u0101j iepl\u016bdes atveres, un uzl\u012bmes ar frakciju nosaukumiem saska\u0146\u0101 ar sp\u0113k\u0101 eso\u0161aj\u0101m normat\u012bv\u0101m pras\u012bb\u0101m (piem\u0113ram):<\/p>\n<p>  Br\u016bna \u2014 biolo\u0123iski no\u0101rd\u0101mi atkritumi<br \/>\n  Graf\u012bta \u2014 jauktie atkritumi<\/p>\n<p>Funkcionalit\u0101te un higi\u0113na<br \/>\nParedz\u0113ts iek\u0161telp\u0101m, kur svar\u012bga ir est\u0113tika, funkcionalit\u0101te un higi\u0113na; konteiners apr\u012bkots ar praktiskiem veramajiem v\u0101ci\u0146iem, kas atvieglo \u0161\u0137iro\u0161anu un ierobe\u017eo smakas. Vien\u012bb\u0101 iek\u013cauti r\u0101mji 120 L maisiem, kas notur maisus viet\u0101 neatkar\u012bgi no piepild\u012bjuma l\u012bme\u0146a, padarot iztuk\u0161o\u0161anu un t\u012br\u012b\u0161anu \u0113rt\u0101ku.<\/p>\n<p>Dro\u0161\u012bba un uzst\u0101d\u012b\u0161ana<\/p>\n<p>  St\u0101v uz \u010detriem stabiliz\u0113jo\u0161iem p\u0113d\u0101m nodro\u0161inot struktur\u0101lu stabilit\u0101ti<br \/>\n  Katra modu\u013ca durvis sagatavotas sl\u0113dzenes\/piekaramo atsl\u0113gu uzst\u0101d\u012b\u0161anai, lai nov\u0113rstu nesankcion\u0113tu piek\u013cuvi<br \/>\n  Apr\u012bkots ar mont\u0101\u017eas caurumiem modu\u013cu savieno\u0161anai p\u0113c nepiecie\u0161am\u012bbas<\/p>\n<p>Galven\u0101 inform\u0101cija<\/p>\n<p>  Tilpums: 2 x 60 litri<br \/>\n  Materi\u0101ls: kr\u0101sots t\u0113rauds<br \/>\n  Lietojums: iek\u0161telp\u0101s<br \/>\n  Iztur\u012bba: iztur\u012bgs pret meh\u0101niskiem boj\u0101jumiem<br \/>\n  Korpusa kr\u0101sa: graf\u012bts (RAL 7021)<br \/>\n  \u0160\u0137iro\u0161anas v\u0101ci\u0146i: izv\u0113l\u0113ties 2 no 5 kr\u0101s\u0101m<br \/>\n  Uzl\u012bmes: frakciju nosaukumi iek\u013cauti<br \/>\n  Dro\u0161\u012bba: durvis sagatavotas piekaramajai sl\u0113dzenei<br \/>\n  V\u0101ci\u0146i: veramie<br \/>\n  Piederumi: r\u0101mji 120 L maisiem<br \/>\n  K\u0101jas: stabiliz\u0113jo\u0161as<br \/>\n  Savieno\u0161ana: mont\u0101\u017eas caurumi modu\u013cu savieno\u0161anai<\/p>\n","protected":false},"excerpt":{"rendered":"<p>Est\u0113tisks iek\u0161telp\u0101m paredz\u0113ts divu nodal\u012bjumu p\u0101rstr\u0101des atkritumu konteiners (2 \u00d7 60 l) ar v\u0101ci\u0146iem \u2014 apvieno stil\u012bgu dizainu un augstas kvalit\u0101tes izpild\u012bjumu vienk\u0101r\u0161ai, efekt\u012bvai selekt\u012bvai atkritumu \u0161\u0137iro\u0161anai jebkur\u0101 iek\u0161telp\u0101.<\/p>\n","protected":false},"featured_media":2280,"comment_status":"open","ping_status":"closed","template":"","meta":[],"product_brand":[],"product_cat":[70],"product_tag":[],"class_list":{"0":"post-2156","1":"product","2":"type-product","3":"status-publish","4":"has-post-thumbnail","6":"product_cat-waste-containers","8":"first","9":"instock","10":"taxable","11":"shipping-taxable","12":"purchasable","13":"product-type-simple"},"_links":{"self":[{"href":"https:\/\/eco-market24.com\/lv\/wp-json\/wp\/v2\/product\/2156","targetHints":{"allow":["GET"]}}],"collection":[{"href":"https:\/\/eco-market24.com\/lv\/wp-json\/wp\/v2\/product"}],"about":[{"href":"https:\/\/eco-market24.com\/lv\/wp-json\/wp\/v2\/types\/product"}],"replies":[{"embeddable":true,"href":"https:\/\/eco-market24.com\/lv\/wp-json\/wp\/v2\/comments?post=2156"}],"wp:featuredmedia":[{"embeddable":true,"href":"https:\/\/eco-market24.com\/lv\/wp-json\/wp\/v2\/media\/2280"}],"wp:attachment":[{"href":"https:\/\/eco-market24.com\/lv\/wp-json\/wp\/v2\/media?parent=2156"}],"wp:term":[{"taxonomy":"product_brand","embeddable":true,"href":"https:\/\/eco-market24.com\/lv\/wp-json\/wp\/v2\/product_brand?post=2156"},{"taxonomy":"product_cat","embeddable":true,"href":"https:\/\/eco-market24.com\/lv\/wp-json\/wp\/v2\/product_cat?post=2156"},{"taxonomy":"product_tag","embeddable":true,"href":"https:\/\/eco-market24.com\/lv\/wp-json\/wp\/v2\/product_tag?post=2156"}],"curies":[{"name":"wp","href":"https:\/\/api.w.org\/{rel}","templated":true}]}}