{"id":2226,"date":"2025-09-29T16:20:56","date_gmt":"2025-09-29T14:20:56","guid":{"rendered":"https:\/\/eco-market24.com\/product\/venge-koka-parka-atkritumu-tvertne-110-l\/"},"modified":"2025-09-29T20:05:24","modified_gmt":"2025-09-29T18:05:24","slug":"venge-koka-parka-atkritumu-tvertne-110-l","status":"publish","type":"product","link":"https:\/\/eco-market24.com\/lv\/products\/venge-koka-parka-atkritumu-tvertne-110-l\/","title":{"rendered":"Venge koka parka atkritumu tvertne 110 L"},"content":{"rendered":"<p>Koka venge 110 L parka atkritumu tvertne \u2014 est\u0113tisks ielu\/pils\u0113tas atkritumu konteiners<\/p>\n<p>Koka venge 110 L parka tvertne ir lielisks risin\u0101jums publisk\u0101m viet\u0101m. Izgatavota no pulverkr\u0101sotas cinkotas t\u0113rauda konstrukcijas ar koks\u2013plastmasas kompoz\u012bta (WPC) d\u0113l\u012b\u0161iem priedes kr\u0101s\u0101 un graf\u012bta t\u0113rauda elementiem (RAL 7016), t\u0101 apvieno augstu iztur\u012bbu ar est\u0113tisku dizainu, kas papildina pils\u0113tas un rekre\u0101cijas vidi.<\/p>\n<p>Tipisk\u0101 pielieto\u0161ana<br \/>\n&#8211; Pils\u0113tu centri un dz\u012bvojam\u0101s zonas gar g\u0101j\u0113ju mar\u0161rutiem<br \/>\n&#8211; Autobusu, tramvaju un metro pieturas<br \/>\n&#8211; Pils\u0113tas laukumi, tirgus vietas un sabiedrisk\u0101s pulc\u0113\u0161an\u0101s vietas<br \/>\n&#8211; Blakus skol\u0101m, birojiem, slimn\u012bc\u0101m un bibliot\u0113k\u0101m<br \/>\n&#8211; Parki, atp\u016btas zonas, celi\u0146i, soli\u0146i un piknika vietas<\/p>\n<p>Galven\u0101s \u012bpa\u0161\u012bbas<br \/>\n&#8211; Tilpums: 110 litri<br \/>\n&#8211; Konstrukcija: pulverkr\u0101sots cinkots t\u0113rauds<br \/>\n&#8211; D\u0113l\u012b\u0161i: WPC (koks\u2013plastmasas kompoz\u012bts), priedes kr\u0101sa<br \/>\n&#8211; T\u0113rauda elementi: graf\u012bts (RAL 7016)<br \/>\n&#8211; Iek\u0161\u0113jais ieliktnis: cinkots t\u0113rauda ieliktnis \u0113rtai iztuk\u0161o\u0161anai un t\u012br\u012b\u0161anai<br \/>\n&#8211; Dro\u0161\u012bba: durvis aizsl\u0113dzamas ar atsl\u0113gu (piek\u013cuve tikai pilnvarotai person\u0101)<br \/>\n&#8211; Uzst\u0101d\u012b\u0161ana: iesp\u0113ja nostiprin\u0101t pie zemes<br \/>\n&#8211; Sertifik\u0101ti: ISO, BV un TUV<\/p>\n<p>Iztur\u012bba un apkope<br \/>\nTvertne ir iztur\u012bga pret meh\u0101niskiem boj\u0101jumiem, UV starojumu, lietu, sniegu un ekstr\u0113miem temperat\u016bras apst\u0101k\u013ciem. T\u0101s cinkot\u0101, pulverkr\u0101sot\u0101 konstrukcija un WPC d\u0113l\u012b\u0161i samazina apkopes izmaksas un nodro\u0161ina iztur\u012bbu pret vand\u0101lismu, saglab\u0101jot labu tehnisko st\u0101vokli gadu gait\u0101.<\/p>\n<p>Est\u0113tika un funkcionalit\u0101te<br \/>\nDizains pied\u0101v\u0101 pla\u0161u ielik\u0161anas atveri \u0113rtai atkritumu ielik\u0161anai, vienlaikus sapl\u016bstot ar apk\u0101rt\u0113jo arhitekt\u016bru. Praktiski konstrukt\u012bvi risin\u0101jumi nodro\u0161ina \u0113rtu lieto\u0161anu un vienk\u0101r\u0161u apkopi nozi\u0146o\u0161anas person\u0101lam.<\/p>\n","protected":false},"excerpt":{"rendered":"<p>Est\u0113tiska ielu atkritumu tvertne parkiem un pils\u0113tas telp\u0101m \u2014 110 l Wenge koka parka atkritumu tvertne, izgatavota no augstas kvalit\u0101tes materi\u0101liem, ar lielu iztur\u012bbu un izsmalcin\u0101tu dizainu, kas papildina pils\u0113tas arhitekt\u016bru.<\/p>\n","protected":false},"featured_media":2359,"comment_status":"open","ping_status":"closed","template":"","meta":[],"product_brand":[],"product_cat":[169],"product_tag":[],"class_list":{"0":"post-2226","1":"product","2":"type-product","3":"status-publish","4":"has-post-thumbnail","6":"product_cat-ielu-un-parku-atkritumu-tvertnes","8":"first","9":"instock","10":"taxable","11":"shipping-taxable","12":"purchasable","13":"product-type-simple"},"_links":{"self":[{"href":"https:\/\/eco-market24.com\/lv\/wp-json\/wp\/v2\/product\/2226","targetHints":{"allow":["GET"]}}],"collection":[{"href":"https:\/\/eco-market24.com\/lv\/wp-json\/wp\/v2\/product"}],"about":[{"href":"https:\/\/eco-market24.com\/lv\/wp-json\/wp\/v2\/types\/product"}],"replies":[{"embeddable":true,"href":"https:\/\/eco-market24.com\/lv\/wp-json\/wp\/v2\/comments?post=2226"}],"wp:featuredmedia":[{"embeddable":true,"href":"https:\/\/eco-market24.com\/lv\/wp-json\/wp\/v2\/media\/2359"}],"wp:attachment":[{"href":"https:\/\/eco-market24.com\/lv\/wp-json\/wp\/v2\/media?parent=2226"}],"wp:term":[{"taxonomy":"product_brand","embeddable":true,"href":"https:\/\/eco-market24.com\/lv\/wp-json\/wp\/v2\/product_brand?post=2226"},{"taxonomy":"product_cat","embeddable":true,"href":"https:\/\/eco-market24.com\/lv\/wp-json\/wp\/v2\/product_cat?post=2226"},{"taxonomy":"product_tag","embeddable":true,"href":"https:\/\/eco-market24.com\/lv\/wp-json\/wp\/v2\/product_tag?post=2226"}],"curies":[{"name":"wp","href":"https:\/\/api.w.org\/{rel}","templated":true}]}}