{"id":2230,"date":"2025-09-29T16:20:55","date_gmt":"2025-09-29T14:20:55","guid":{"rendered":"https:\/\/eco-market24.com\/product\/pilsetas-koka-iroko-atkritumu-tvertne-100-l\/"},"modified":"2025-09-29T20:05:26","modified_gmt":"2025-09-29T18:05:26","slug":"pilsetas-koka-iroko-atkritumu-tvertne-100-l","status":"publish","type":"product","link":"https:\/\/eco-market24.com\/lv\/products\/pilsetas-koka-iroko-atkritumu-tvertne-100-l\/","title":{"rendered":"Pils\u0113tas koka iroko atkritumu tvertne 100 l"},"content":{"rendered":"<p>M\u016bsdien\u012bgs koka pils\u0113tas atkritumu konteiners Iroko \u2014 pils\u0113tai, parkam un dz\u012bvojamajai apkaimei<\/p>\n<p>P\u0101rskats<br \/>\nKoka pils\u0113tas atkritumu konteiners Iroko 100 l apvieno m\u016bsdien\u012bgu dizainu un funkcion\u0101lus risin\u0101jumus. Piem\u0113rots publisk\u0101m viet\u0101m, piem\u0113ram, biroju \u0113k\u0101m, parkiem, laukumiem, pa\u0161vald\u012bbu iest\u0101d\u0113m, skol\u0101m, stacij\u0101m, autobusu termin\u0101\u013ciem, veikaliem, lieliem st\u0101vlaukumiem un dz\u012bvojamajiem rajoniem.<\/p>\n<p>Konstrukcija un materi\u0101li<br \/>\n\u0100ra atkritumu konteiners ir ar korpusu no cinkota t\u0113rauda, pulverkr\u0101sots graf\u012bta kr\u0101s\u0101 (RAL 7016) un durv\u012bm no kompoz\u012btkoksnes (WPC) priedes ton\u012b. Iek\u013cauts iek\u0161\u0113jais ieliktnis no cinkotas lok\u0161\u0146u met\u0101la un aizsargjumts. Konteineru var piestiprin\u0101t pie zemes, pieskr\u016bv\u0113jot.<\/p>\n<p>Iztur\u012bba un veiktsp\u0113ja<br \/>\nMeh\u0101niski iztur\u012bgs un paredz\u0113ts intens\u012bvai lieto\u0161anai, konteiners ir iztur\u012bgs pret laikapst\u0101k\u013ciem \u2014 tas iztur deform\u0101ciju no augst\u0101m temperat\u016br\u0101m, UV izbal\u0113\u0161anu un koroziju, padarot to piem\u0113rotu lieto\u0161anai \u0101r\u0101 visu gadu.<\/p>\n<p>Funkcionalit\u0101te un dizains<br \/>\nKonteineram ar jumtu ir divas lielas ieejas atveres un durvis, kas nodro\u0161ina un atvieglo iek\u0161\u0113j\u0101 met\u0101la ielikt\u0146a iz\u0146em\u0161anu, \u013caujot viegli iztuk\u0161ot un t\u012br\u012bt. Jumts aizsarg\u0101 no lietus un v\u0113ja un pal\u012bdz nov\u0113rst p\u0101r\u0101k lielu atkritumu iemeti.<\/p>\n<p>Galven\u0101s specifik\u0101cijas<br \/>\n&#8211; Tilpums: 100 litri<br \/>\n&#8211; Sertifik\u0101ti: ISO, BV, TUV<br \/>\n&#8211; Korpuss: cinkots t\u0113rauds, pulverkr\u0101sots<br \/>\n&#8211; Kr\u0101sa: graf\u012bts (RAL 7016)<br \/>\n&#8211; Durvis: kompoz\u012btkoksne (WPC), priedes tonis<br \/>\n&#8211; Iek\u0161\u0113jais ieliktnis: cinkots lok\u0161\u0146u met\u0101ls<br \/>\n&#8211; Iesp\u0113jas: jumts, 2 lielas ieejas atveres<br \/>\n&#8211; Piestiprin\u0101\u0161ana: pie zemes, pieskr\u016bv\u0113jot<\/p>\n","protected":false},"excerpt":{"rendered":"<p>Moderns iroko koka pils\u0113tas atkritumu tvertne \u2014 100 l; stil\u012bgs, iztur\u012bgs un funkcion\u0101ls atkritumu risin\u0101jums iel\u0101m, parkiem un dz\u012bvojamo rajonu teritorij\u0101m<\/p>\n","protected":false},"featured_media":2363,"comment_status":"open","ping_status":"closed","template":"","meta":[],"product_brand":[],"product_cat":[169],"product_tag":[],"class_list":{"0":"post-2230","1":"product","2":"type-product","3":"status-publish","4":"has-post-thumbnail","6":"product_cat-ielu-un-parku-atkritumu-tvertnes","8":"first","9":"instock","10":"taxable","11":"shipping-taxable","12":"purchasable","13":"product-type-simple"},"_links":{"self":[{"href":"https:\/\/eco-market24.com\/lv\/wp-json\/wp\/v2\/product\/2230","targetHints":{"allow":["GET"]}}],"collection":[{"href":"https:\/\/eco-market24.com\/lv\/wp-json\/wp\/v2\/product"}],"about":[{"href":"https:\/\/eco-market24.com\/lv\/wp-json\/wp\/v2\/types\/product"}],"replies":[{"embeddable":true,"href":"https:\/\/eco-market24.com\/lv\/wp-json\/wp\/v2\/comments?post=2230"}],"wp:featuredmedia":[{"embeddable":true,"href":"https:\/\/eco-market24.com\/lv\/wp-json\/wp\/v2\/media\/2363"}],"wp:attachment":[{"href":"https:\/\/eco-market24.com\/lv\/wp-json\/wp\/v2\/media?parent=2230"}],"wp:term":[{"taxonomy":"product_brand","embeddable":true,"href":"https:\/\/eco-market24.com\/lv\/wp-json\/wp\/v2\/product_brand?post=2230"},{"taxonomy":"product_cat","embeddable":true,"href":"https:\/\/eco-market24.com\/lv\/wp-json\/wp\/v2\/product_cat?post=2230"},{"taxonomy":"product_tag","embeddable":true,"href":"https:\/\/eco-market24.com\/lv\/wp-json\/wp\/v2\/product_tag?post=2230"}],"curies":[{"name":"wp","href":"https:\/\/api.w.org\/{rel}","templated":true}]}}