{"id":2237,"date":"2025-09-29T16:20:54","date_gmt":"2025-09-29T14:20:54","guid":{"rendered":"https:\/\/eco-market24.com\/product\/ielu-atkritumu-urna-uz-staba-monaco-40-l\/"},"modified":"2025-09-29T20:05:30","modified_gmt":"2025-09-29T18:05:30","slug":"ielu-atkritumu-urna-uz-staba-monaco-40-l","status":"publish","type":"product","link":"https:\/\/eco-market24.com\/lv\/products\/ielu-atkritumu-urna-uz-staba-monaco-40-l\/","title":{"rendered":"Ielu atkritumu urna uz staba Monaco 40 L"},"content":{"rendered":"<p>Bin Street uz staba \u2014 Monaco 40 L<\/p>\n<p>Bin Street uz staba Monaco 40 L ir elegance un augsta kvalit\u0101te apvienojums, ide\u0101li piem\u0113rots pils\u0113tas publiskaj\u0101m viet\u0101m un nelielas m\u0113roga pils\u0113tpl\u0101nojumam. Piem\u0113rots viet\u0101m ar lielu cilv\u0113ku pl\u016bsmu, piem\u0113ram, pieturviet\u0101m, transporta mezgliem, stacij\u0101m, parkiem, laukumiem, biroju \u0113k\u0101m, valsts iest\u0101d\u0113m un dz\u012bvojam\u0101m apkaim\u0113m.<\/p>\n<p>Galven\u0101s \u012bpa\u0161\u012bbas<\/p>\n<p>  Kapacit\u0101te: 40 litri<br \/>\n  Materi\u0101ls: 1,5 mm pulverkr\u0101sota cinkota t\u0113rauda<br \/>\n  Kr\u0101sa: graf\u012bts (RAL 7016)<br \/>\n  Sertifik\u0101ti: ISO, BV, T\u00dcV<br \/>\n  Mont\u0101\u017ea: konstrukcija stiprin\u0101ma uz staba, fiks\u0113ta pie zemes ar skr\u016bv\u0113\u0161anu<br \/>\n  Iztur\u012bba: \u013coti iztur\u012bgs pret meh\u0101nisk\u0101m boj\u0101jumu un nelabv\u0113l\u012bgiem laika apst\u0101k\u013ciem (UV, lietus, sniegs, ekstrem\u0101las temperat\u016bras)<\/p>\n<p>Dizains un prakti\u0137ums<\/p>\n<p>  Liela ieeja ar no\u0146emamu v\u0101ku, kas aizsarg\u0101 pret v\u0113ju un nokri\u0161\u0146iem, vienlaikus \u013caujot viegli iztuk\u0161ot<br \/>\n  Iek\u0161\u0113jais cinkots loksnes ielikt\u0146\u0161 vienk\u0101r\u0161\u0101kai iztuk\u0161o\u0161anai un t\u012br\u012b\u0161anai<br \/>\n  Aizsl\u0113dzams v\u0101ks (atsl\u0113gas aizv\u0113r\u0113js), lai nov\u0113rstu nesankcion\u0113tu piek\u013cuvi<br \/>\n  Iztur\u012bgs, mazpras\u012bgs apdare ar elegantu, laikmet\u012bgu izskatu, kas labi integr\u0113jas pils\u0113tas arhitekt\u016br\u0101<br \/>\n  Stabils, neskatoties uz nelielo svaru, pateicoties past\u0101v\u012bgai fiks\u0101cijai pie zemes<\/p>\n","protected":false},"excerpt":{"rendered":"<p>Bin Street uz stat\u0146a Monaco 40 L apvieno elegantu dizainu un pirmklas\u012bgu iztur\u012bbu, padarot to ide\u0101li piem\u0113rotu pils\u0113tvides publiskaj\u0101m telp\u0101m un za\u013caj\u0101m zon\u0101m \u2014 perfekti integr\u0113joties mazm\u0113roga arhitekt\u016br\u0101.<\/p>\n","protected":false},"featured_media":2369,"comment_status":"open","ping_status":"closed","template":"","meta":[],"product_brand":[],"product_cat":[169],"product_tag":[],"class_list":{"0":"post-2237","1":"product","2":"type-product","3":"status-publish","4":"has-post-thumbnail","6":"product_cat-ielu-un-parku-atkritumu-tvertnes","8":"first","9":"instock","10":"taxable","11":"shipping-taxable","12":"purchasable","13":"product-type-simple"},"_links":{"self":[{"href":"https:\/\/eco-market24.com\/lv\/wp-json\/wp\/v2\/product\/2237","targetHints":{"allow":["GET"]}}],"collection":[{"href":"https:\/\/eco-market24.com\/lv\/wp-json\/wp\/v2\/product"}],"about":[{"href":"https:\/\/eco-market24.com\/lv\/wp-json\/wp\/v2\/types\/product"}],"replies":[{"embeddable":true,"href":"https:\/\/eco-market24.com\/lv\/wp-json\/wp\/v2\/comments?post=2237"}],"wp:featuredmedia":[{"embeddable":true,"href":"https:\/\/eco-market24.com\/lv\/wp-json\/wp\/v2\/media\/2369"}],"wp:attachment":[{"href":"https:\/\/eco-market24.com\/lv\/wp-json\/wp\/v2\/media?parent=2237"}],"wp:term":[{"taxonomy":"product_brand","embeddable":true,"href":"https:\/\/eco-market24.com\/lv\/wp-json\/wp\/v2\/product_brand?post=2237"},{"taxonomy":"product_cat","embeddable":true,"href":"https:\/\/eco-market24.com\/lv\/wp-json\/wp\/v2\/product_cat?post=2237"},{"taxonomy":"product_tag","embeddable":true,"href":"https:\/\/eco-market24.com\/lv\/wp-json\/wp\/v2\/product_tag?post=2237"}],"curies":[{"name":"wp","href":"https:\/\/api.w.org\/{rel}","templated":true}]}}