{"id":2268,"date":"2025-09-29T16:22:36","date_gmt":"2025-09-29T14:22:36","guid":{"rendered":"https:\/\/eco-market24.com\/product\/velosipedu-stativa-augsejais-45-gatavais-segments\/"},"modified":"2025-09-29T20:05:44","modified_gmt":"2025-09-29T18:05:44","slug":"velosipedu-stativa-augsejais-45-gatavais-segments","status":"publish","type":"product","link":"https:\/\/eco-market24.com\/lv\/products\/velosipedu-stativa-augsejais-45-gatavais-segments\/","title":{"rendered":"Velosip\u0113du stat\u012bva aug\u0161\u0113jais 45 gatavais segments"},"content":{"rendered":"<p>Top 45 velosip\u0113du stat\u012bvs \u2014 sekcion\u0101rs (4, 5 vai 6 vietas)<\/p>\n<p>Skaits: 4, 5 vai 6 vietas<br \/>\nVarianti: velosip\u0113du novietojums pa labajai vai kreisajai pusei<br \/>\nMateri\u0101ls: karsti cinkots t\u0113rauds<br \/>\nVelosip\u0113da le\u0146\u0137is: 45\u00b0<br \/>\nUzst\u0101d\u012b\u0161anas veids: br\u012bvi st\u0101vo\u0161s vai pie\u013caujams pieskr\u016bv\u0113\u0161anai pie zemes<br \/>\nParedz\u0113ts: velosip\u0113diem ar standarta rite\u0146u izm\u0113riem<\/p>\n<p>Funkcionalit\u0101te<br \/>\nTop 45 sekcion\u0101rais velosip\u0113du stat\u012bvs ir praktisks risin\u0101jums publisk\u0101m un priv\u0101t\u0101m telp\u0101m. Velosip\u0113du izvietojums 45\u00b0 le\u0146\u0137\u012b maksimiz\u0113 vietas izmanto\u0161anu un atvieglo novieto\u0161anas \u0161aur\u0101s viet\u0101s.<\/p>\n<p>Pieejamie varianti<br \/>\nPieejams 4, 5 un 6 vietu sekcij\u0101s, lai piel\u0101gotos da\u017e\u0101diem uzst\u0101d\u012b\u0161anas izm\u0113riem un vajadz\u012bb\u0101m.<\/p>\n<p>Kreisais vai labais novietojums<br \/>\nPieejams kreisaj\u0101 un labaj\u0101 versij\u0101, \u013caujot savienot vair\u0101kas sekcijas gar\u0101kiem posmiem \u2014 ide\u0101li labi apmekl\u0113t\u0101m viet\u0101m, piem\u0113ram, skol\u0101m, birojiem, tirdzniec\u012bbas centriem un dz\u012bvojam\u0101m teritorij\u0101m.<\/p>\n<p>Konstrukcija un iztur\u012bba<br \/>\nIzgatavots no karsti cinkota t\u0113rauda korozijas iztur\u012bbai un ilgsto\u0161ai \u0101ra ekspluat\u0101cijai. Robusta konstrukcija nodro\u0161ina stabilu un dro\u0161u velosip\u0113du glab\u0101\u0161anu.<\/p>\n<p>Uzst\u0101d\u012b\u0161ana<br \/>\nVar uzst\u0101d\u012bt br\u012bvi st\u0101vo\u0161u vai pieskr\u016bv\u0113jamu pie zemes, piem\u0113rots atkl\u0101t\u0101m viet\u0101m, pazemes st\u0101vviet\u0101m vai velosip\u0113du nojumes. Sekcion\u0101r\u0101 konstrukcija \u013cauj veidot m\u0113rogojamu novieto\u0161anas pl\u0101nojumu, piel\u0101gojot to vietai.<\/p>\n<p>K\u0101p\u0113c izv\u0113l\u0113ties Top 45<br \/>\nApvieno funkcionalit\u0101ti, iztur\u012bbu un est\u0113tiku. Da\u017e\u0101das vietu skaita un orient\u0101cijas iesp\u0113jas \u013cauj viegli izveidot ergonomisku un dro\u0161u velosip\u0113du novieto\u0161anas sist\u0113mu.<\/p>\n","protected":false},"excerpt":{"rendered":"<p>Vietu skaits: 4, 5 vai 6; varianti: velosip\u0113du novietojums labaj\u0101 vai kreisaj\u0101 pus\u0113; materi\u0101ls: karsti cinkots t\u0113rauds; velosip\u0113da le\u0146\u0137is: 45\u00b0; uzst\u0101d\u012b\u0161ana: br\u012bvi st\u0101vo\u0161s vai fiks\u0113ts pie zemes; der velosip\u0113diem ar standarta rite\u0146u izm\u0113riem; velosip\u0113du stat\u012bva funkcionalit\u0101te<\/p>\n","protected":false},"featured_media":2410,"comment_status":"open","ping_status":"closed","template":"","meta":[],"product_brand":[],"product_cat":[163],"product_tag":[],"class_list":{"0":"post-2268","1":"product","2":"type-product","3":"status-publish","4":"has-post-thumbnail","6":"product_cat-velosipedu-novietnes","8":"first","9":"instock","10":"taxable","11":"shipping-taxable","12":"purchasable","13":"product-type-simple"},"_links":{"self":[{"href":"https:\/\/eco-market24.com\/lv\/wp-json\/wp\/v2\/product\/2268","targetHints":{"allow":["GET"]}}],"collection":[{"href":"https:\/\/eco-market24.com\/lv\/wp-json\/wp\/v2\/product"}],"about":[{"href":"https:\/\/eco-market24.com\/lv\/wp-json\/wp\/v2\/types\/product"}],"replies":[{"embeddable":true,"href":"https:\/\/eco-market24.com\/lv\/wp-json\/wp\/v2\/comments?post=2268"}],"wp:featuredmedia":[{"embeddable":true,"href":"https:\/\/eco-market24.com\/lv\/wp-json\/wp\/v2\/media\/2410"}],"wp:attachment":[{"href":"https:\/\/eco-market24.com\/lv\/wp-json\/wp\/v2\/media?parent=2268"}],"wp:term":[{"taxonomy":"product_brand","embeddable":true,"href":"https:\/\/eco-market24.com\/lv\/wp-json\/wp\/v2\/product_brand?post=2268"},{"taxonomy":"product_cat","embeddable":true,"href":"https:\/\/eco-market24.com\/lv\/wp-json\/wp\/v2\/product_cat?post=2268"},{"taxonomy":"product_tag","embeddable":true,"href":"https:\/\/eco-market24.com\/lv\/wp-json\/wp\/v2\/product_tag?post=2268"}],"curies":[{"name":"wp","href":"https:\/\/api.w.org\/{rel}","templated":true}]}}