{"id":373,"date":"2025-09-28T18:39:58","date_gmt":"2025-09-28T16:39:58","guid":{"rendered":"https:\/\/eco-market24.com\/product\/1100l-yellow-waste-container-ese\/"},"modified":"2025-09-30T16:06:09","modified_gmt":"2025-09-30T14:06:09","slug":"1100l-yellow-waste-container-ese","status":"publish","type":"product","link":"https:\/\/eco-market24.com\/lv\/products\/1100l-yellow-waste-container-ese\/","title":{"rendered":"1100 l dzeltenais atkritumu konteiners ESE"},"content":{"rendered":"\n<p>ESE konteiners atbilst PN-EN 840 standartam<\/p>\n\n<p>1100 l r\u016bpniecisk\u0101 atkritumu konteinera augst\u0101k\u0101s kvalit\u0101tes un iztur\u012bbas pret vides faktoriem apliecin\u0101jums ir kvalit\u0101tes z\u012bme RAL-GZ951\/1 un atbilst\u012bba Eiropas Savien\u012bbas standartam PN-EN 840. ESE konteiners ir mar\u0137\u0113ts ar CE z\u012bmi un tam ir sertifik\u0101ti, kas garant\u0113 atbilst\u012bbu trok\u0161\u0146a aizsardz\u012bbas pras\u012bb\u0101m.<\/p>\n\n<p>Dzeltenais 1100 l konteiners no v\u0101cu z\u012bmola ESE ir visfunkcion\u0101l\u0101kais, iztur\u012bg\u0101kais un vienlaikus est\u0113tisk\u0101kais \u0101ra pa\u0161vald\u012bbu atkritumu konteiners, kas pieejams Polijas tirg\u016b. ESE konteiners ir apr\u012bkots ar plakanu, vieglu v\u0101ku un \u0113rtu komplektu ar \u010detriem gumijas rite\u0146iem ar papildus pastiprino\u0161u p\u0101rsegu un bremz\u0113m priek\u0161\u0113jos rite\u0146os, kas padara to viegli lietojamu un klusu transport\u0113\u0161anas laik\u0101.<\/p>\n\n<p>Funkcion\u0101ls un iztur\u012bgs 1100 l atkritumu konteiners<\/p>\n\n<p>Uz\u0146\u0113mum\u0101 sadz\u012bves atkritumu \u0161\u0137iro\u0161anai nepiecie\u0161ams izmantot profesion\u0101lus konteinerus, kas iztur\u0113s ikdienas lieto\u0161anu un intens\u012bvu ekspluat\u0101ciju, b\u016bs izgatavoti no bieza, deform\u0101cijai iztur\u012bga materi\u0101la, k\u0101 ar\u012b viegli iztuk\u0161ojami un transport\u0113jami.<\/p>\n\n<p>Pa\u0161vald\u012bbu atkritumu konteiners no V\u0101cijas z\u012bmola ESE ir priek\u0161roc\u012bbas, kas to izce\u013c kvalit\u0101tes un iztur\u012bbas zi\u0146\u0101 sal\u012bdzin\u0101jum\u0101 ar citiem konteineriem.<\/p>\n\n<ul class=\"wp-block-list\">\n<li>ESE konteiners ir izgatavots no augstas bl\u012bvuma polietil\u0113na, pateicoties kam tvertnes konstrukcija, sienas, dibens un v\u0101ks ir iztur\u012bgi pret deform\u0101cij\u0101m un iedobumiem.<\/li>\n\n\n\n<li>Atkritumu tvertne ir iztur\u012bga pret UV saules starojumu un tai ir liela temperat\u016bras iztur\u012bba. 1100 l komun\u0101lo atkritumu konteiners ir paredz\u0113ts \u0101r\u0113jai atkritumu \u0161\u0137iro\u0161anai jebkuros laikapst\u0101k\u013cos.<\/li>\n\n\n\n<li>Augstas bl\u012bvuma materi\u0101ls, kas izmantots 1100 L ESE z\u012bmola konteineru ra\u017eo\u0161an\u0101, garant\u0113 dzelten\u0101s kr\u0101sas intensit\u0101tes saglab\u0101\u0161anos.<\/li>\n\n\n\n<li>1100 L ESE markas konteineris izce\u013cas ar\u012b ar iztur\u012bbu pret \u0137\u012bmisk\u0101m viel\u0101m. To var izmantot ra\u017eo\u0161anas atkritumu \u0161\u0137iro\u0161anai, kas satur t\u012br\u012b\u0161anas l\u012bdzek\u013cu vai citu vielu atliekas.<\/li>\n<\/ul>\n\n<p>MGB 1100 konteiners, piel\u0101gots Comb izkrau\u0161anai<\/p>\n\n<p>1100 L ESE markas atkritumu konteiners ir piel\u0101gots gan \u0137emmes izkrau\u0161anas meh\u0101nismam, gan DIN tipa izkrau\u0161anai. ESE r\u016bpnieciskos atkritumu konteinerus Polij\u0101 var viegli iztuk\u0161ot visi atkritumu sav\u0101k\u0161anas automobi\u013ci.<\/p>\n\n<p>ESE konteineram ar 1100 L tilpumu nomin\u0101lais svars ir 510 kg, un tas ir augst\u0101kais iesp\u0113jamais nomin\u0101lais pild\u012bjuma svars 1100 L konteineram starp visiem HDPE plastmasas sadz\u012bves atkritumu konteineriem. M\u0113\u0123in\u0101t v\u0113lreiz<\/p>\n","protected":false},"excerpt":{"rendered":"<ul>\n<li class=\"whitespace-normal break-words\"><strong>Iztur\u012bgs PE<\/strong>-HD materi\u0101ls \u2014 UV iztur\u012bgs un pla\u0161s temperat\u016bru diapazons, ide\u0101li piem\u0113rots lieto\u0161anai \u0101r\u0101<\/li>\n<li class=\"whitespace-normal break-words\"><strong>Nomin\u0101l\u0101 kapacit\u0101te l\u012bdz 510 kg \u2014 visliel\u0101k\u0101 starp 1100 l konteineriem Eiropas tirg\u016b<\/strong><\/li>\n<li class=\"whitespace-normal break-words\"><strong>Riepu rite\u0146u sist\u0113ma \u00d8 20 cm ar bremz\u0113m un pastiprin\u0101tiem p\u0101rsegiem \u2014 klusa un viegla transport\u0113\u0161ana<\/strong><\/li>\n<li class=\"whitespace-normal break-words\"><strong>Pastiprin\u0101ta konstrukcija ar met\u0101la ielikt\u0146iem s\u0101nu tap\u0101s un ergonomisk\u0101m rokturiem<\/strong><\/li>\n<li class=\"whitespace-normal break-words\"><strong>Sader\u012bba ar atkritumu sav\u0101c\u0113ju ma\u0161\u012bn\u0101m \u2014 piem\u0113rots kombin\u0113t\u0101m un DIN tipa izkrau\u0161anas sist\u0113m\u0101m<\/strong><\/li>\n<li class=\"whitespace-normal break-words\"><strong>Pilns \u0161\u0137iro\u0161anas kr\u0101su kl\u0101sts \u2014 melns, zils, dzeltens, za\u013c\u0161, br\u016bns, sarkans<\/strong><\/li>\n<li class=\"whitespace-normal break-words\"><strong>Kvalit\u0101tes sertifik\u0101ti \u2014 atbilst PN<\/strong>-EN 840 standartam un RAL-GZ951\/1 z\u012bmei, CE sertific\u0113ts<\/li>\n<\/ul>\n","protected":false},"featured_media":290,"comment_status":"open","ping_status":"closed","template":"","meta":[],"product_brand":[77],"product_cat":[131,130],"product_tag":[],"class_list":{"0":"post-373","1":"product","2":"type-product","3":"status-publish","4":"has-post-thumbnail","6":"product_brand-ese","7":"product_cat-4-ritenu-atkritumu-konteineri-1100l","8":"product_cat-atkritumu-konteineri","10":"first","11":"instock","12":"taxable","13":"shipping-taxable","14":"purchasable","15":"product-type-simple"},"_links":{"self":[{"href":"https:\/\/eco-market24.com\/lv\/wp-json\/wp\/v2\/product\/373","targetHints":{"allow":["GET"]}}],"collection":[{"href":"https:\/\/eco-market24.com\/lv\/wp-json\/wp\/v2\/product"}],"about":[{"href":"https:\/\/eco-market24.com\/lv\/wp-json\/wp\/v2\/types\/product"}],"replies":[{"embeddable":true,"href":"https:\/\/eco-market24.com\/lv\/wp-json\/wp\/v2\/comments?post=373"}],"wp:featuredmedia":[{"embeddable":true,"href":"https:\/\/eco-market24.com\/lv\/wp-json\/wp\/v2\/media\/290"}],"wp:attachment":[{"href":"https:\/\/eco-market24.com\/lv\/wp-json\/wp\/v2\/media?parent=373"}],"wp:term":[{"taxonomy":"product_brand","embeddable":true,"href":"https:\/\/eco-market24.com\/lv\/wp-json\/wp\/v2\/product_brand?post=373"},{"taxonomy":"product_cat","embeddable":true,"href":"https:\/\/eco-market24.com\/lv\/wp-json\/wp\/v2\/product_cat?post=373"},{"taxonomy":"product_tag","embeddable":true,"href":"https:\/\/eco-market24.com\/lv\/wp-json\/wp\/v2\/product_tag?post=373"}],"curies":[{"name":"wp","href":"https:\/\/api.w.org\/{rel}","templated":true}]}}