{"id":374,"date":"2025-09-28T18:40:00","date_gmt":"2025-09-28T16:40:00","guid":{"rendered":"https:\/\/eco-market24.com\/product\/1100l-brown-waste-container-ese\/"},"modified":"2025-09-30T16:06:07","modified_gmt":"2025-09-30T14:06:07","slug":"1100l-brown-waste-container-ese","status":"publish","type":"product","link":"https:\/\/eco-market24.com\/lv\/products\/1100l-brown-waste-container-ese\/","title":{"rendered":"1100L br\u016bns atkritumu konteiners ESE"},"content":{"rendered":"\n<p>1100 l konteiners ar RAL\u2011GZ951\/1 kvalit\u0101tes standartu<\/p>\n\n<p>Augst\u0101k\u0101s kvalit\u0101tes ESE pa\u0161vald\u012bbas atkritumu konteineru un to iztur\u012bbas pret vides faktoriem apliecin\u0101jums ir to apz\u012bm\u0113\u0161ana ar augst\u0101ko pasaules kvalit\u0101tes standartu RAL\u2011GZ951\/1 un sertifik\u0101cija saska\u0146\u0101 ar PN\u2011EN 840 standartu. ESE z\u012bmola konteineri ir mar\u0137\u0113ti ar CE mar\u0137\u0113jumu un atbilst vis\u0101m pa\u0161laik sp\u0113k\u0101 eso\u0161aj\u0101m Eiropas un nacion\u0101laj\u0101m norm\u0101m.<\/p>\n\n<p>Br\u016bnais MGB konteiners, ko ra\u017eo v\u0101cu z\u012bmols ESE, ir iztur\u012bgs un vienlaikus videi draudz\u012bgs konteiners, jo tas ir izgatavots no p\u0101rstr\u0101d\u0101jama materi\u0101la.<\/p>\n\n<p>MGB 1100 konteineram ir plakans, dro\u0161s v\u0101ks un \u010detri rite\u0146i ar pastiprin\u0101tu p\u0101rsegu un bremz\u0113m uz diviem priek\u0161\u0113jiem rite\u0146iem, kas padara konteineru viegli iztuk\u0161ojamu, transport\u0113jamu un atbilsto\u0161u vesel\u012bbas un dro\u0161\u012bbas pras\u012bb\u0101m. Papildus konteineram apak\u0161\u0101 ir dren\u0101\u017eas atvere ar aizb\u0101zni, kas \u013cauj br\u012bvi notecin\u0101t \u0161\u0137idros atkritumus.<\/p>\n\n<p>ESE 1100L atkritumu konteinera augst\u0101k\u0101s kvalit\u0101tes garantija<\/p>\n\n<p>Biolo\u0123iski no\u0101rd\u0101mu atkritumu \u0161\u0137iro\u0161anai uz\u0146\u0113mum\u0101 nepiecie\u0161ams izmantot profesion\u0101lus konteinerus, kas iztur\u0113s intens\u012bvu lieto\u0161anu un daudzu gadu ekspluat\u0101ciju. ESE konteineri izgatavoti no boj\u012bjumiem iztur\u012bga materi\u0101la, tiem ir pastiprin\u0101ta korpusa konstrukcija un gluda virsma, kas atvieglo uztur\u0113\u0161anu un konteineru t\u012br\u012b\u0161anu.<\/p>\n\n<p>V\u0101cu ESE atkritumu konteineri ir apr\u012bkoti ar \u012bpa\u0161\u012bb\u0101m, kas tos at\u0161\u0137ir no citiem MGB konteineriem kvalit\u0101tes un uzticam\u012bbas zi\u0146\u0101.<\/p>\n\n<ul class=\"wp-block-list\">\n<li>ESE konteineri ir izgatavoti no augstas bl\u012bvuma HDPE materi\u0101la, t\u0101p\u0113c visa tvertnes konstrukcija \u2014 aizmugures un priek\u0161\u0113j\u0101s sienas, k\u0101 ar\u012b dibens \u2014 ir iztur\u012bga pret deform\u0101cij\u0101m.<\/li>\n\n\n\n<li>ESE z\u012bmola 1100 L atkritumu tvertne pie\u013cauj nomin\u0101lo kravnes\u012bbu l\u012bdz 510 kg, un tas ir liel\u0101kais iesp\u0113jamais nomin\u0101lais kravnes\u012bbas r\u0101d\u012bt\u0101js starp vis\u0101m 1100 L plastmasas pa\u0161vald\u012bbas atkritumu tvertn\u0113m.<\/li>\n\n\n\n<li>1100 l konteineri ir \u013coti iztur\u012bgi pret UV starojumu un salu. 1100 l atkritumu konteineri ir paredz\u0113ti \u0101r\u0113jai atkritumu \u0161\u0137iro\u0161anai visos laika apst\u0101k\u013cos.<\/li>\n\n\n\n<li>Plastmasas materi\u0101lu, no kura izgatavots ESE atkritumu konteiners, var p\u0101rstr\u0101d\u0101t. ESE atkritumu konteineri ir videi dro\u0161i.<\/li>\n\n\n\n<li>ESE z\u012bmola atkritumu tvertnes izce\u013cas ar iztur\u012bbu pret \u0137\u012bmisk\u0101m viel\u0101m.<\/li>\n<\/ul>\n\n<p>MGB konteiners, piel\u0101gots Comb izkrau\u0161anai<\/p>\n\n<p>ESE z\u012bmola \u010detrrite\u0146u konteineri ar plakaniem v\u0101kiem var tikt iztuk\u0161oti ar atkritumu ma\u0161\u012bn\u0101m ar s\u0101nu, priek\u0161\u0113jo un aizmugur\u0113jo izkrau\u0161anu. Kontein\u0113riem ir s\u0101nu tapas, pateicoties kur\u0101m tie ir piel\u0101goti meh\u0101niskai izkrau\u0161anai no jebkuras konteineres malas.<\/p>\n\n<p>Konteineri atbilst DIN standarta pras\u012bb\u0101m un tos var iztuk\u0161ot, izmantojot \u0137emmes metodi. M\u0113\u0123in\u0101t v\u0113lreiz<\/p>\n","protected":false},"excerpt":{"rendered":"<ul>\n<li class=\"whitespace-normal break-words\"><strong>Iztur\u012bgs PE\u2011HD materi\u0101ls<\/strong> \u2013 UV iztur\u012bgs un pla\u0161s temperat\u016bras diapazons, ide\u0101li piem\u0113rots \u0101ra lieto\u0161anai<\/li>\n<li class=\"whitespace-normal break-words\"><strong>Nomin\u0101l\u0101 kapacit\u0101te l\u012bdz 510 kg<\/strong> \u2013 augst\u0101k\u0101 starp 1100 l konteineriem Eiropas tirg\u016b<\/li>\n<li class=\"whitespace-normal break-words\"><strong>Riepu rite\u0146u sist\u0113ma \u00d8 20 cm ar bremz\u0113m un pastiprin\u0101t\u0101m p\u0101rseg\u0101m<\/strong> \u2013 klusa un viegla transport\u0113\u0161ana<\/li>\n<li class=\"whitespace-normal break-words\"><strong>Pastiprin\u0101ta konstrukcija ar met\u0101la ielikt\u0146iem s\u0101nu tapu viet\u0101s un ergonomisk\u0101m roktur\u0101m<\/strong><\/li>\n<li class=\"whitespace-normal break-words\"><strong>Sader\u012bba ar atkritumu sav\u0101c\u0113jiem<\/strong> \u2013 piel\u0101gots comb un DIN tipa izkrau\u0161anas sist\u0113m\u0101m<\/li>\n<li class=\"whitespace-normal break-words\"><strong>Pilna \u0161\u0137iro\u0161anas kr\u0101su palete<\/strong> \u2013 melna, zila, dzeltena, za\u013ca, br\u016bna, sarkana<\/li>\n<li class=\"whitespace-normal break-words\"><strong>Kvalit\u0101tes sertifik\u0101ti<\/strong> \u2013 atbilst PN\u2011EN 840 standartam un RAL\u2011GZ951\/1 z\u012bmei, CE sertific\u0113ts<\/li>\n<\/ul>\n","protected":false},"featured_media":317,"comment_status":"open","ping_status":"closed","template":"","meta":[],"product_brand":[77],"product_cat":[131,130],"product_tag":[],"class_list":{"0":"post-374","1":"product","2":"type-product","3":"status-publish","4":"has-post-thumbnail","6":"product_brand-ese","7":"product_cat-4-ritenu-atkritumu-konteineri-1100l","8":"product_cat-atkritumu-konteineri","10":"first","11":"instock","12":"taxable","13":"shipping-taxable","14":"purchasable","15":"product-type-simple"},"_links":{"self":[{"href":"https:\/\/eco-market24.com\/lv\/wp-json\/wp\/v2\/product\/374","targetHints":{"allow":["GET"]}}],"collection":[{"href":"https:\/\/eco-market24.com\/lv\/wp-json\/wp\/v2\/product"}],"about":[{"href":"https:\/\/eco-market24.com\/lv\/wp-json\/wp\/v2\/types\/product"}],"replies":[{"embeddable":true,"href":"https:\/\/eco-market24.com\/lv\/wp-json\/wp\/v2\/comments?post=374"}],"wp:featuredmedia":[{"embeddable":true,"href":"https:\/\/eco-market24.com\/lv\/wp-json\/wp\/v2\/media\/317"}],"wp:attachment":[{"href":"https:\/\/eco-market24.com\/lv\/wp-json\/wp\/v2\/media?parent=374"}],"wp:term":[{"taxonomy":"product_brand","embeddable":true,"href":"https:\/\/eco-market24.com\/lv\/wp-json\/wp\/v2\/product_brand?post=374"},{"taxonomy":"product_cat","embeddable":true,"href":"https:\/\/eco-market24.com\/lv\/wp-json\/wp\/v2\/product_cat?post=374"},{"taxonomy":"product_tag","embeddable":true,"href":"https:\/\/eco-market24.com\/lv\/wp-json\/wp\/v2\/product_tag?post=374"}],"curies":[{"name":"wp","href":"https:\/\/api.w.org\/{rel}","templated":true}]}}