{"id":380,"date":"2025-09-28T12:27:26","date_gmt":"2025-09-28T10:27:26","guid":{"rendered":"https:\/\/eco-market24.com\/product\/1100l-black-waste-container-ese\/"},"modified":"2025-10-15T08:28:54","modified_gmt":"2025-10-15T06:28:54","slug":"1100l-black-waste-container-ese","status":"publish","type":"product","link":"https:\/\/eco-market24.com\/lv\/products\/1100l-black-waste-container-ese\/","title":{"rendered":"1100 l melns atkritumu konteiners ESE"},"content":{"rendered":"\n<p>1100 l atkritumu konteiners \u2013 garant\u0113ta produkta kvalit\u0101te<\/p>\n\n<p>Efekt\u012bvai atkritumu \u0161\u0137iro\u0161anai komerctelp\u0101s nepiecie\u0161ami atbilsto\u0161i 1100 l konteineri, kas ir iztur\u012bgi, paredz\u0113ti bie\u017eai lieto\u0161anai un viegli iztuk\u0161ojami un uzturami.<\/p>\n\n<p>1100L konteiners ir izgatavots no iztur\u012bgas PE\u2011HD plastmasas, izmantojot injekcijas lie\u0161anas tehnolo\u0123iju. Augsta bl\u012bvuma polietil\u0113ns nodro\u0161ina MGB konteinera ilgsto\u0161u kr\u0101sas intensit\u0101ti.<\/p>\n\n<p>Konteinera materi\u0101ls ir iztur\u012bgs pret UV starojumu un panes pla\u0161u temperat\u016bru diapazonu. Tas \u013cauj 1100 l konteineru uzglab\u0101t \u0101r\u0101 jebkuros laikapst\u0101k\u013cos.<\/p>\n\n<p>ESE 1100L konteineram ir ar\u012b lieliska \u0137\u012bmisk\u0101 iztur\u012bba. 1100L konteiner\u0101 var uzglab\u0101t r\u016bpnieciskos atkritumus, kas satur t\u012br\u012b\u0161anas l\u012bdzek\u013cu atliekas un citas \u0137\u012bmiskas vielas. Plastmasas materi\u0101ls nesadeform\u0113jas un nereag\u0113 ar \u0137imik\u0101lij\u0101m to ietekm\u0113.<\/p>\n\n<p>1100L atkritumu konteiners \u2014 \u0113rtums un funkcionalit\u0101te<\/p>\n\n<p>V\u0101cu z\u012bmola ESE konteiners MGB 1100 ir funkcion\u0101ls, iztur\u012bgs un est\u0113tisks. Konteiners ir ar plaku v\u0101ku un \u0113rtu, klusu gumijas rite\u0146u sist\u0113mu ar 20 cm diametra rite\u0146iem, pastiprin\u0101tiem aizsargv\u0101kiem un bremz\u0113m priek\u0161\u0113jiem rite\u0146iem. Tas padara 1100 litru konteineru viegli p\u0101rvietojamu un iztuk\u0161ojamu.<\/p>\n\n<p>1100 l konteineru korpusa konstrukcija ir papildus pastiprin\u0101ta, \u012bpa\u0161i viet\u0101s, kas visvair\u0101k pak\u013cautas slodzei. Katrs ESE 1100 litru atkritumu konteiners ra\u017eo\u0161anas laik\u0101 tiek datoriz\u0113ti p\u0101rbaud\u012bts iztur\u012bbai.<\/p>\n\n<p>1100 litru konteiners ir apr\u012bkots ar s\u0101nu tap\u0101m, kuras pastiprin\u0101tas ar met\u0101la caurul\u0113m, \u010detriem ergonomiskiem rokturiem s\u0101nu sien\u0101s un dren\u0101\u017eas atveri apak\u0161\u0101.<\/p>\n\n<p>Atkritumu tvertne ESE 1100L ir pieejama vis\u0101s \u0161\u0137iro\u0161anas kr\u0101s\u0101s:<\/p>\n\n<ul class=\"wp-block-list\">\n<li>Melns \u2013 jauktajiem atkritumiem<\/li>\n\n\n\n<li>Zils 1100 l konteiners pap\u012bram<\/li>\n\n\n\n<li>Dzelten\u0101 \u2014 plastmasai<\/li>\n\n\n\n<li>Za\u013c\u0161 1100 l konteiners stiklam<\/li>\n\n\n\n<li>Br\u016bns \u2013 organiskajiem atkritumiem<\/li>\n\n\n\n<li>Sarkans \u2013 met\u0101lam<\/li>\n<\/ul>\n\n<p>ESE 1100 litru konteiners \u2014 standarti un sertifik\u0101ti<\/p>\n\n<p>Apstiprin\u0101jums par augsto vides iztur\u012bbu, kas raksturo ESE melno 1100L atkritumu konteineru, ir atbilst\u012bba ES standartam PN-EN 840 un augst\u0101kajai starptautiskajai kvalit\u0101tes z\u012bmei RAL\u2011GZ951\/1. 1100L konteiners ir sa\u0146\u0113mis ar\u012b sertifik\u0101tus, kas apliecina atbilst\u012bbu trok\u0161\u0146u aizsardz\u012bbas pras\u012bb\u0101m, un tam ir CE mar\u0137\u0113jums.<\/p>\n\n<p>1100 litru tvertne, piel\u0101gota \u0137emmes iztuk\u0161o\u0161anai<\/p>\n\n<p>\u0160\u012b ir viena no vissvar\u012bg\u0101kaj\u0101m 1100 l konteineru \u012bpa\u0161\u012bb\u0101m. ESE 1100 litru atkritumu konteiners ir piel\u0101gots piekabin\u0101\u0161anai pie \u0137emmes izkrau\u0161anas meh\u0101nismiem, k\u0101 ar\u012b DIN tipa izkrau\u0161anai. ESE pils\u0113tas atkritumu konteineri ir savietojami ar visiem tradicion\u0101lajiem atkritumu ved\u0113jiem, kas darbojas vis\u0101 Polij\u0101.<\/p>\n\n<p>1100 l konteinera izm\u0113ri un svars<\/p>\n\n<p>ESE 1100 litru atkritumu konteineram ir \u0161\u0101di izm\u0113ri:<\/p>\n\n<ul class=\"wp-block-list\">\n<li>Augstums \u2014 137 cm<\/li>\n\n\n\n<li>Platums \u2013 137,5 cm<\/li>\n\n\n\n<li>Dzi\u013cums \u2013 107,5 cm<\/li>\n<\/ul>\n\n<p>Cik daudz sver 1100 l konteiners? Faktiskais 1100 litru atkritumu konteinera svars ir 49 kg. Tom\u0113r 1100 l atkritumu konteinera nomin\u0101lais svars, kad tas ir pilns, var sasniegt l\u012bdz 510 kg, kas ir augst\u0101k\u0101 nomin\u0101l\u0101 ietilp\u012bba starp visiem 1100 l plastmasas atkritumu konteineriem Eiropas tirg\u016b.<\/p>\n","protected":false},"excerpt":{"rendered":"<ul>\n<li class=\"whitespace-normal break-words\"><strong>Ilgm\u016b\u017e\u012bgs PE-HD materi\u0101ls<\/strong> \u2013 UV iztur\u012bgs un pla\u0161s temperat\u016bras diapazons, ide\u0101li piem\u0113rots \u0101ra lieto\u0161anai<\/li>\n<li class=\"whitespace-normal break-words\"><strong>Nomin\u0101l\u0101 ietilp\u012bba l\u012bdz 510 kg<\/strong> \u2013 augst\u0101k\u0101 no 1100 l konteineriem Eiropas tirg\u016b<\/li>\n<li class=\"whitespace-normal break-words\"><strong>Riepu rite\u0146u sist\u0113ma \u00d8 20 cm ar bremz\u0113m un pastiprin\u0101tiem p\u0101rsegiem<\/strong> \u2013 klusa un viegla p\u0101rvieto\u0161ana<\/li>\n<li class=\"whitespace-normal break-words\"><strong>Pastiprin\u0101ta konstrukcija ar met\u0101la ielikt\u0146iem s\u0101nu tap\u0101s un ergonomiskiem rokturiem<\/strong><\/li>\n<li class=\"whitespace-normal break-words\"><strong>Sader\u012bba ar atkritumu sav\u0101k\u0161anas kravas automa\u0161\u012bn\u0101m<\/strong> \u2013 piel\u0101gots \u0137emmes un DIN tipa iztuk\u0161o\u0161anas sist\u0113m\u0101m<\/li>\n<li class=\"whitespace-normal break-words\"><strong>Pilns \u0161\u0137iro\u0161anas kr\u0101su kl\u0101sts<\/strong> \u2013 melna, zila, dzeltena, za\u013ca, br\u016bna, sarkana<\/li>\n<li class=\"whitespace-normal break-words\"><strong>Kvalit\u0101tes sertifik\u0101ti<\/strong> \u2013 atbilst PN-EN 840 standartam un RAL-GZ951\/1 mar\u0137\u0113jumam, CE sertific\u0113ts<\/li>\n<\/ul>\n","protected":false},"featured_media":211,"comment_status":"open","ping_status":"closed","template":"","meta":[],"product_brand":[77],"product_cat":[131,130],"product_tag":[],"class_list":{"0":"post-380","1":"product","2":"type-product","3":"status-publish","4":"has-post-thumbnail","6":"product_brand-ese","7":"product_cat-4-ritenu-atkritumu-konteineri-1100l","8":"product_cat-atkritumu-konteineri","10":"first","11":"instock","12":"taxable","13":"shipping-taxable","14":"purchasable","15":"product-type-simple"},"_links":{"self":[{"href":"https:\/\/eco-market24.com\/lv\/wp-json\/wp\/v2\/product\/380","targetHints":{"allow":["GET"]}}],"collection":[{"href":"https:\/\/eco-market24.com\/lv\/wp-json\/wp\/v2\/product"}],"about":[{"href":"https:\/\/eco-market24.com\/lv\/wp-json\/wp\/v2\/types\/product"}],"replies":[{"embeddable":true,"href":"https:\/\/eco-market24.com\/lv\/wp-json\/wp\/v2\/comments?post=380"}],"wp:featuredmedia":[{"embeddable":true,"href":"https:\/\/eco-market24.com\/lv\/wp-json\/wp\/v2\/media\/211"}],"wp:attachment":[{"href":"https:\/\/eco-market24.com\/lv\/wp-json\/wp\/v2\/media?parent=380"}],"wp:term":[{"taxonomy":"product_brand","embeddable":true,"href":"https:\/\/eco-market24.com\/lv\/wp-json\/wp\/v2\/product_brand?post=380"},{"taxonomy":"product_cat","embeddable":true,"href":"https:\/\/eco-market24.com\/lv\/wp-json\/wp\/v2\/product_cat?post=380"},{"taxonomy":"product_tag","embeddable":true,"href":"https:\/\/eco-market24.com\/lv\/wp-json\/wp\/v2\/product_tag?post=380"}],"curies":[{"name":"wp","href":"https:\/\/api.w.org\/{rel}","templated":true}]}}