{"id":384,"date":"2025-09-28T18:40:02","date_gmt":"2025-09-28T16:40:02","guid":{"rendered":"https:\/\/eco-market24.com\/product\/1100l-green-waste-container-ese\/"},"modified":"2025-09-28T20:27:36","modified_gmt":"2025-09-28T18:27:36","slug":"1100l-green-waste-container-ese","status":"publish","type":"product","link":"https:\/\/eco-market24.com\/lv\/products\/1100l-green-waste-container-ese\/","title":{"rendered":"1100 l za\u013co atkritumu konteiners ESE"},"content":{"rendered":"\n<p>\u0160eit ir ang\u013cu tulkojums:<\/p>\n\n<p>ESE konteineris ar RAL-GZ951\/1 kvalit\u0101tes z\u012bmi<\/p>\n\n<p>ESE z\u012bmola pa\u0161vald\u012bbu atkritumu konteineru augst\u0101k\u0101s kvalit\u0101tes un to iztur\u012bbas pret \u0101r\u0113jiem vides faktoriem apliecin\u0101jums ir to apz\u012bm\u0113jums ar kvalit\u0101tes marku RAL\u2011GZ951\/1 un atbilst\u012bba Eiropas Savien\u012bbas standartam PN\u2011EN 840. ESE z\u012bmola konteineri ir mar\u0137\u0113ti ar CE marku un tiem ir sertifik\u0101ti, kas garant\u0113 atbilst\u012bbu ska\u0146as aizsardz\u012bbas pras\u012bb\u0101m.<\/p>\n\n<p>Za\u013cais 1100 l konteiners, ko ra\u017eo V\u0101cijas z\u012bmols ESE, ir visfunkcion\u0101l\u0101k\u0101, iztur\u012bg\u0101k\u0101 un vienlaikus est\u0113tisk\u0101k\u0101 \u0101ra komun\u0101lo atkritumu tvertne, kas pieejama Polijas tirg\u016b. ESE konteiners apr\u012bkots ar plakanu, vieglu v\u0101ku un \u0113rtu komplektu ar \u010detriem gumijas rite\u0146iem, papildus pastiprin\u0101tu p\u0101rsegu un bremz\u0113m priek\u0161\u0113jos rite\u0146os, kas padara to viegli lietojamu un klusu transport\u0113\u0161anas laik\u0101.<\/p>\n\n<p>Augstas kvalit\u0101tes ESE z\u012bmola 1100 l atkritumu konteiners<\/p>\n\n<p>R\u016bpniecisko atkritumu \u0161\u0137iro\u0161ana uz\u0146\u0113mum\u0101 prasa profesion\u0101lu konteineru izmanto\u0161anu, kas iztur\u0113s bie\u017eu lieto\u0161anu un ekspluat\u0101ciju. MGB konteineri j\u0101izgatavo no bieza, pret boj\u0101jumiem iztur\u012bga materi\u0101la, un tiem j\u0101b\u016bt viegli transport\u0113jamiem un iztuk\u0161ojamiem.<\/p>\n\n<p>V\u0101cu ESE markas pils\u0113tas atkritumu konteineriem ir \u012bpa\u0161\u012bbas, kas tos at\u0161\u0137ir no citiem konteineriem: augsta kvalit\u0101te un iztur\u012bba.<\/p>\n\n<ul class=\"wp-block-list\">\n<li>ESE konteineri ir izgatavoti no augstas bl\u012bvuma PE\u2011HD materi\u0101la, pateicoties kam konteinera konstrukcija \u2014 sienas, dibens un v\u0101ks \u2014 ir iztur\u012bga pret deform\u0101cij\u0101m un iegruvumiem.<\/li>\n\n\n\n<li>Atkritumu tvertnes ir iztur\u012bgas pret saules stariem un labi panes gan zemas, gan augstas temperat\u016bras. 1100 l komun\u0101l\u0101s atkritumu konteineris ir paredz\u0113ts \u0101ra atkritumu \u0161\u0137iro\u0161anai jebkuros laikapst\u0101k\u013cos.<\/li>\n\n\n\n<li>Augstbl\u012bvuma polietil\u0113ns, kas tiek izmantots ESE 1100L konteineru ra\u017eo\u0161an\u0101, garant\u0113 za\u013c\u0101s kr\u0101sas intensit\u0101tes saglab\u0101\u0161anos.<\/li>\n\n\n\n<li>ESE z\u012bmola atkritumu konteineri izce\u013cas ar\u012b ar iztur\u012bbu pret tajos glab\u0101taj\u0101m \u0137\u012bmiskaj\u0101m viel\u0101m. Tos var izmantot p\u0113cra\u017eo\u0161anas atkritumu \u0161\u0137iro\u0161anai, kuros ir t\u012br\u012b\u0161anas l\u012bdzek\u013cu atliekas vai citas l\u012bdz\u012bgas vielas, ko var uzskat\u012bt par b\u012bstam\u0101m.<\/li>\n<\/ul>\n\n<p>ESE konteineri, piel\u0101goti izl\u0101dei ar \u0137emmi<\/p>\n\n<p>ESE z\u012bmola 1100 L pa\u0161vald\u012bbas atkritumu konteineri ir piel\u0101goti iztuk\u0161o\u0161anai, izmantojot \u0137emmes meh\u0101nismu, k\u0101 ar\u012b DIN tipa iztuk\u0161o\u0161anai. ESE MGB konteiners ir viegli iztuk\u0161ojams ar visiem atkritumu sav\u0101k\u0161anas kravas automobi\u013ciem Polij\u0101.<\/p>\n\n<p>1100 L tilpuma ESE konteineru nomin\u0101lais svars ir 510 kg, un tas ir liel\u0101kais iesp\u0113jamais nomin\u0101lais kravas svars 1100 L konteineriem starp visiem plastmasas r\u016bpnieciskajiem atkritumu konteineriem.<\/p>\n\n<p><\/p>\n","protected":false},"excerpt":{"rendered":"<ul>\n<li class=\"whitespace-normal break-words\"><strong>Iztur\u012bgs PE-HD materi\u0101ls<\/strong> \u2013 iztur\u012bgs pret UV stariem un pla\u0161s temperat\u016bras diapazons, ide\u0101li piem\u0113rots \u0101ra lieto\u0161anai<\/li>\n<li class=\"whitespace-normal break-words\"><strong>Nomin\u0101lais svars l\u012bdz 510 kg<\/strong> \u2013 augst\u0101kais starp 1100 L konteineriem Eiropas tirg\u016b<\/li>\n<li class=\"whitespace-normal break-words\"><strong>Gumiju rite\u0146u sist\u0113ma \u00d8 20 cm ar bremz\u0113m un pastiprin\u0101tiem p\u0101rsegiem<\/strong> \u2013 klusa un viegla p\u0101rvieto\u0161an\u0101s<\/li>\n<li class=\"whitespace-normal break-words\"><strong>Pastiprin\u0101ta konstrukcija ar met\u0101la ielikt\u0146iem s\u0101nu tap\u0101s un ergonomiskiem rokturiem<\/strong><\/li>\n<li class=\"whitespace-normal break-words\"><strong>Sader\u012bgs ar atkritumu sav\u0101c\u0113jma\u0161\u012bn\u0101m<\/strong> \u2013 piem\u0113rots \u0137emmes un DIN tipa izkrau\u0161anas sist\u0113m\u0101m<\/li>\n<li class=\"whitespace-normal break-words\"><strong>Pilna \u0161\u0137iro\u0161anas kr\u0101su gamma<\/strong> \u2013 melna, zila, dzeltena, za\u013ca, br\u016bna, sarkana<\/li>\n<li class=\"whitespace-normal break-words\"><strong>Kvalit\u0101tes sertifik\u0101ti<\/strong> \u2013 atbilst PN-EN 840 standartam un RAL-GZ951\/1 atz\u012bmei, CE sertific\u0113ts<\/li>\n<\/ul>\n","protected":false},"featured_media":344,"comment_status":"open","ping_status":"closed","template":"","meta":[],"product_brand":[77],"product_cat":[131,130],"product_tag":[],"class_list":{"0":"post-384","1":"product","2":"type-product","3":"status-publish","4":"has-post-thumbnail","6":"product_brand-ese","7":"product_cat-4-ritenu-atkritumu-konteineri-1100l","8":"product_cat-atkritumu-konteineri","10":"first","11":"instock","12":"taxable","13":"shipping-taxable","14":"purchasable","15":"product-type-simple"},"_links":{"self":[{"href":"https:\/\/eco-market24.com\/lv\/wp-json\/wp\/v2\/product\/384","targetHints":{"allow":["GET"]}}],"collection":[{"href":"https:\/\/eco-market24.com\/lv\/wp-json\/wp\/v2\/product"}],"about":[{"href":"https:\/\/eco-market24.com\/lv\/wp-json\/wp\/v2\/types\/product"}],"replies":[{"embeddable":true,"href":"https:\/\/eco-market24.com\/lv\/wp-json\/wp\/v2\/comments?post=384"}],"wp:featuredmedia":[{"embeddable":true,"href":"https:\/\/eco-market24.com\/lv\/wp-json\/wp\/v2\/media\/344"}],"wp:attachment":[{"href":"https:\/\/eco-market24.com\/lv\/wp-json\/wp\/v2\/media?parent=384"}],"wp:term":[{"taxonomy":"product_brand","embeddable":true,"href":"https:\/\/eco-market24.com\/lv\/wp-json\/wp\/v2\/product_brand?post=384"},{"taxonomy":"product_cat","embeddable":true,"href":"https:\/\/eco-market24.com\/lv\/wp-json\/wp\/v2\/product_cat?post=384"},{"taxonomy":"product_tag","embeddable":true,"href":"https:\/\/eco-market24.com\/lv\/wp-json\/wp\/v2\/product_tag?post=384"}],"curies":[{"name":"wp","href":"https:\/\/api.w.org\/{rel}","templated":true}]}}