{"id":388,"date":"2025-09-28T17:45:10","date_gmt":"2025-09-28T15:45:10","guid":{"rendered":"https:\/\/eco-market24.com\/product\/1100l-blue-waste-container-ese\/"},"modified":"2025-09-30T16:06:11","modified_gmt":"2025-09-30T14:06:11","slug":"1100l-blue-waste-container-ese","status":"publish","type":"product","link":"https:\/\/eco-market24.com\/lv\/products\/1100l-blue-waste-container-ese\/","title":{"rendered":"1100 l zils atkritumu konteiners ESE"},"content":{"rendered":"\n<p>Konteiners atbilst ES standartam PN-EN 840<\/p>\n\n<p>To apliecina ESE z\u012bmola 1100 L komun\u0101l\u0101 atkritumu konteinera RAL\u2011GZ951\/1 kvalit\u0101tes z\u012bme un atbilst\u012bba ES standartam PN\u2011EN 840. Konteiners ir sertific\u0113ts, kas garant\u0113 trok\u0161\u0146u aizsardz\u012bbas pras\u012bbu izpildi, un tas ir mar\u0137\u0113ts ar CE mar\u0137\u0113jumu.<\/p>\n\n<p>1100L ESE z\u012bmola konteineris ir visiztur\u012bg\u0101kais, est\u0113tisk\u0101kais un funkcion\u0101l\u0101kais pa\u0161vald\u012bbas atkritumu konteineris tirg\u016b. Konteiners ir apr\u012bkots ar plakanu v\u0101ku un \u0113rtu, klus\u0101 gumijas rite\u0146u sist\u0113mu ar 20 cm diametru, papildus pastiprin\u0101tu p\u0101rsegu un bremz\u0113m priek\u0161\u0113jiem rite\u0146iem. Pateicoties tam, to ir viegli lietot un p\u0101rvietot.<\/p>\n\n<p>4 rite\u0146u atkritumu konteiners 1100 l ESE<\/p>\n\n<p>R\u016bpniecisko un komun\u0101lo atkritumu uzglab\u0101\u0161anai j\u0101izmanto atbilsto\u0161i konteineri, kuri ir iztur\u012bgi, izgatavoti no bieza materi\u0101la, iztur\u012bgi pret deform\u0101cij\u0101m, k\u0101 ar\u012b viegli iztuk\u0161ojami un p\u0101rvietojami. Komun\u0101lo atkritumu konteiners ESE 1100 L pied\u0101v\u0101 priek\u0161roc\u012bbas, kas to izce\u013c kvalit\u0101tes un iztur\u012bbas zi\u0146\u0101.<\/p>\n\n<p>MGB konteineru izgatavo no iztur\u012bgas augstas bl\u012bvuma HDPE plastmasas; tas ir iztur\u012bgs pret UV starojumu un piem\u0113rots pla\u0161am temperat\u016bru diapazonam. Pateicoties tam, 1100 l komun\u0101lo atkritumu konteineru var glab\u0101t \u0101r\u0101 jebkuros laika apst\u0101k\u013cos. Turkl\u0101t augstas bl\u012bvuma plastmasa, kas izmantota ESE 1100 l komun\u0101l\u0101 atkritumu konteinera ra\u017eo\u0161an\u0101, garant\u0113 kr\u0101sas intensit\u0101tes saglab\u0101\u0161anu.<\/p>\n\n<p>1100 l ESE z\u012bmola konteiners izce\u013cas ar iztur\u012bbu pret \u0137\u012bmisk\u0101m viel\u0101m. Pateicoties tam, tas ir piem\u0113rots sadz\u012bves un ra\u017eo\u0161anas atkritumu uzglab\u0101\u0161anai, kas satur t\u012br\u012b\u0161anas l\u012bdzek\u013cu vai citu prepar\u0101tu atliekas. Konteiners nerea\u0123\u0113 ar \u0137imik\u0101lij\u0101m un neizkrop\u013cojas.<\/p>\n\n<p>Konteinera piel\u0101go\u0161ana \u0137emmes izkrau\u0161anas meh\u0101nismiem<\/p>\n\n<p>MGB 1100 l atkritumu konteiners ir piel\u0101gots gan \u0137emmes tipa izkrau\u0161anai, gan DIN tipa izkrau\u0161anai. ESE pils\u0113tas atkritumu konteineri ir piel\u0101goti izkrau\u0161anai ar vis\u0101m tradicion\u0101laj\u0101m atkritumu sav\u0101c\u0113jautoma\u0161\u012bn\u0101m Polij\u0101.<\/p>\n\n<p>ESE 1100 L konteineram nomin\u0101l\u0101 masa ir 510 kg, un tas ir augst\u0101kais nomin\u0101lais pild\u012bjuma svars 1100 L konteineram starp visiem pa\u0161vald\u012bbu atkritumu konteineriem, kas pieejami Polijas un Eiropas tirg\u016b. M\u0113\u0123in\u0101t v\u0113lreiz.<\/p>\n\n<p><\/p>\n","protected":false},"excerpt":{"rendered":"<ul>\n<li class=\"whitespace-normal break-words\"><strong>Iztur\u012bgs PE\u2011HD materi\u0101ls<\/strong> \u2013 iztur\u012bgs pret UV un pla\u0161s temperat\u016bras diapazons, ide\u0101li piem\u0113rots \u0101ra lieto\u0161anai<\/li>\n<li class=\"whitespace-normal break-words\"><strong>Nomin\u0101l\u0101 ietilp\u012bba l\u012bdz 510 kg<\/strong> \u2013 augst\u0101k\u0101 starp 1100 l konteineriem Eiropas tirg\u016b<\/li>\n<li class=\"whitespace-normal break-words\"><strong>Gumijas rite\u0146u sist\u0113ma \u00d8 20 cm ar bremz\u0113m un pastiprin\u0101tiem v\u0101kiem<\/strong> \u2013 klusa un viegla p\u0101rvieto\u0161an\u0101s<\/li>\n<li class=\"whitespace-normal break-words\"><strong>Pastiprin\u0101ta konstrukcija ar met\u0101la ielikt\u0146iem s\u0101nu tap\u0101s un ergonomiskiem rokturiem<\/strong><\/li>\n<li class=\"whitespace-normal break-words\"><strong>Sader\u012bgs ar atkritumu sav\u0101c\u0113jma\u0161\u012bn\u0101m<\/strong> \u2013 piel\u0101gots \u0137emmes un DIN tipa izkrau\u0161anas sist\u0113m\u0101m<\/li>\n<li class=\"whitespace-normal break-words\"><strong>Pilna \u0161\u0137iro\u0161anas kr\u0101su gama<\/strong> \u2013 melna, zila, dzeltena, za\u013ca, br\u016bna, sarkana<\/li>\n<li class=\"whitespace-normal break-words\"><strong>Kvalit\u0101tes sertifik\u0101ti<\/strong> \u2013 atbilst PN\u2011EN 840 standartam un RAL\u2011GZ 951\/1 z\u012bmei, CE sertific\u0113ts<\/li>\n<\/ul>\n","protected":false},"featured_media":163,"comment_status":"open","ping_status":"closed","template":"","meta":[],"product_brand":[77],"product_cat":[131,130],"product_tag":[],"class_list":{"0":"post-388","1":"product","2":"type-product","3":"status-publish","4":"has-post-thumbnail","6":"product_brand-ese","7":"product_cat-4-ritenu-atkritumu-konteineri-1100l","8":"product_cat-atkritumu-konteineri","10":"first","11":"instock","12":"taxable","13":"shipping-taxable","14":"purchasable","15":"product-type-simple"},"_links":{"self":[{"href":"https:\/\/eco-market24.com\/lv\/wp-json\/wp\/v2\/product\/388","targetHints":{"allow":["GET"]}}],"collection":[{"href":"https:\/\/eco-market24.com\/lv\/wp-json\/wp\/v2\/product"}],"about":[{"href":"https:\/\/eco-market24.com\/lv\/wp-json\/wp\/v2\/types\/product"}],"replies":[{"embeddable":true,"href":"https:\/\/eco-market24.com\/lv\/wp-json\/wp\/v2\/comments?post=388"}],"wp:featuredmedia":[{"embeddable":true,"href":"https:\/\/eco-market24.com\/lv\/wp-json\/wp\/v2\/media\/163"}],"wp:attachment":[{"href":"https:\/\/eco-market24.com\/lv\/wp-json\/wp\/v2\/media?parent=388"}],"wp:term":[{"taxonomy":"product_brand","embeddable":true,"href":"https:\/\/eco-market24.com\/lv\/wp-json\/wp\/v2\/product_brand?post=388"},{"taxonomy":"product_cat","embeddable":true,"href":"https:\/\/eco-market24.com\/lv\/wp-json\/wp\/v2\/product_cat?post=388"},{"taxonomy":"product_tag","embeddable":true,"href":"https:\/\/eco-market24.com\/lv\/wp-json\/wp\/v2\/product_tag?post=388"}],"curies":[{"name":"wp","href":"https:\/\/api.w.org\/{rel}","templated":true}]}}