{"id":40,"date":"2025-09-26T20:03:10","date_gmt":"2025-09-26T18:03:10","guid":{"rendered":"https:\/\/eco-market24.com\/kosik\/"},"modified":"2025-10-14T16:26:26","modified_gmt":"2025-10-14T14:26:26","slug":"kosik","status":"publish","type":"page","link":"https:\/\/eco-market24.com\/sk\/kosik\/","title":{"rendered":"Ko\u0161\u00edk"},"content":{"rendered":"\n<div data-block-name=\"woocommerce\/cart\" class=\"wp-block-woocommerce-cart alignwide is-loading\">\n<div data-block-name=\"woocommerce\/filled-cart-block\" class=\"wp-block-woocommerce-filled-cart-block\">\n<div data-block-name=\"woocommerce\/cart-items-block\" class=\"wp-block-woocommerce-cart-items-block\">\n<div data-block-name=\"woocommerce\/cart-line-items-block\" class=\"wp-block-woocommerce-cart-line-items-block\"><\/div>\n\n\n<\/div>\n\n\n\n\n<div data-block-name=\"woocommerce\/cart-totals-block\" class=\"wp-block-woocommerce-cart-totals-block\">\n<div data-block-name=\"woocommerce\/cart-order-summary-block\" class=\"wp-block-woocommerce-cart-order-summary-block\">\n<div data-block-name=\"woocommerce\/cart-order-summary-heading-block\" class=\"wp-block-woocommerce-cart-order-summary-heading-block\"><\/div><div data-block-name=\"woocommerce\/cart-order-summary-coupon-form-block\" class=\"wp-block-woocommerce-cart-order-summary-coupon-form-block\"><\/div><div data-block-name=\"woocommerce\/cart-order-summary-totals-block\" class=\"wp-block-woocommerce-cart-order-summary-totals-block\">\n<div data-block-name=\"woocommerce\/cart-order-summary-subtotal-block\" class=\"wp-block-woocommerce-cart-order-summary-subtotal-block\"><\/div>\n<div data-block-name=\"woocommerce\/cart-order-summary-discount-block\" class=\"wp-block-woocommerce-cart-order-summary-discount-block\"><\/div>\n<div data-block-name=\"woocommerce\/cart-order-summary-fee-block\" class=\"wp-block-woocommerce-cart-order-summary-fee-block\"><\/div>\n<div data-block-name=\"woocommerce\/cart-order-summary-shipping-block\" class=\"wp-block-woocommerce-cart-order-summary-shipping-block\"><\/div>\n<div data-block-name=\"woocommerce\/cart-order-summary-taxes-block\" class=\"wp-block-woocommerce-cart-order-summary-taxes-block\"><\/div><\/div>\n<\/div>\n\n\n\n<div data-block-name=\"woocommerce\/cart-express-payment-block\" class=\"wp-block-woocommerce-cart-express-payment-block\"><\/div>\n\n\n\n<div data-block-name=\"woocommerce\/proceed-to-checkout-block\" class=\"wp-block-woocommerce-proceed-to-checkout-block\"><\/div>\n\n\n\n<div data-block-name=\"woocommerce\/cart-accepted-payment-methods-block\" class=\"wp-block-woocommerce-cart-accepted-payment-methods-block\"><\/div>\n<\/div>\n<\/div>\n\n\n\n<div data-block-name=\"woocommerce\/empty-cart-block\" class=\"wp-block-woocommerce-empty-cart-block\">\n<h2 class=\"wp-block-heading has-text-align-center with-empty-cart-icon wc-block-cart__empty-cart__title\">Your basket is currently empty!<\/h2>\n\n\n\n<hr class=\"wp-block-separator has-alpha-channel-opacity is-style-dots\"\/>\n\n\n\n<h2 class=\"wp-block-heading has-text-align-center\">New in store<\/h2>\n\n\n<div data-block-name=\"woocommerce\/product-new\" data-columns=\"4\" data-rows=\"1\" class=\"wc-block-grid wp-block-product-new wp-block-woocommerce-product-new wc-block-product-new has-4-columns\"><ul class=\"wc-block-grid__products\"><li class=\"wc-block-grid__product\">\n\t\t\t\t<a href=\"https:\/\/eco-market24.com\/sk\/produkt\/nastenny-drziak-na-bicykel-do-garaze-prag\/\" class=\"wc-block-grid__product-link\">\n\t\t\t\t\t\n\t\t\t\t\t<div class=\"wc-block-grid__product-image\"><img loading=\"lazy\" decoding=\"async\" width=\"300\" height=\"198\" src=\"https:\/\/eco-market24.com\/wp-content\/uploads\/2025\/09\/stojak-rowerowy-do-garazu-prag-300x198.jpg\" class=\"attachment-woocommerce_thumbnail size-woocommerce_thumbnail\" alt=\"N\u00e1stenn\u00fd dr\u017eiak na bicykel do gar\u00e1\u017ee prag\" srcset=\"https:\/\/eco-market24.com\/wp-content\/uploads\/2025\/09\/stojak-rowerowy-do-garazu-prag-300x198.jpg 300w, https:\/\/eco-market24.com\/wp-content\/uploads\/2025\/09\/stojak-rowerowy-do-garazu-prag-150x99.jpg 150w, https:\/\/eco-market24.com\/wp-content\/uploads\/2025\/09\/stojak-rowerowy-do-garazu-prag-600x396.jpg 600w, https:\/\/eco-market24.com\/wp-content\/uploads\/2025\/09\/stojak-rowerowy-do-garazu-prag.jpg 980w\" sizes=\"auto, (max-width: 360px) 147px, (max-width: 300px) 100vw, 300px\" \/><\/div>\n\t\t\t\t\t<div class=\"wc-block-grid__product-title\">N\u00e1stenn\u00fd dr\u017eiak na bicykel do gar\u00e1\u017ee prag<\/div>\n\t\t\t\t<\/a>\n\t\t\t\t<div class=\"wc-block-grid__product-price price\"><span class=\"woocommerce-Price-amount amount\">31,98&nbsp;<span class=\"woocommerce-Price-currencySymbol\">&euro;<\/span><\/span><\/div>\n\t\t\t\t\n\t\t\t\t<div class=\"wp-block-button wc-block-grid__product-add-to-cart\"><a href=\"\/sk\/wp-json\/wp\/v2\/pages\/40?add-to-cart=2210\" aria-label=\"Prida\u0165 do ko\u0161\u00edka: \u201eN\u00e1stenn\u00fd dr\u017eiak na bicykel do gar\u00e1\u017ee prag\u201c\" data-quantity=\"1\" data-product_id=\"2210\" data-product_sku=\"WAR02010-370\" data-price=\"31.98\" rel=\"nofollow\" class=\"wp-block-button__link  add_to_cart_button ajax_add_to_cart\">Prida\u0165 do ko\u0161\u00edka<\/a><\/div>\n\t\t\t<\/li><li class=\"wc-block-grid__product\">\n\t\t\t\t<a href=\"https:\/\/eco-market24.com\/sk\/produkt\/zabezpeceny-stojan-pre-jeden-bicykel-bremen-45\/\" class=\"wc-block-grid__product-link\">\n\t\t\t\t\t\n\t\t\t\t\t<div class=\"wc-block-grid__product-image\"><img loading=\"lazy\" decoding=\"async\" width=\"300\" height=\"200\" src=\"https:\/\/eco-market24.com\/wp-content\/uploads\/2025\/09\/bezpieczny-stojak-na-rower-pojedynczy-bremen-45-300x200.jpg\" class=\"attachment-woocommerce_thumbnail size-woocommerce_thumbnail\" alt=\"Zabezpe\u010den\u00fd stojan pre jeden bicykel Bremen 45\" srcset=\"https:\/\/eco-market24.com\/wp-content\/uploads\/2025\/09\/bezpieczny-stojak-na-rower-pojedynczy-bremen-45-300x200.jpg 300w, https:\/\/eco-market24.com\/wp-content\/uploads\/2025\/09\/bezpieczny-stojak-na-rower-pojedynczy-bremen-45-150x100.jpg 150w, https:\/\/eco-market24.com\/wp-content\/uploads\/2025\/09\/bezpieczny-stojak-na-rower-pojedynczy-bremen-45-600x400.jpg 600w, https:\/\/eco-market24.com\/wp-content\/uploads\/2025\/09\/bezpieczny-stojak-na-rower-pojedynczy-bremen-45.jpg 1000w\" sizes=\"auto, (max-width: 360px) 147px, (max-width: 300px) 100vw, 300px\" \/><\/div>\n\t\t\t\t\t<div class=\"wc-block-grid__product-title\">Zabezpe\u010den\u00fd stojan pre jeden bicykel Bremen 45<\/div>\n\t\t\t\t<\/a>\n\t\t\t\t<div class=\"wc-block-grid__product-price price\"><span class=\"woocommerce-Price-amount amount\">29,52&nbsp;<span class=\"woocommerce-Price-currencySymbol\">&euro;<\/span><\/span><\/div>\n\t\t\t\t\n\t\t\t\t<div class=\"wp-block-button wc-block-grid__product-add-to-cart\"><a href=\"\/sk\/wp-json\/wp\/v2\/pages\/40?add-to-cart=2242\" aria-label=\"Prida\u0165 do ko\u0161\u00edka: \u201eZabezpe\u010den\u00fd stojan pre jeden bicykel Bremen 45\u201c\" data-quantity=\"1\" data-product_id=\"2242\" data-product_sku=\"WAR02010-310\" data-price=\"29.52\" rel=\"nofollow\" class=\"wp-block-button__link  add_to_cart_button ajax_add_to_cart\">Prida\u0165 do ko\u0161\u00edka<\/a><\/div>\n\t\t\t<\/li><li class=\"wc-block-grid__product\">\n\t\t\t\t<a href=\"https:\/\/eco-market24.com\/sk\/produkt\/bremen-90-nastenny-drziak-na-jeden-bicykel\/\" class=\"wc-block-grid__product-link\">\n\t\t\t\t\t\n\t\t\t\t\t<div class=\"wc-block-grid__product-image\"><img loading=\"lazy\" decoding=\"async\" width=\"300\" height=\"200\" src=\"https:\/\/eco-market24.com\/wp-content\/uploads\/2025\/09\/stojak-rowerowy-scienny-na-jeden-rower-bremen-90-300x200.jpg\" class=\"attachment-woocommerce_thumbnail size-woocommerce_thumbnail\" alt=\"Bremen 90 n\u00e1stenn\u00fd dr\u017eiak na jeden bicykel\" srcset=\"https:\/\/eco-market24.com\/wp-content\/uploads\/2025\/09\/stojak-rowerowy-scienny-na-jeden-rower-bremen-90-300x200.jpg 300w, https:\/\/eco-market24.com\/wp-content\/uploads\/2025\/09\/stojak-rowerowy-scienny-na-jeden-rower-bremen-90-150x100.jpg 150w, https:\/\/eco-market24.com\/wp-content\/uploads\/2025\/09\/stojak-rowerowy-scienny-na-jeden-rower-bremen-90-600x400.jpg 600w, https:\/\/eco-market24.com\/wp-content\/uploads\/2025\/09\/stojak-rowerowy-scienny-na-jeden-rower-bremen-90.jpg 1000w\" sizes=\"auto, (max-width: 360px) 147px, (max-width: 300px) 100vw, 300px\" \/><\/div>\n\t\t\t\t\t<div class=\"wc-block-grid__product-title\">Bremen 90 n\u00e1stenn\u00fd dr\u017eiak na jeden bicykel<\/div>\n\t\t\t\t<\/a>\n\t\t\t\t<div class=\"wc-block-grid__product-price price\"><span class=\"woocommerce-Price-amount amount\">29,52&nbsp;<span class=\"woocommerce-Price-currencySymbol\">&euro;<\/span><\/span><\/div>\n\t\t\t\t\n\t\t\t\t<div class=\"wp-block-button wc-block-grid__product-add-to-cart\"><a href=\"\/sk\/wp-json\/wp\/v2\/pages\/40?add-to-cart=2258\" aria-label=\"Prida\u0165 do ko\u0161\u00edka: \u201eBremen 90 n\u00e1stenn\u00fd dr\u017eiak na jeden bicykel\u201c\" data-quantity=\"1\" data-product_id=\"2258\" data-product_sku=\"WAR02010-300\" data-price=\"29.52\" rel=\"nofollow\" class=\"wp-block-button__link  add_to_cart_button ajax_add_to_cart\">Prida\u0165 do ko\u0161\u00edka<\/a><\/div>\n\t\t\t<\/li><li class=\"wc-block-grid__product\">\n\t\t\t\t<a href=\"https:\/\/eco-market24.com\/sk\/produkt\/moderny-stojan-na-bicykle-max-obojstranny\/\" class=\"wc-block-grid__product-link\">\n\t\t\t\t\t\n\t\t\t\t\t<div class=\"wc-block-grid__product-image\"><img loading=\"lazy\" decoding=\"async\" width=\"300\" height=\"201\" src=\"https:\/\/eco-market24.com\/wp-content\/uploads\/2025\/09\/stojak-rowerowy-max-2-stronny-300x201.jpg\" class=\"attachment-woocommerce_thumbnail size-woocommerce_thumbnail\" alt=\"Modern\u00fd stojan na bicykle, max. obojstrann\u00fd\" srcset=\"https:\/\/eco-market24.com\/wp-content\/uploads\/2025\/09\/stojak-rowerowy-max-2-stronny-300x201.jpg 300w, https:\/\/eco-market24.com\/wp-content\/uploads\/2025\/09\/stojak-rowerowy-max-2-stronny-150x100.jpg 150w, https:\/\/eco-market24.com\/wp-content\/uploads\/2025\/09\/stojak-rowerowy-max-2-stronny-600x401.jpg 600w, https:\/\/eco-market24.com\/wp-content\/uploads\/2025\/09\/stojak-rowerowy-max-2-stronny.jpg 790w\" sizes=\"auto, (max-width: 360px) 147px, (max-width: 300px) 100vw, 300px\" \/><\/div>\n\t\t\t\t\t<div class=\"wc-block-grid__product-title\">Modern\u00fd stojan na bicykle, max. obojstrann\u00fd<\/div>\n\t\t\t\t<\/a>\n\t\t\t\t<div class=\"wc-block-grid__product-price price\"><span class=\"woocommerce-Price-amount amount\">118,08&nbsp;<span class=\"woocommerce-Price-currencySymbol\">&euro;<\/span><\/span><\/div>\n\t\t\t\t\n\t\t\t\t<div class=\"wp-block-button wc-block-grid__product-add-to-cart\"><a href=\"\/sk\/wp-json\/wp\/v2\/pages\/40?add-to-cart=2262\" aria-label=\"Prida\u0165 do ko\u0161\u00edka: \u201eModern\u00fd stojan na bicykle, max. obojstrann\u00fd\u201c\" data-quantity=\"1\" data-product_id=\"2262\" data-product_sku=\"WAR02010-280\" data-price=\"118.08\" rel=\"nofollow\" class=\"wp-block-button__link  add_to_cart_button ajax_add_to_cart\">Prida\u0165 do ko\u0161\u00edka<\/a><\/div>\n\t\t\t<\/li><\/ul><\/div><\/div>\n<\/div>\n","protected":false},"excerpt":{"rendered":"","protected":false},"author":2,"featured_media":0,"parent":0,"menu_order":0,"comment_status":"closed","ping_status":"closed","template":"","meta":{"footnotes":""},"class_list":["post-40","page","type-page","status-publish","hentry"],"_links":{"self":[{"href":"https:\/\/eco-market24.com\/sk\/wp-json\/wp\/v2\/pages\/40","targetHints":{"allow":["GET"]}}],"collection":[{"href":"https:\/\/eco-market24.com\/sk\/wp-json\/wp\/v2\/pages"}],"about":[{"href":"https:\/\/eco-market24.com\/sk\/wp-json\/wp\/v2\/types\/page"}],"author":[{"embeddable":true,"href":"https:\/\/eco-market24.com\/sk\/wp-json\/wp\/v2\/users\/2"}],"replies":[{"embeddable":true,"href":"https:\/\/eco-market24.com\/sk\/wp-json\/wp\/v2\/comments?post=40"}],"version-history":[{"count":1,"href":"https:\/\/eco-market24.com\/sk\/wp-json\/wp\/v2\/pages\/40\/revisions"}],"predecessor-version":[{"id":2620,"href":"https:\/\/eco-market24.com\/sk\/wp-json\/wp\/v2\/pages\/40\/revisions\/2620"}],"wp:attachment":[{"href":"https:\/\/eco-market24.com\/sk\/wp-json\/wp\/v2\/media?parent=40"}],"curies":[{"name":"wp","href":"https:\/\/api.w.org\/{rel}","templated":true}]}}