{"id":1143,"date":"2025-09-29T16:22:33","date_gmt":"2025-09-29T14:22:33","guid":{"rendered":"https:\/\/eco-market24.com\/product\/stojan-na-bicykle-ohio-top-s-oporami-ramu-jednostranny\/"},"modified":"2025-09-29T19:58:29","modified_gmt":"2025-09-29T17:58:29","slug":"stojan-na-bicykle-ohio-top-s-oporami-ramu-jednostranny","status":"publish","type":"product","link":"https:\/\/eco-market24.com\/sk\/produkt\/stojan-na-bicykle-ohio-top-s-oporami-ramu-jednostranny\/","title":{"rendered":"Stojan na bicykle Ohio Top s oporami r\u00e1mu, jednostrann\u00fd"},"content":{"rendered":"<p>Stojan na bicykle Ohio Top \u2014 jednostrann\u00fd s oporami r\u00e1mu<\/p>\n<p>Typ: jednostrann\u00fd<br \/>\nMateri\u00e1l: pozinkovan\u00e1 oce\u013e<br \/>\nD\u013a\u017eka: 70, 140, 210 cm<br \/>\n\u0160\u00edrka: 99 cm<br \/>\nCelkov\u00e1 v\u00fd\u0161ka: 80 cm<br \/>\nPo\u010det miest: 2, 4 alebo 6<br \/>\nHmotnos\u0165: 15,2, 30,4 alebo 44,2 kg<br \/>\nV\u00fdbava: opory r\u00e1mu pre bicykle<\/p>\n<p>Popis<br \/>\nStojan na bicykle Ohio Top s oporami r\u00e1mu jednostrann\u00fd je navrhnut\u00fd pre pohodln\u00e9 a bezpe\u010dn\u00e9 parkovanie bicyklov v verejn\u00fdch aj s\u00fakromn\u00fdch priestoroch. \u0160peci\u00e1lne opory r\u00e1mu poskytuj\u00fa dodato\u010dn\u00fa stabilitu a zni\u017euj\u00fa riziko prevrhnutia bicykla, \u010do je obzvl\u00e1\u0161\u0165 d\u00f4le\u017eit\u00e9 pri \u013eah\u0161\u00edch mestsk\u00fdch bicykloch, trekingov\u00fdch bicykloch a detsk\u00fdch bicykloch. Model je dostupn\u00fd v 2-, 4- a 6-miestnych variantoch, aby vyhovel r\u00f4znym potreb\u00e1m a dostupn\u00e9mu priestoru.<\/p>\n<p>Trvanlivos\u0165 a odolnos\u0165<br \/>\nKonstrukcia je vyroben\u00e1 z vysokokvalitnej pozinkovanej ocele, chr\u00e1nen\u00e1 proti vlhkosti, UV \u017eiareniu a v\u00fdkyvom tepl\u00f4t. To rob\u00ed stojan vhodn\u00fdm pre mestsk\u00e9 prostredie, obytn\u00e9 s\u00fabory a firemn\u00e9 are\u00e1ly. Pevn\u00e9 povrchov\u00e9 spracovanie zabezpe\u010duje dlhodob\u00e9 pou\u017e\u00edvanie vonku.<\/p>\n<p>Odpor\u00fa\u010dan\u00e9 miesta<br \/>\n\u0160koly<br \/>\nKancel\u00e1rske budovy a pracovisk\u00e1<br \/>\n\u0160portov\u00e9 zariadenia<br \/>\n\u00daradn\u00e9 budovy<br \/>\nN\u00e1kupn\u00e9 centr\u00e1<\/p>\n<p>V\u00fdhody<br \/>\nStabiln\u00e9 parkovanie v\u010faka opor\u00e1m r\u00e1mu<br \/>\nPozinkovan\u00e1 oce\u013e odoln\u00e1 vo\u010di poveternostn\u00fdm vplyvom a po\u0161kodeniu<br \/>\nJednostrann\u00fd dizajn umo\u017e\u0148uje mont\u00e1\u017e pri sten\u00e1ch alebo plotoch pre \u00fasporu miesta<br \/>\nDostupn\u00e9 v nieko\u013ek\u00fdch kapacitn\u00fdch variantoch pre flexibiln\u00fa in\u0161tal\u00e1ciu<\/p>\n","protected":false},"excerpt":{"rendered":"<p>Ohio horn\u00fd jednostrann\u00fd stojan na bicykle s r\u00e1mov\u00fdmi oporami \u2014 pojme 2, 4 alebo 6 bicyklov. Pozinkovan\u00e1 oce\u013e; d\u013a\u017eky 70, 140 alebo 210 cm; \u0161\u00edrka 99 cm; celkov\u00e1 v\u00fd\u0161ka 80 cm. Hmotnos\u0165: 15,2, 30,4 alebo 44,2 kg.<\/p>\n","protected":false},"featured_media":1507,"comment_status":"open","ping_status":"closed","template":"","meta":[],"product_brand":[],"product_cat":[165],"product_tag":[],"class_list":{"0":"post-1143","1":"product","2":"type-product","3":"status-publish","4":"has-post-thumbnail","6":"product_cat-stojany-na-bicykle","8":"first","9":"instock","10":"taxable","11":"shipping-taxable","12":"purchasable","13":"product-type-simple"},"_links":{"self":[{"href":"https:\/\/eco-market24.com\/sk\/wp-json\/wp\/v2\/product\/1143","targetHints":{"allow":["GET"]}}],"collection":[{"href":"https:\/\/eco-market24.com\/sk\/wp-json\/wp\/v2\/product"}],"about":[{"href":"https:\/\/eco-market24.com\/sk\/wp-json\/wp\/v2\/types\/product"}],"replies":[{"embeddable":true,"href":"https:\/\/eco-market24.com\/sk\/wp-json\/wp\/v2\/comments?post=1143"}],"wp:featuredmedia":[{"embeddable":true,"href":"https:\/\/eco-market24.com\/sk\/wp-json\/wp\/v2\/media\/1507"}],"wp:attachment":[{"href":"https:\/\/eco-market24.com\/sk\/wp-json\/wp\/v2\/media?parent=1143"}],"wp:term":[{"taxonomy":"product_brand","embeddable":true,"href":"https:\/\/eco-market24.com\/sk\/wp-json\/wp\/v2\/product_brand?post=1143"},{"taxonomy":"product_cat","embeddable":true,"href":"https:\/\/eco-market24.com\/sk\/wp-json\/wp\/v2\/product_cat?post=1143"},{"taxonomy":"product_tag","embeddable":true,"href":"https:\/\/eco-market24.com\/sk\/wp-json\/wp\/v2\/product_tag?post=1143"}],"curies":[{"name":"wp","href":"https:\/\/api.w.org\/{rel}","templated":true}]}}