{"id":1191,"date":"2025-09-29T16:22:25","date_gmt":"2025-09-29T14:22:25","guid":{"rendered":"https:\/\/eco-market24.com\/product\/ocelovy-kontajner-kp12\/"},"modified":"2025-09-29T19:58:42","modified_gmt":"2025-09-29T17:58:42","slug":"ocelovy-kontajner-kp12","status":"publish","type":"product","link":"https:\/\/eco-market24.com\/sk\/produkt\/ocelovy-kontajner-kp12\/","title":{"rendered":"Oce\u013eov\u00fd kontajner KP12"},"content":{"rendered":"<p>Kontajner KP 12 \u2014 pre komun\u00e1lny, stavebn\u00fd alebo cintor\u00ednsky odpad<br \/>\nNavrhnut\u00fd na skladovanie a prepravu objemn\u00e9ho komun\u00e1lneho odpadu. S\u00fa\u010das\u0165 z\u00e1kladn\u00e9ho vybavenia zbern\u00fdch dvorov a komun\u00e1lnych slu\u017eieb. Vyu\u017e\u00edvaj\u00fa ho stavebn\u00e9 spolo\u010dnosti a priemyseln\u00e9 podniky pre ve\u013ek\u00e9 mno\u017estv\u00e1 sut\u00edn. Vhodn\u00fd pre dokon\u010den\u00e9 obytn\u00e9 celky, stavenisk\u00e1 a mestsk\u00e9 cintor\u00edny. Odtvoren\u00fd model (mo\u017enos\u0165 mont\u00e1\u017ee plachty); k dispoz\u00edcii aj zatvoren\u00e1 verzia kontajnera.<\/p>\n<p>Kon\u0161trukcia a materi\u00e1ly<br \/>\nKon\u0161trukcia z kvalitn\u00e9ho plechu. Dve \u0161tandardn\u00e9 hr\u00fabky plechov:<br \/>\n&#8211; bo\u010dnice 2,5 mm s podlahou 3 mm \u2014 pre \u0165a\u017e\u0161\u00ed odpad (stavebn\u00fd odpad, sutiny)<br \/>\n&#8211; bo\u010dnice 2 mm s podlahou 3 mm \u2014 pre \u013eah\u0161\u00ed komun\u00e1lny odpad<\/p>\n<p>Plechy s\u00fa o\u0161etren\u00e9 antikor\u00f3znym z\u00e1kladn\u00fdm n\u00e1terom odoln\u00fdm vo\u010di UV \u017eiareniu, da\u017e\u010fu, extr\u00e9mnym teplot\u00e1m a mechanick\u00e9mu po\u0161kodeniu. K dispoz\u00edcii aj nerezov\u00e1 verzia.<\/p>\n<p>Kompatibilita a normy<br \/>\nSp\u013a\u0148a DIN 30720. Prisp\u00f4soben\u00fd trom zdv\u00edhac\u00edm syst\u00e9mom: h\u00e1k (v\u00fd\u0161ka h\u00e1ku 1,2 m), br\u00e1na a h\u00e1k-br\u00e1na.<\/p>\n<p>Rozmery<br \/>\nOdtvoren\u00fd kontajner KP 12 je dostupn\u00fd v dvoch vn\u00fatorn\u00fdch rozmerov\u00fdch verzi\u00e1ch:<br \/>\n&#8211; 4000 mm dlh\u00fd \u00d7 2000 mm \u0161irok\u00fd \u00d7 1500 mm vysok\u00fd<br \/>\n&#8211; 3500 mm dlh\u00fd \u00d7 1700 mm \u0161irok\u00fd \u00d7 1700 mm vysok\u00fd<\/p>\n<p>Mo\u017enos\u0165 v\u00fdroby na mieru na po\u017eiadanie.<\/p>\n<p>Volite\u013en\u00e9 vybavenie a prisp\u00f4sobenie<br \/>\n&#8211; plachta s mont\u00e1\u017enymi h\u00e1\u010dikmi<br \/>\n&#8211; bo\u010dn\u00e9 otv\u00e1racie dvere alebo horn\u00e9 p\u00e1ntovan\u00e9 veko<br \/>\n&#8211; zatvoren\u00e9 verzie s pevnou alebo pohyblivou strechou (otv\u00e1ranie smerom nahor), posuvn\u00e9 alebo zdv\u00edhan\u00e9 z jednej strany<br \/>\n&#8211; mo\u017enos\u0165 strechy ovl\u00e1danej p\u00e1\u010dkou<br \/>\n&#8211; kontinu\u00e1lne zv\u00e1ran\u00e9 tesnenie pre efekt\u00edvne uzavretie<br \/>\n&#8211; bo\u010dn\u00e9 otvory na odvod tekut\u00edn<br \/>\n&#8211; lakovanie v farb\u00e1ch z palety RAL<\/p>\n<p>K\u013e\u00fa\u010dov\u00e9 inform\u00e1cie<br \/>\n&#8211; Materi\u00e1l: plech (\u0161tandard) alebo nerezov\u00e1 oce\u013e<br \/>\n&#8211; Antikor\u00f3zny z\u00e1kladn\u00fd n\u00e1ter<br \/>\n&#8211; Mo\u017enosti farebn\u00e9ho prevedenia pod\u013ea RAL<br \/>\n&#8211; V s\u00falade s DIN 30720<br \/>\n&#8211; Kompatibiln\u00fd so syst\u00e9mami h\u00e1k, br\u00e1na a h\u00e1k-br\u00e1na<br \/>\n&#8211; Otvoren\u00e1 kon\u0161trukcia (volite\u013ene s plachtou) alebo varianty so zatvorenou strechou<\/p>\n","protected":false},"excerpt":{"rendered":"<p>KP 12 kontajner pre komun\u00e1lny, stavebn\u00fd a cintor\u00ednsky odpad \u2014 ur\u010den\u00fd na skladovanie a prepravu ve\u013ekoobjemov\u00e9ho odpadu; ide\u00e1lny pre miesta trieden\u00e9ho zberu, mestsk\u00e9 slu\u017eby, stavebn\u00e9 firmy a priemyseln\u00e9 podniky.<\/p>\n","protected":false},"featured_media":2016,"comment_status":"open","ping_status":"closed","template":"","meta":[],"product_brand":[],"product_cat":[213],"product_tag":[],"class_list":{"0":"post-1191","1":"product","2":"type-product","3":"status-publish","4":"has-post-thumbnail","6":"product_cat-ocelove-kontejnery","8":"first","9":"instock","10":"taxable","11":"shipping-taxable","12":"purchasable","13":"product-type-simple"},"_links":{"self":[{"href":"https:\/\/eco-market24.com\/sk\/wp-json\/wp\/v2\/product\/1191","targetHints":{"allow":["GET"]}}],"collection":[{"href":"https:\/\/eco-market24.com\/sk\/wp-json\/wp\/v2\/product"}],"about":[{"href":"https:\/\/eco-market24.com\/sk\/wp-json\/wp\/v2\/types\/product"}],"replies":[{"embeddable":true,"href":"https:\/\/eco-market24.com\/sk\/wp-json\/wp\/v2\/comments?post=1191"}],"wp:featuredmedia":[{"embeddable":true,"href":"https:\/\/eco-market24.com\/sk\/wp-json\/wp\/v2\/media\/2016"}],"wp:attachment":[{"href":"https:\/\/eco-market24.com\/sk\/wp-json\/wp\/v2\/media?parent=1191"}],"wp:term":[{"taxonomy":"product_brand","embeddable":true,"href":"https:\/\/eco-market24.com\/sk\/wp-json\/wp\/v2\/product_brand?post=1191"},{"taxonomy":"product_cat","embeddable":true,"href":"https:\/\/eco-market24.com\/sk\/wp-json\/wp\/v2\/product_cat?post=1191"},{"taxonomy":"product_tag","embeddable":true,"href":"https:\/\/eco-market24.com\/sk\/wp-json\/wp\/v2\/product_tag?post=1191"}],"curies":[{"name":"wp","href":"https:\/\/api.w.org\/{rel}","templated":true}]}}