{"id":1197,"date":"2025-09-29T16:22:25","date_gmt":"2025-09-29T14:22:25","guid":{"rendered":"https:\/\/eco-market24.com\/product\/ocelovy-kontajner-kp36\/"},"modified":"2025-09-29T19:58:43","modified_gmt":"2025-09-29T17:58:43","slug":"ocelovy-kontajner-kp36","status":"publish","type":"product","link":"https:\/\/eco-market24.com\/sk\/produkt\/ocelovy-kontajner-kp36\/","title":{"rendered":"Oce\u013eov\u00fd kontajner KP36"},"content":{"rendered":"<p>Kontajner KP36 pre mestsk\u00e9 zbern\u00e9 miesta (PSZOK) a podniky<\/p>\n<p>Preh\u013ead<br \/>\nKP36 je najv\u00e4\u010d\u0161\u00ed kontajner v na\u0161ej ponuke pre mestsk\u00fd, stavebn\u00fd a po\u00adpriemyseln\u00fd odpad. Umo\u017e\u0148uje uskladnenie a prepravu ve\u013ekoobjemov\u00e9ho, \u0165a\u017ek\u00e9ho a kusov\u00e9ho odpadu a je z\u00e1kladn\u00fdm vybaven\u00edm pre PSZOKy, mestsk\u00e9 spr\u00e1vcovsk\u00e9 podniky, v\u00fdrobcov, skladov\u00e9 haly, stavebn\u00e9 firmy a mestsk\u00e9 cintor\u00edny. KP36 je otvoren\u00fd kontajner s volite\u013enou plachtou a je n\u00e1terovan\u00fd protikor\u00f3znymi farbami z palety RAL. Sp\u013a\u0148a DIN 30720 a je kompatibiln\u00fd s tromi manipula\u010dn\u00fdmi syst\u00e9mami: h\u00e1k, vrata (roll\u2011off) a kombinovan\u00fd h\u00e1k\u2011vrata.<\/p>\n<p>Kon\u0161trukcia<br \/>\nKP36 je vyroben\u00fd z oce\u013eov\u00e9ho plechu so stranami hr\u00fabky 3 mm a dnom 4 mm. Jeho kon\u0161trukcia sa l\u00ed\u0161i od men\u0161\u00edch kontajnerov (in\u00e9 rozstupy sanek) a v\u00e1\u017ei takmer 3 tony. Kontajner je natret\u00fd protikor\u00f3znymi n\u00e1termi odoln\u00fdmi vo\u010di UV \u017eiareniu, da\u017e\u010fu, snehu a extr\u00e9mnym teplot\u00e1m a poskytuje vysok\u00fa mechanick\u00fa pevnos\u0165 pre intenz\u00edvne pou\u017e\u00edvanie. Na po\u017eiadanie je mo\u017en\u00e9 KP36 vyrobi\u0165 z hrub\u0161ieho plechu na zv\u00fd\u0161enie nosnosti.<\/p>\n<p>Kompatibilita<\/p>\n<p>  Model prisp\u00f4soben\u00fd pre h\u00e1kov\u00e9 nosi\u010de (v\u00fd\u0161ka h\u00e1ku 1570 mm)<br \/>\n  Model prisp\u00f4soben\u00fd pre roll\u2011off (vratov\u00e9) vozidl\u00e1<br \/>\n  Kombinovan\u00e9 rie\u0161enie kompatibiln\u00e9 s roll\u2011off aj h\u00e1kov\u00fdmi nosi\u010dmi<\/p>\n<p>Rozmery<br \/>\n\u0160tandardn\u00e9 vn\u00fatorn\u00e9 rozmery (mo\u017eno upravi\u0165 na po\u017eiadanie): d\u013a\u017eka 6500 mm, \u0161\u00edrka 2350 mm, v\u00fd\u0161ka 2350 mm.<\/p>\n<p>Prisp\u00f4sobenie<\/p>\n<p>  Otvoren\u00fd model s volite\u013enou plachtou a mont\u00e1\u017enymi h\u00e1kmi<br \/>\n  Volite\u013en\u00e9 priebe\u017en\u00e9 zv\u00e1ranie pre \u00fapln\u00e9 tesnenie (odpor\u00fa\u010dan\u00e9 pre jemn\u00fd sypk\u00fd materi\u00e1l alebo kvapaliny)<br \/>\n  Mo\u017enos\u0165 \u00fapravy hr\u00fabky plechu a vn\u00fatorn\u00fdch rozmerov pod\u013ea po\u017eiadaviek z\u00e1kazn\u00edka<br \/>\n  Dostupn\u00e9 v \u0161irokej palete farieb RAL<\/p>\n<p>K\u013e\u00fa\u010dov\u00e9 inform\u00e1cie<\/p>\n<p>  Materi\u00e1l: oce\u013eov\u00fd plech (strany 3 mm, dno 4 mm)<br \/>\n  Mo\u017enos\u0165 \u00fapravy hr\u00fabky plechu a rozmerov<br \/>\n  Z\u00e1kladn\u00fd n\u00e1ter protikor\u00f3znou farbou<br \/>\n  Zhoda: DIN 30720<br \/>\n  Kompatibilita: syst\u00e9my h\u00e1k, vrata a h\u00e1k\u2011vrata<br \/>\n  Otvoren\u00fd vrch s volite\u013enou plachtou<br \/>\n  Mo\u017enos\u0165 100% tesnenia priebe\u017en\u00fdm zv\u00e1ran\u00edm<\/p>\n","protected":false},"excerpt":{"rendered":"<p>Kontajner KP36 \u2014 najv\u00e4\u010d\u0161\u00ed v na\u0161om sortimente ur\u010den\u00fd na komun\u00e1lny, stavebn\u00fd a popriemyseln\u00fd odpad. Navrhnut\u00fd pre PSZOKy a podniky, umo\u017e\u0148uje skladovanie a prepravu ve\u013ek\u00e9ho, \u0165a\u017ek\u00e9ho a objemn\u00e9ho odpadu a tvor\u00ed z\u00e1kladn\u00fa s\u00fa\u010das\u0165 vybavenia PSZOK\u2011ov a are\u00e1lov.<\/p>\n","protected":false},"featured_media":1745,"comment_status":"open","ping_status":"closed","template":"","meta":[],"product_brand":[],"product_cat":[213],"product_tag":[],"class_list":{"0":"post-1197","1":"product","2":"type-product","3":"status-publish","4":"has-post-thumbnail","6":"product_cat-ocelove-kontejnery","8":"first","9":"instock","10":"taxable","11":"shipping-taxable","12":"purchasable","13":"product-type-simple"},"_links":{"self":[{"href":"https:\/\/eco-market24.com\/sk\/wp-json\/wp\/v2\/product\/1197","targetHints":{"allow":["GET"]}}],"collection":[{"href":"https:\/\/eco-market24.com\/sk\/wp-json\/wp\/v2\/product"}],"about":[{"href":"https:\/\/eco-market24.com\/sk\/wp-json\/wp\/v2\/types\/product"}],"replies":[{"embeddable":true,"href":"https:\/\/eco-market24.com\/sk\/wp-json\/wp\/v2\/comments?post=1197"}],"wp:featuredmedia":[{"embeddable":true,"href":"https:\/\/eco-market24.com\/sk\/wp-json\/wp\/v2\/media\/1745"}],"wp:attachment":[{"href":"https:\/\/eco-market24.com\/sk\/wp-json\/wp\/v2\/media?parent=1197"}],"wp:term":[{"taxonomy":"product_brand","embeddable":true,"href":"https:\/\/eco-market24.com\/sk\/wp-json\/wp\/v2\/product_brand?post=1197"},{"taxonomy":"product_cat","embeddable":true,"href":"https:\/\/eco-market24.com\/sk\/wp-json\/wp\/v2\/product_cat?post=1197"},{"taxonomy":"product_tag","embeddable":true,"href":"https:\/\/eco-market24.com\/sk\/wp-json\/wp\/v2\/product_tag?post=1197"}],"curies":[{"name":"wp","href":"https:\/\/api.w.org\/{rel}","templated":true}]}}