{"id":1203,"date":"2025-09-29T16:22:24","date_gmt":"2025-09-29T14:22:24","guid":{"rendered":"https:\/\/eco-market24.com\/product\/ocelovy-kontajner-kp7-je-otvoreny\/"},"modified":"2025-09-29T19:58:45","modified_gmt":"2025-09-29T17:58:45","slug":"ocelovy-kontajner-kp7-je-otvoreny","status":"publish","type":"product","link":"https:\/\/eco-market24.com\/sk\/produkt\/ocelovy-kontajner-kp7-je-otvoreny\/","title":{"rendered":"Oce\u013eov\u00fd kontajner KP7 je otvoren\u00fd"},"content":{"rendered":"<p>Trv\u00e1cna kon\u0161trukcia kontajnera KP 7<br \/>\nKontajnery KP 7 s\u00fa vyroben\u00e9 z kvalitn\u00e9ho oce\u013eov\u00e9ho plechu, \u010do zaru\u010duje dodr\u017eiavanie kvalitat\u00edvnych noriem a efekt\u00edvny proces manipul\u00e1cie s objemn\u00fdm odpadom. V \u0161tandardnej verzii je zvaren\u00e1 oce\u013eov\u00e1 kon\u0161trukcia spevnen\u00e1 uzavret\u00fdmi profilmi a studeno valcovan\u00fdmi nosn\u00edkmi. Univerz\u00e1lne kontajnery KP7 s\u00fa navy\u0161e chr\u00e1nen\u00e9 proti poveternostn\u00fdm vplyvom antikor\u00f3znymi n\u00e1termi, ktor\u00e9 zabra\u0148uj\u00fa prenikaniu vlhkosti.<\/p>\n<p>Kontajnery KP7 upraven\u00e9 pre h\u00e1kovo-zhakov\u00e9 a br\u00e1nov\u00e9 syst\u00e9my<br \/>\nKontajnery s\u00fa upraven\u00e9 pre tri syst\u00e9my. M\u00f4\u017eete si vybra\u0165:<\/p>\n<p>  iba kontajner KP 7 pre h\u00e1kovo-zhakov\u00e9 vozidl\u00e1 (v\u00fd\u0161ka h\u00e1ku 1,2 m)<br \/>\n  kontajner iba pre br\u00e1nov\u00e9 vozidl\u00e1<br \/>\n  univerz\u00e1lny KP 7, kompatibiln\u00fd s br\u00e1nov\u00fdmi zariadeniami (v s\u00falade s DIN 30720) a h\u00e1kov\u00fdmi zariadeniami (v\u00fd\u0161ka h\u00e1ku 1,2 m)<\/p>\n<p>Kontajner KP 7 \u2013 pou\u017eitie<br \/>\nKontajnery KP7 s\u00fa vhodn\u00e9 na zber a prepravu objemn\u00e9ho, \u0165a\u017ek\u00e9ho komun\u00e1lneho, stavebn\u00e9ho a priemyseln\u00e9ho odpadu. S\u00fa univerz\u00e1lnym rie\u0161en\u00edm pre mnoh\u00e9 prev\u00e1dzky, firmy a in\u0161tit\u00facie, napr.:<\/p>\n<p>  zbern\u00e9 dvory PSZOK<br \/>\n  \u010distiarne odpadov\u00fdch v\u00f4d<br \/>\n  v\u00fdrobn\u00fdch a stavebn\u00fdch podniky<br \/>\n  mestsk\u00e9 \u00farady<br \/>\n  cintor\u00edny<\/p>\n<p>Kontajnery na stavebn\u00fd odpad m\u00f4\u017eu by\u0165 otvoren\u00e9 alebo uzavret\u00e9 s nieko\u013ek\u00fdmi klapkami.<\/p>\n<p>Kontajner KP 7 \u2013 rozmery a hr\u00fabka materi\u00e1lu<br \/>\n\u0160tandardn\u00e9 verzie KP7 sa be\u017ene pon\u00fakaj\u00fa v dvoch ve\u013ekostiach:<\/p>\n<p>  3400 \u00d7 1650 \u00d7 1010 mm \u2014 objem 6,5 m\u00b3<br \/>\n  3500 \u00d7 1700 \u00d7 1150 mm \u2014 objem 7 m\u00b3<\/p>\n<p>Rozmery je mo\u017en\u00e9 prisp\u00f4sobi\u0165 individu\u00e1lnym po\u017eiadavk\u00e1m. \u0160tandardn\u00e9 mo\u017enosti hr\u00fabky plechu:<\/p>\n<p>  bo\u010dn\u00e9 steny a dno hrub\u00e9 3 mm<br \/>\n  bo\u010dn\u00e9 steny hrub\u00e9 2 mm, dno hrub\u00e9 3 mm<\/p>\n<p>Kontajner na stavebn\u00fd odpad \u2013 prisp\u00f4soben\u00e9 va\u0161im potreb\u00e1m<br \/>\nDostupn\u00e9 \u00fapravy:<\/p>\n<p>  vlastn\u00e1 farba n\u00e1teru pod\u013ea v\u00fdberu z\u00e1kazn\u00edka<br \/>\n  tesn\u00e1 kon\u0161trukcia s priebe\u017en\u00fdm zvarom<br \/>\n  horn\u00e1 v\u00fdklopn\u00e1 klapka (\u0161tandardn\u00e9 kontajnery maj\u00fa dvere otv\u00e1ran\u00e9 dolu alebo do boku)<br \/>\n  dodato\u010dn\u00e9 h\u00e1ky na plachtu<br \/>\n  v\u00fdroba z ocele S500\u2013700 (medza klzu Re = 500\u2013700 MPa)<br \/>\n  pr\u00e9miov\u00e9 verzie z vysokokvalitn\u00fdch, nerezov\u00fdch a odoln\u00fdch ocel\u00ed (Raex, Hardox, Domex) \u2014 \u013eah\u0161ia kon\u0161trukcia bez straty pevnosti<\/p>\n","protected":false},"excerpt":{"rendered":"<p>Odoln\u00e1 kon\u0161trukcia kontajnera KP 7. Vyroben\u00e9 z vysokokvalitnej ocele, kontajnery KP 7 sp\u013a\u0148aj\u00fa pr\u00edsne kvalitat\u00edvne normy a zabezpe\u010duj\u00fa efekt\u00edvnu manipul\u00e1ciu s objemn\u00fdm odpadom; \u0161tandardn\u00e1 zv\u00e1ran\u00e1 oce\u013eov\u00e1 kon\u0161trukcia je vystu\u017een\u00e1 profilmi.<\/p>\n","protected":false},"featured_media":2025,"comment_status":"open","ping_status":"closed","template":"","meta":[],"product_brand":[],"product_cat":[213],"product_tag":[],"class_list":{"0":"post-1203","1":"product","2":"type-product","3":"status-publish","4":"has-post-thumbnail","6":"product_cat-ocelove-kontejnery","8":"first","9":"instock","10":"taxable","11":"shipping-taxable","12":"purchasable","13":"product-type-simple"},"_links":{"self":[{"href":"https:\/\/eco-market24.com\/sk\/wp-json\/wp\/v2\/product\/1203","targetHints":{"allow":["GET"]}}],"collection":[{"href":"https:\/\/eco-market24.com\/sk\/wp-json\/wp\/v2\/product"}],"about":[{"href":"https:\/\/eco-market24.com\/sk\/wp-json\/wp\/v2\/types\/product"}],"replies":[{"embeddable":true,"href":"https:\/\/eco-market24.com\/sk\/wp-json\/wp\/v2\/comments?post=1203"}],"wp:featuredmedia":[{"embeddable":true,"href":"https:\/\/eco-market24.com\/sk\/wp-json\/wp\/v2\/media\/2025"}],"wp:attachment":[{"href":"https:\/\/eco-market24.com\/sk\/wp-json\/wp\/v2\/media?parent=1203"}],"wp:term":[{"taxonomy":"product_brand","embeddable":true,"href":"https:\/\/eco-market24.com\/sk\/wp-json\/wp\/v2\/product_brand?post=1203"},{"taxonomy":"product_cat","embeddable":true,"href":"https:\/\/eco-market24.com\/sk\/wp-json\/wp\/v2\/product_cat?post=1203"},{"taxonomy":"product_tag","embeddable":true,"href":"https:\/\/eco-market24.com\/sk\/wp-json\/wp\/v2\/product_tag?post=1203"}],"curies":[{"name":"wp","href":"https:\/\/api.w.org\/{rel}","templated":true}]}}