{"id":1209,"date":"2025-09-29T16:22:23","date_gmt":"2025-09-29T14:22:23","guid":{"rendered":"https:\/\/eco-market24.com\/product\/ocelovy-kontajner-na-sutinu-kp5\/"},"modified":"2025-09-29T19:58:47","modified_gmt":"2025-09-29T17:58:47","slug":"ocelovy-kontajner-na-sutinu-kp5","status":"publish","type":"product","link":"https:\/\/eco-market24.com\/sk\/produkt\/ocelovy-kontajner-na-sutinu-kp5\/","title":{"rendered":"Oce\u013eov\u00fd kontajner na sutinu KP5"},"content":{"rendered":"<p>Kontajner KP 5 na sutinu, \u0161rot a komun\u00e1lny odpad<\/p>\n<p>Kontajner KP 5 je overen\u00e9 rie\u0161enie na zber a prepravu \u0165a\u017ek\u00e9ho stavebn\u00e9ho odpadu. Vyroben\u00fd z kvalitn\u00fdch materi\u00e1lov, je vhodn\u00fd na zber sutiny a \u0161rotu a pou\u017e\u00edva sa na zbern\u00fdch miestach komun\u00e1lneho odpadu, vo v\u00fdrobn\u00fdch podnikoch, \u010disti\u010dk\u00e1ch odpadov\u00fdch v\u00f4d, stavebn\u00fdch firm\u00e1ch a na mestsk\u00fdch cintor\u00ednoch. \u0160tandardn\u00fd model je otvoren\u00fd; k dispoz\u00edcii je aj uzavret\u00e1 verzia. Produkt je natret\u00fd proti-kor\u00f3znymi n\u00e1termi a m\u00f4\u017ee by\u0165 dokon\u010den\u00fd v akomko\u013evek RAL odtieni. Je prisp\u00f4soben\u00fd pre tri syst\u00e9my a sp\u013a\u0148a normu DIN 30720.<\/p>\n<p>Materi\u00e1ly a kon\u0161trukcia<\/p>\n<p>  \u0160tandardn\u00e1 oce\u013eov\u00e1 verzia: bo\u010dnice 2,5 mm a podlaha 3 mm, alebo bo\u010dnice 2 mm a podlaha 3 mm.<br \/>\n  Mo\u017enos\u0165 nerezovej ocele: vysoko odoln\u00e1 vo\u010di UV \u017eiareniu, da\u017e\u010fu, snehu a extr\u00e9mnym teplot\u00e1m.<br \/>\n  Povrchov\u00e1 \u00faprava: protikor\u00f3zny z\u00e1kladn\u00fd n\u00e1ter; dostupn\u00e9 v \u013eubovo\u013enom RAL odtieni.<\/p>\n<p>Kompatibilita syst\u00e9mov<\/p>\n<p>  Hydraulick\u00e9 naklada\u010de s h\u00e1kom (v\u00fd\u0161ka h\u00e1ku 1,2 m)<br \/>\n  Naklada\u010de s br\u00e1nov\u00fdm zdvihom<br \/>\n  Kombinovan\u00e9 h\u00e1kovo-br\u00e1nov\u00e9 syst\u00e9my<\/p>\n<p>Rozmery<\/p>\n<p>  D\u013a\u017eka 3400 mm \u00d7 \u0160\u00edrka 1700 mm \u00d7 V\u00fd\u0161ka 1000 mm<br \/>\n  D\u013a\u017eka 3500 mm \u00d7 \u0160\u00edrka 1700 mm \u00d7 V\u00fd\u0161ka 850 mm<br \/>\n  Mo\u017enos\u0165 v\u00fdroby na mieru na po\u017eiadanie<\/p>\n<p>Strecha, tesnenie a doplnkov\u00e9 mo\u017enosti<\/p>\n<p>  \u0160tandard: otvoren\u00fd model; volite\u013en\u00e9 plachtov\u00e9 prekrytie a \u0161peci\u00e1lne h\u00e1ky<br \/>\n  Dostupn\u00e9 uzavret\u00e9 verzie: tesnen\u00e1 pevn\u00e1 strecha, strecha otv\u00e1raj\u00faca sa nahor, posuvn\u00e1 strecha alebo bo\u010dne zdv\u00edhate\u013en\u00e1 strecha<br \/>\n  Volite\u013en\u00e1 strecha s p\u00e1\u010dkovou asistenciou<br \/>\n  Volite\u013en\u00e9 bo\u010dn\u00e9 otvory (napr. na odvodnenie kvapal\u00edn)<br \/>\n  100% tesnenie mo\u017enos\u0165ou kontinu\u00e1lneho zv\u00e1rania<\/p>\n<p>K\u013e\u00fa\u010dov\u00e9 inform\u00e1cie<\/p>\n<p>  Kon\u0161trukcia: plech (\u0161tandard) alebo nerezov\u00e1 oce\u013e<br \/>\n  Natret\u00e9 protikor\u00f3znym z\u00e1kladn\u00fdm n\u00e1terom<br \/>\n  Dostupn\u00e9 v plnej palete RAL<br \/>\n  V s\u00falade s DIN 30720<br \/>\n  Prisp\u00f4soben\u00e9 pre h\u00e1kov\u00e9, br\u00e1nov\u00e9 a kombinovan\u00e9 syst\u00e9my<br \/>\n  \u0160tandardne otvoren\u00e1 strecha; nieko\u013eko mo\u017enost\u00ed uzavretej strechy<br \/>\n  Volite\u013en\u00e9 plachtov\u00e9 prekrytie, strecha s p\u00e1\u010dkovou asistenciou, bo\u010dn\u00e9 otvory a kontinu\u00e1lne zv\u00e1ranie pre \u00fapln\u00e9 tesnenie<\/p>\n<p>Cena z\u00e1vis\u00ed od vybran\u00fdch mo\u017enost\u00ed. Kontaktujte n\u00e1s pre individu\u00e1lnu ponuku.<\/p>\n","protected":false},"excerpt":{"rendered":"<p>Kontajner KP 5 na sutinu, \u0161rot a komun\u00e1lny odpad \u2014 overen\u00e9 rie\u0161enie na zber a prepravu \u0165a\u017ek\u00e9ho stavebn\u00e9ho odpadu. Vyroben\u00fd z kvalitn\u00fdch materi\u00e1lov, spo\u013eahlivo zvl\u00e1da sutinu a \u0161rot a je ide\u00e1lny pre zbern\u00e9 dvory (PSZOKy) a v\u00fdrobn\u00e9 podniky.<\/p>\n","protected":false},"featured_media":1782,"comment_status":"open","ping_status":"closed","template":"","meta":[],"product_brand":[],"product_cat":[213],"product_tag":[],"class_list":{"0":"post-1209","1":"product","2":"type-product","3":"status-publish","4":"has-post-thumbnail","6":"product_cat-ocelove-kontejnery","8":"first","9":"instock","10":"taxable","11":"shipping-taxable","12":"purchasable","13":"product-type-simple"},"_links":{"self":[{"href":"https:\/\/eco-market24.com\/sk\/wp-json\/wp\/v2\/product\/1209","targetHints":{"allow":["GET"]}}],"collection":[{"href":"https:\/\/eco-market24.com\/sk\/wp-json\/wp\/v2\/product"}],"about":[{"href":"https:\/\/eco-market24.com\/sk\/wp-json\/wp\/v2\/types\/product"}],"replies":[{"embeddable":true,"href":"https:\/\/eco-market24.com\/sk\/wp-json\/wp\/v2\/comments?post=1209"}],"wp:featuredmedia":[{"embeddable":true,"href":"https:\/\/eco-market24.com\/sk\/wp-json\/wp\/v2\/media\/1782"}],"wp:attachment":[{"href":"https:\/\/eco-market24.com\/sk\/wp-json\/wp\/v2\/media?parent=1209"}],"wp:term":[{"taxonomy":"product_brand","embeddable":true,"href":"https:\/\/eco-market24.com\/sk\/wp-json\/wp\/v2\/product_brand?post=1209"},{"taxonomy":"product_cat","embeddable":true,"href":"https:\/\/eco-market24.com\/sk\/wp-json\/wp\/v2\/product_cat?post=1209"},{"taxonomy":"product_tag","embeddable":true,"href":"https:\/\/eco-market24.com\/sk\/wp-json\/wp\/v2\/product_tag?post=1209"}],"curies":[{"name":"wp","href":"https:\/\/api.w.org\/{rel}","templated":true}]}}