{"id":1215,"date":"2025-09-29T16:22:23","date_gmt":"2025-09-29T14:22:23","guid":{"rendered":"https:\/\/eco-market24.com\/product\/ocelovy-kontajner-kp18\/"},"modified":"2025-09-29T19:58:48","modified_gmt":"2025-09-29T17:58:48","slug":"ocelovy-kontajner-kp18","status":"publish","type":"product","link":"https:\/\/eco-market24.com\/sk\/produkt\/ocelovy-kontajner-kp18\/","title":{"rendered":"Oce\u013eov\u00fd kontajner KP18"},"content":{"rendered":"<p>Kontajner KP 18 pre priemyseln\u00fd a stavebn\u00fd odpad<br \/>\nKontajner KP 18 je rie\u0161enie na zhroma\u017e\u010fovanie a prepravu odpadov ako kovov\u00e9 \u0161roty, f\u00f3lia alebo papierov\u00fd odpad. Ide o z\u00e1kladn\u00e9 zariadenie pre mestsk\u00e9 slu\u017eby a zbern\u00e9 dvory. Pou\u017e\u00edva sa v priemyseln\u00fdch z\u00e1vodoch, v\u00fdrobn\u00fdch a skladov\u00fdch hal\u00e1ch a na novopostaven\u00fdch s\u00eddlisk\u00e1ch. Kontajner KP 18 je vhodn\u00fd aj pre mestsk\u00e9 cintor\u00edny.<\/p>\n<p>Kon\u0161trukcia a povrchov\u00e1 \u00faprava<br \/>\nKP 18 je otvoren\u00fd model, ktor\u00fd je mo\u017en\u00e9 vybavi\u0165 plachtou. Je natieran\u00fd proti kor\u00f3zii \u2014 pou\u017e\u00edvate\u013e si m\u00f4\u017ee vybra\u0165 farbu zo \u0161irokej RAL palety. Oce\u013eov\u00fd kontajner sp\u013a\u0148a DIN 30720 a je kompatibiln\u00fd s tromi syst\u00e9mami: h\u00e1k, r\u00e1m (gate) a kombinovan\u00fd h\u00e1k-a-r\u00e1m. Je dostupn\u00e1 aj uzavret\u00e1 verzia.<\/p>\n<p>Materi\u00e1ly a varianty<br \/>\nKP 18 sa be\u017ene pon\u00faka v dvoch variantoch z oce\u013eov\u00e9ho plechu:<\/p>\n<p>  \u013dahk\u00e1 verzia: bo\u010dnice 2 mm, podlaha 2,5 mm<br \/>\n  \u0164a\u017ek\u00e1 verzia: bo\u010dnice 2 mm, podlaha 3 mm<\/p>\n<p>Cel\u00e1 kon\u0161trukcia je o\u0161etren\u00e1 proti kor\u00f3zii z\u00e1kladn\u00fdm n\u00e1terom na ochranu pred slnkom, da\u017e\u010fom a extr\u00e9mnymi teplotami a je odoln\u00e1 vo\u010di mechanick\u00e9mu po\u0161kodeniu. K dispoz\u00edcii je aj nerezov\u00e9 prevedenie.<\/p>\n<p>Kompatibilita manipul\u00e1cie<br \/>\nDostupn\u00e9 modely upraven\u00e9 pre:<\/p>\n<p>  H\u00e1kom nakladan\u00e9 vozidl\u00e1 (v\u00fd\u0161ka h\u00e1ku 1,2 m)<br \/>\n  Vozidl\u00e1 s r\u00e1mov\u00fdm (gate) uchyten\u00edm<br \/>\n  Kombinovan\u00e1 manipul\u00e1cia h\u00e1k-a-r\u00e1m<\/p>\n<p>Rozmery<br \/>\n\u0160tandardn\u00e9 vn\u00fatorn\u00e9 rozmery (v z\u00e1vislosti od verzie):<\/p>\n<p>  D\u013a\u017eka 4200 mm \u00d7 \u0160\u00edrka 2300 mm \u00d7 V\u00fd\u0161ka 1900 mm<br \/>\n  D\u013a\u017eka 3800 mm \u00d7 \u0160\u00edrka 2300 mm \u00d7 V\u00fd\u0161ka 2000 mm<\/p>\n<p>Kontajnery je mo\u017en\u00e9 upravi\u0165 pod\u013ea individu\u00e1lnych po\u017eiadaviek z\u00e1kazn\u00edka.<\/p>\n<p>Mo\u017enosti a pr\u00edslu\u0161enstvo<\/p>\n<p>  Plachta a mont\u00e1\u017ene h\u00e1ky<br \/>\n  Uzavret\u00e1 verzia s pevnou strechou alebo pohybliv\u00fdmi strechami (otv\u00e1ranie nahor)<br \/>\n  Posuvn\u00e9 alebo p\u00e1ntov\u00e9 strechy (zdvih na jednu stranu)<br \/>\n  Strecha ovl\u00e1dan\u00e1 p\u00e1\u010dkou<br \/>\n  Nepretr\u017eit\u00e9 zvarov\u00e9 tesnenie<br \/>\n  Volite\u013en\u00e9 bo\u010dn\u00e9 otvory<\/p>\n<p>K\u013e\u00fa\u010dov\u00e9 inform\u00e1cie<\/p>\n<p>  Kon\u0161trukcia: plech (\u0161tandard) alebo nerez<br \/>\n  O\u0161etren\u00e9 antikor\u00f3znym z\u00e1kladn\u00fdm n\u00e1terom<br \/>\n  Dostupn\u00e9 v \u0161irokej RAL palete<br \/>\n  V s\u00falade s DIN 30720<br \/>\n  Kompatibiln\u00e9 s h\u00e1kov\u00fdmi, r\u00e1mov\u00fdmi a kombinovan\u00fdmi syst\u00e9mami<br \/>\n  Otvoren\u00e1 strecha s mo\u017enos\u0165ou plachty; dostupn\u00e9 uzavret\u00e9 verzie a r\u00f4zne typy striech<br \/>\n  Mo\u017enosti: nepreru\u0161ovan\u00e9 zvarov\u00e9 tesnenie, p\u00e1\u010dkov\u00e1 strecha, bo\u010dn\u00e9 otvory<\/p>\n","protected":false},"excerpt":{"rendered":"<p>Kontajner KP 18 \u2014 ide\u00e1lny na zber a prepravu pov\u00fdrobn\u00fdch a stavebn\u00fdch odpadov, ako s\u00fa kovov\u00e9 triesky, plastov\u00e1 f\u00f3lia a papierov\u00fd odpad. Nevyhnutn\u00e9 vybavenie pre mestsk\u00e9 slu\u017eby a PSZOKy.<\/p>\n","protected":false},"featured_media":2030,"comment_status":"open","ping_status":"closed","template":"","meta":[],"product_brand":[],"product_cat":[213],"product_tag":[],"class_list":{"0":"post-1215","1":"product","2":"type-product","3":"status-publish","4":"has-post-thumbnail","6":"product_cat-ocelove-kontejnery","8":"first","9":"instock","10":"taxable","11":"shipping-taxable","12":"purchasable","13":"product-type-simple"},"_links":{"self":[{"href":"https:\/\/eco-market24.com\/sk\/wp-json\/wp\/v2\/product\/1215","targetHints":{"allow":["GET"]}}],"collection":[{"href":"https:\/\/eco-market24.com\/sk\/wp-json\/wp\/v2\/product"}],"about":[{"href":"https:\/\/eco-market24.com\/sk\/wp-json\/wp\/v2\/types\/product"}],"replies":[{"embeddable":true,"href":"https:\/\/eco-market24.com\/sk\/wp-json\/wp\/v2\/comments?post=1215"}],"wp:featuredmedia":[{"embeddable":true,"href":"https:\/\/eco-market24.com\/sk\/wp-json\/wp\/v2\/media\/2030"}],"wp:attachment":[{"href":"https:\/\/eco-market24.com\/sk\/wp-json\/wp\/v2\/media?parent=1215"}],"wp:term":[{"taxonomy":"product_brand","embeddable":true,"href":"https:\/\/eco-market24.com\/sk\/wp-json\/wp\/v2\/product_brand?post=1215"},{"taxonomy":"product_cat","embeddable":true,"href":"https:\/\/eco-market24.com\/sk\/wp-json\/wp\/v2\/product_cat?post=1215"},{"taxonomy":"product_tag","embeddable":true,"href":"https:\/\/eco-market24.com\/sk\/wp-json\/wp\/v2\/product_tag?post=1215"}],"curies":[{"name":"wp","href":"https:\/\/api.w.org\/{rel}","templated":true}]}}