{"id":1221,"date":"2025-09-29T16:22:22","date_gmt":"2025-09-29T14:22:22","guid":{"rendered":"https:\/\/eco-market24.com\/product\/ocelovy-kontajner-kp10\/"},"modified":"2025-09-29T19:58:50","modified_gmt":"2025-09-29T17:58:50","slug":"ocelovy-kontajner-kp10","status":"publish","type":"product","link":"https:\/\/eco-market24.com\/sk\/produkt\/ocelovy-kontajner-kp10\/","title":{"rendered":"Oce\u013eov\u00fd kontajner KP10"},"content":{"rendered":"<p>Kontajner KP10 pre stavebn\u00e9 firmy a spr\u00e1vcov nehnute\u013enost\u00ed<br \/>\nKontajner KP10 zabezpe\u010duje bezpe\u010dn\u00e9 skladovanie a prepravu komun\u00e1lneho odpadu. Je ide\u00e1lny pre novo dokon\u010den\u00e9 bytov\u00e9 komplexy, kde obyvatelia rekon\u0161truuj\u00fa byty, vlastn\u00edkov stavebn\u00fdch firiem, spr\u00e1vcov nehnute\u013enost\u00ed, miesta selekt\u00edvneho zberu odpadu (PSZOK), mestsk\u00e9 podniky, mestsk\u00e9 cintor\u00edny a firmy produkuj\u00face nie pr\u00edli\u0161 \u0165a\u017ek\u00fd odpad.<\/p>\n<p>Modely a povrchov\u00e1 \u00faprava<br \/>\nKP10 pre komun\u00e1lny odpad je otvoren\u00fd model, volite\u013ene vybaven\u00fd plachtou. K dispoz\u00edcii je aj uzavret\u00e1 verzia. Kontajnery s\u00fa natret\u00e9 antikor\u00f3znymi podkladov\u00fdmi farbami a m\u00f4\u017eu by\u0165 dokon\u010den\u00e9 v odtie\u0148och z farebnej \u0161k\u00e1ly RAL. Oce\u013eov\u00fd kontajner sp\u013a\u0148a DIN 30720 a je kompatibiln\u00fd s tromi syst\u00e9mami: h\u00e1k, br\u00e1na a h\u00e1k-br\u00e1na.<\/p>\n<p>Kon\u0161trukcia a odolnos\u0165<br \/>\n&#8211; Materi\u00e1l: oce\u013eov\u00fd plech (\u0161tandard) alebo nerez na po\u017eiadanie.<br \/>\n&#8211; Hr\u00fabka plechu: bo\u010dnice 2,5 mm \/ podlaha 3 mm, alebo bo\u010dnice 2,0 mm \/ podlaha 3 mm (hrub\u0161ia verzia pre \u0165a\u017e\u0161\u00ed odpad).<br \/>\n&#8211; Ochrana: antikor\u00f3zne podkladov\u00e9 n\u00e1tery pre odolnos\u0165 vo\u010di poveternostn\u00fdm vplyvom a mechanick\u00e9mu po\u0161kodeniu.<br \/>\n&#8211; Volite\u013en\u00e9: nerezov\u00e1 verzia pre zv\u00fd\u0161en\u00fa odolnos\u0165 vo\u010di kor\u00f3zii a dlh\u0161iu \u017eivotnos\u0165.<\/p>\n<p>Kompatibilita so zdv\u00edhac\u00edmi syst\u00e9mami<br \/>\n&#8211; Kontajner prisp\u00f4soben\u00fd pre h\u00e1kov\u00e9 nosi\u010de s v\u00fd\u0161kou h\u00e1ku 1,2 m<br \/>\n&#8211; Kontajner prisp\u00f4soben\u00fd pre skl\u00e1pacie\/br\u00e1nov\u00e9 vozidl\u00e1<br \/>\n&#8211; Model prisp\u00f4soben\u00fd pre oba syst\u00e9my (h\u00e1k-br\u00e1na)<\/p>\n<p>Rozmery<br \/>\n&#8211; D\u013a\u017eka 3400 mm \u00d7 \u0160\u00edrka 2000 mm \u00d7 V\u00fd\u0161ka 1500 mm<br \/>\n&#8211; D\u013a\u017eka 3500 mm \u00d7 \u0160\u00edrka 1700 mm \u00d7 V\u00fd\u0161ka 1700 mm<br \/>\n&#8211; Mo\u017enos\u0165 v\u00fdroby na mieru na po\u017eiadanie<\/p>\n<p>Mo\u017enosti a pr\u00edslu\u0161enstvo<br \/>\n&#8211; \u0160tandard: otvoren\u00fd kontajner s bo\u010dn\u00fdmi otv\u00e1rac\u00edmi dverami alebo zdv\u00edhacou klapkou<br \/>\n&#8211; Volite\u013en\u00e1 plachta s upev\u0148ovac\u00edmi h\u00e1kmi<br \/>\n&#8211; Uzavret\u00e9 verzie: tesn\u00e1 pevn\u00e1 strecha alebo pohybliv\u00e9 strechy (otv\u00e1ranie nahor, posuvn\u00e9 alebo zdv\u00edhan\u00e9 na jednej strane)<br \/>\n&#8211; Mo\u017enos\u0165 strechy ovl\u00e1danej p\u00e1\u010dkou<br \/>\n&#8211; Mo\u017enos\u0165 100% utesnenia kontinu\u00e1lnym zv\u00e1ran\u00edm<br \/>\n&#8211; Dodato\u010dn\u00e9 bo\u010dn\u00e9 otvory na po\u017eiadanie<\/p>\n<p>K\u013e\u00fa\u010dov\u00e9 vlastnosti<br \/>\n&#8211; Kon\u0161trukcia z oce\u013eov\u00e9ho plechu (\u0161tandard) alebo nerezovej ocele<br \/>\n&#8211; Natret\u00e9 antikor\u00f3znou podkladovou farbou<br \/>\n&#8211; Dostupn\u00e9 v farb\u00e1ch z palety RAL<br \/>\n&#8211; Sp\u013a\u0148a normu DIN 30720<br \/>\n&#8211; Prisp\u00f4soben\u00e9 pre h\u00e1kov\u00e9, br\u00e1nov\u00e9 a h\u00e1k-br\u00e1nov\u00e9 syst\u00e9my<br \/>\n&#8211; Otvoren\u00fd vrch s volite\u013enou plachtou alebo \u00faplne uzavret\u00e9 varianty<br \/>\n&#8211; Mo\u017enos\u0165 kontinu\u00e1lneho zv\u00e1rania pre utesnenie a viac typov striech<br \/>\n&#8211; Mo\u017enos\u0165 prisp\u00f4sobenia rozmerov a pr\u00eddavn\u00fdch otvorov<\/p>\n","protected":false},"excerpt":{"rendered":"<p>Kontajner KP10 pre stavebn\u00e9 spolo\u010dnosti a spr\u00e1vcov nehnute\u013enost\u00ed \u2014 poskytuje bezpe\u010dn\u00e9 skladovanie a prepravu komun\u00e1lneho odpadu, ide\u00e1lny pre nov\u00e9 bytov\u00e9 projekty, kde obyvatelia rekon\u0161truuj\u00fa svoje byty.<\/p>\n","protected":false},"featured_media":2031,"comment_status":"open","ping_status":"closed","template":"","meta":[],"product_brand":[],"product_cat":[213],"product_tag":[],"class_list":{"0":"post-1221","1":"product","2":"type-product","3":"status-publish","4":"has-post-thumbnail","6":"product_cat-ocelove-kontejnery","8":"first","9":"instock","10":"taxable","11":"shipping-taxable","12":"purchasable","13":"product-type-simple"},"_links":{"self":[{"href":"https:\/\/eco-market24.com\/sk\/wp-json\/wp\/v2\/product\/1221","targetHints":{"allow":["GET"]}}],"collection":[{"href":"https:\/\/eco-market24.com\/sk\/wp-json\/wp\/v2\/product"}],"about":[{"href":"https:\/\/eco-market24.com\/sk\/wp-json\/wp\/v2\/types\/product"}],"replies":[{"embeddable":true,"href":"https:\/\/eco-market24.com\/sk\/wp-json\/wp\/v2\/comments?post=1221"}],"wp:featuredmedia":[{"embeddable":true,"href":"https:\/\/eco-market24.com\/sk\/wp-json\/wp\/v2\/media\/2031"}],"wp:attachment":[{"href":"https:\/\/eco-market24.com\/sk\/wp-json\/wp\/v2\/media?parent=1221"}],"wp:term":[{"taxonomy":"product_brand","embeddable":true,"href":"https:\/\/eco-market24.com\/sk\/wp-json\/wp\/v2\/product_brand?post=1221"},{"taxonomy":"product_cat","embeddable":true,"href":"https:\/\/eco-market24.com\/sk\/wp-json\/wp\/v2\/product_cat?post=1221"},{"taxonomy":"product_tag","embeddable":true,"href":"https:\/\/eco-market24.com\/sk\/wp-json\/wp\/v2\/product_tag?post=1221"}],"curies":[{"name":"wp","href":"https:\/\/api.w.org\/{rel}","templated":true}]}}