{"id":1251,"date":"2025-09-29T16:22:17","date_gmt":"2025-09-29T14:22:17","guid":{"rendered":"https:\/\/eco-market24.com\/product\/kontajner-na-odpad-770-l-cierny\/"},"modified":"2025-09-29T19:58:58","modified_gmt":"2025-09-29T17:58:58","slug":"kontajner-na-odpad-770-l-cierny","status":"publish","type":"product","link":"https:\/\/eco-market24.com\/sk\/produkt\/kontajner-na-odpad-770-l-cierny\/","title":{"rendered":"Kontajner na odpad 770 l, \u010dierny"},"content":{"rendered":"<p>Kontajner 770 l pre trieden\u00fd zber odpadu<br \/>\nKontajner 770 l Ese bol navrhnut\u00fd pre trieden\u00fd zber odpadu. K dispoz\u00edcii v 6 RAL farb\u00e1ch, umo\u017e\u0148uje triedenie odpadu v s\u00falade s platn\u00fdmi smernicami E\u00da. Kontajner je v\u00fdborn\u00fdm rie\u0161en\u00edm pre bytov\u00e9 oblasti a firmy, ktor\u00e9 akt\u00edvne uplat\u0148uj\u00fa proekologick\u00fa politiku a pom\u00e1ha zachova\u0165 estetiku verejn\u00fdch priestorov v obciach a mest\u00e1ch. Nemeck\u00e1 zna\u010dka Ese dod\u00e1va kvalitn\u00e9 kontajnery u\u017e 80 rokov \u2014 dnes ich pou\u017e\u00edvaj\u00fa podnikatelia po celej Eur\u00f3pe.<\/p>\n<p>Certifik\u00e1ty a normy<br \/>\nKontajner na odpad 770 l m\u00e1 rozli\u0161ovac\u00ed certifik\u00e1t kvality a sp\u013a\u0148a glob\u00e1lnu normu RAL-GZ 951\/1. Tie\u017e vyhovuje d\u00f4le\u017eit\u00fdm eur\u00f3pskym norm\u00e1m: EN 840 a EN 840-5\/6C, \u010do zaru\u010duje bezpe\u010dn\u00e9 pou\u017e\u00edvanie a pln\u00fa kompatibilitu s n\u00e1kladn\u00fdmi vozidlami na zvoz odpadu. Kontajner je mo\u017en\u00e9 vypr\u00e1zd\u0148ova\u0165 strojmi s predn\u00fdm, bo\u010dn\u00fdm aj zadn\u00fdm nakladan\u00edm pomocou bo\u010dn\u00fdch \u010dapov alebo predn\u00e9ho hrebe\u0148ov\u00e9ho nosn\u00edka.<\/p>\n<p>Odolnos\u0165 a kon\u0161trukcia<br \/>\nNapriek praktick\u00e9mu objemu pon\u00faka kontajner 770 l kompaktn\u00e9 rozmery a ergonomick\u00fd dizajn. Vyroben\u00fd z PE-HD materi\u00e1lu, je vysoko odoln\u00fd vo\u010di UV \u017eiareniu, kyselin\u00e1m a nepriazniv\u00e9mu po\u010dasiu. Vhodn\u00fd do uzavret\u00fdch smetn\u00fdch miestnost\u00ed aj polootvoren\u00fdch pr\u00edstre\u0161kov, disponuje:<\/p>\n<p>  &#8211; zosilnenou kon\u0161trukciou tela s vystu\u017een\u00fdmi predn\u00fdmi a zadn\u00fdmi hranami pre vysok\u00fa odolnos\u0165 proti mechanick\u00e9mu po\u0161kodeniu<br \/>\n  &#8211; hrebe\u0148ov\u00fdm nosn\u00edkom pod\u013ea DIN \u0161tandardu a po\u010d\u00edta\u010dovo navrhnut\u00fdm dnom a nosn\u00fdmi prvkami<br \/>\n  &#8211; bo\u010dn\u00fdm vystu\u017een\u00edm pre z\u00e1mok a centrovanie, \u010do zabezpe\u010duje stabilitu na r\u00f4znom povrchu<\/p>\n<p>Funk\u010dnos\u0165 a pohodlie<br \/>\nKontajner 770 l poskytuje pou\u017e\u00edvate\u013esk\u00e9 pohodlie v\u010faka:<\/p>\n<p>  &#8211; 4 ergonomick\u00fdm rukov\u00e4tiam<br \/>\n  &#8211; 4 odoln\u00fdm koles\u00e1m s priemerom 200 mm s brzdami na 2 predn\u00fdch koles\u00e1ch pre bezpe\u010dn\u00e9 zastavenie<br \/>\n  &#8211; dodato\u010dnej galvaniz\u00e1cii pre dlh\u00fa \u017eivotnos\u0165 z\u00e1v\u011bsov<br \/>\n  &#8211; ploch\u00e9mu veka s vystu\u017een\u00fdmi p\u00e1ntmi, ktor\u00e9 tesne uzatv\u00e1raj\u00fa proti z\u00e1pachu<br \/>\n  &#8211; hladk\u00e9mu vonkaj\u0161iemu povrchu a stredov\u00e9mu odtokov\u00e9mu z\u00e1tku pre jednoduch\u00e9 \u010distenie a \u00fadr\u017ebu<\/p>\n<p>Farby triedenia<br \/>\nKontajner je dostupn\u00fd v 6 RAL farb\u00e1ch pre povinn\u00e9 triedenie:<\/p>\n<p>  &#8211; \u010cierna \u2014 zmie\u0161an\u00fd odpad<br \/>\n  &#8211; Modr\u00e1 \u2014 papier<br \/>\n  &#8211; \u017dlt\u00e1 \u2014 kov a plasty<br \/>\n  &#8211; Zelen\u00e1 \u2014 sklo<br \/>\n  &#8211; Hned\u00e1 \u2014 bioodpad<br \/>\n  &#8211; \u010cerven\u00e1 \u2014 nebezpe\u010dn\u00fd odpad<\/p>\n<p>K\u013e\u00fa\u010dov\u00e9 inform\u00e1cie<\/p>\n<p>  &#8211; \u0160tvorkolesov\u00fd kontajner Ese 770 l<br \/>\n  &#8211; Vysokopevn\u00e1 po\u010d\u00edta\u010dovo navrhnut\u00e1 kon\u0161trukcia<br \/>\n  &#8211; Odoln\u00fd materi\u00e1l PE-HD<br \/>\n  &#8211; Certifik\u00e1t v s\u00falade s RAL-GZ 951\/1<br \/>\n  &#8211; Schv\u00e1lenie od N\u00e1rodn\u00e9ho \u00fastavu verejn\u00e9ho zdravia<br \/>\n  &#8211; S\u00falad s eur\u00f3pskou normou PN EN 840<br \/>\n  &#8211; Mechanizmus stla\u010denia veka<br \/>\n  &#8211; Brzdy na predn\u00fdch koles\u00e1ch zabezpe\u010duj\u00face stabilitu<br \/>\n  &#8211; Jednoduch\u00e1 \u00fadr\u017eba a vhodnos\u0165 pre trieden\u00fd zber odpadu<\/p>\n","protected":false},"excerpt":{"rendered":"<p>Kontajner 770 l na trieden\u00fd zber odpadu \u2014 navrhnut\u00fd pre jednoduch\u00e9 triedenie v s\u00falade so smernicami E\u00da. K dispoz\u00edcii v \u0161iestich RAL farb\u00e1ch, je ide\u00e1lnym rie\u0161en\u00edm pre bytov\u00e9 s\u00eddlisk\u00e1.<\/p>\n","protected":false},"featured_media":1780,"comment_status":"open","ping_status":"closed","template":"","meta":[],"product_brand":[],"product_cat":[106],"product_tag":[],"class_list":{"0":"post-1251","1":"product","2":"type-product","3":"status-publish","4":"has-post-thumbnail","6":"product_cat-kontajnery-na-odpad","8":"first","9":"instock","10":"taxable","11":"shipping-taxable","12":"purchasable","13":"product-type-simple"},"_links":{"self":[{"href":"https:\/\/eco-market24.com\/sk\/wp-json\/wp\/v2\/product\/1251","targetHints":{"allow":["GET"]}}],"collection":[{"href":"https:\/\/eco-market24.com\/sk\/wp-json\/wp\/v2\/product"}],"about":[{"href":"https:\/\/eco-market24.com\/sk\/wp-json\/wp\/v2\/types\/product"}],"replies":[{"embeddable":true,"href":"https:\/\/eco-market24.com\/sk\/wp-json\/wp\/v2\/comments?post=1251"}],"wp:featuredmedia":[{"embeddable":true,"href":"https:\/\/eco-market24.com\/sk\/wp-json\/wp\/v2\/media\/1780"}],"wp:attachment":[{"href":"https:\/\/eco-market24.com\/sk\/wp-json\/wp\/v2\/media?parent=1251"}],"wp:term":[{"taxonomy":"product_brand","embeddable":true,"href":"https:\/\/eco-market24.com\/sk\/wp-json\/wp\/v2\/product_brand?post=1251"},{"taxonomy":"product_cat","embeddable":true,"href":"https:\/\/eco-market24.com\/sk\/wp-json\/wp\/v2\/product_cat?post=1251"},{"taxonomy":"product_tag","embeddable":true,"href":"https:\/\/eco-market24.com\/sk\/wp-json\/wp\/v2\/product_tag?post=1251"}],"curies":[{"name":"wp","href":"https:\/\/api.w.org\/{rel}","templated":true}]}}