{"id":1269,"date":"2025-09-29T16:22:15","date_gmt":"2025-09-29T14:22:15","guid":{"rendered":"https:\/\/eco-market24.com\/product\/660-l-odpadovy-kontajner-morska-modra\/"},"modified":"2025-09-29T19:59:17","modified_gmt":"2025-09-29T17:59:17","slug":"660-l-odpadovy-kontajner-morska-modra","status":"publish","type":"product","link":"https:\/\/eco-market24.com\/sk\/produkt\/660-l-odpadovy-kontajner-morska-modra\/","title":{"rendered":"660 l odpadov\u00fd kontajner, morsk\u00e1 modr\u00e1"},"content":{"rendered":"<p>Odpadov\u00fd kontajner 660 l modr\u00fd \u2013 praktick\u00e1 separ\u00e1cia papiera<br \/>\nModr\u00fd odpadov\u00fd kontajner na papier 660 l je praktick\u00e9 rie\u0161enie pre trieden\u00fd zber papiera. Sp\u013a\u0148a v\u0161etky po\u017eiadavky s\u00favisiace s trieden\u00edm odpadu a u\u013eah\u010duje jeho riadne nakladanie v s\u00falade s eur\u00f3pskymi normami. Ide\u00e1lny pre bytov\u00e9 \u0161tvrte, firmy a in\u0161tit\u00facie, pom\u00e1ha udr\u017eiava\u0165 poriadok a podporuje ekologick\u00e9 aktivity. Kontajner je vyroben\u00fd pod\u013ea najvy\u0161\u0161\u00edch kvalitat\u00edvnych \u0161tandardov a je certifikovan\u00fd pod\u013ea RAL-GZ 951\/1 s osved\u010den\u00edm PZH. Tie\u017e zodpoved\u00e1 eur\u00f3pskej norme PN-EN 840, \u010do zaru\u010duje bezpe\u010dnos\u0165, odolnos\u0165 a pln\u00fa kompatibilitu so syst\u00e9mami nakladania z boku, z predu a zozadu.<\/p>\n<p>Odoln\u00e1 kon\u0161trukcia<br \/>\nModr\u00fd odpadov\u00fd kontajner 660 l m\u00e1 robustn\u00fa kon\u0161trukciu a kompaktn\u00e9 rozmery, vhodn\u00e9 do exteri\u00e9ru aj interi\u00e9ru. Vyroben\u00fd z kvalitn\u00e9ho HDPE, je odoln\u00fd vo\u010di UV \u017eiareniu, n\u00edzkym teplot\u00e1m, kyselin\u00e1m a \u010fal\u0161\u00edm vonkaj\u0161\u00edm vplyvom. Dodato\u010dn\u00e9 v\u00fdstuhy \u2013 napr. rebrovanie v tvare v\u010del\u00edch pl\u00e1stov a pevn\u00e9 hranov\u00e9 profily \u2013 zvy\u0161uj\u00fa pevnos\u0165 kon\u0161trukcie. Podstava a najviac nam\u00e1han\u00e9 prvky s\u00fa navrhnut\u00e9 po\u010d\u00edta\u010dom pre zaistenie maxim\u00e1lnej pevnosti.<\/p>\n<p>  DIN-kompatibiln\u00fd hrebe\u0148ov\u00fd p\u00e1s<br \/>\n  Bo\u010dn\u00fd pr\u00edlo\u017eok pre stabilitu na nerovnom ter\u00e9ne a \u013eah\u0161ie zatv\u00e1ranie<\/p>\n<p>Funk\u010dnos\u0165 a bezpe\u010dnos\u0165<br \/>\nNavrhnut\u00fd s oh\u013eadom na komfort pou\u017e\u00edvate\u013ea, kontajner obsahuje:<\/p>\n<p>  \u0160tyri ergonomick\u00e9 rukov\u00e4te pre jednoduch\u0161ie manipulovanie<br \/>\n  Tesn\u00e9 veko s pevn\u00fdmi p\u00e1ntov\u00fdmi \u010dapmi, ktor\u00e9 zabra\u0148uj\u00fa \u00faniku pachov<br \/>\n  \u0160tyri 200 mm odoln\u00e9, tich\u00e9 kolieska (dve s brzdami)<br \/>\n  Zinkovan\u00e9 uchytenia kolies pre ochranu proti kor\u00f3zii<br \/>\n  Hladk\u00fd vn\u00fatorn\u00fd povrch a stredovo umiestnen\u00fd v\u00fdpustn\u00fd z\u00e1tka pre jednoduch\u00e9 \u010distenie a \u00fadr\u017ebu<\/p>\n<p>Farby na triedenie<br \/>\nTento model je modr\u00fd kontajner na papier. \u010eal\u0161ie dostupn\u00e9 farby pre trieden\u00fd zber s\u00fa:<\/p>\n<p>  \u017dlt\u00e1 \u2013 kov a plasty<br \/>\n  Zelen\u00e1 \u2013 sklo<br \/>\n  Hned\u00e1 \u2013 bioodpad<br \/>\n  \u010cerven\u00e1 \u2013 nebezpe\u010dn\u00fd odpad<br \/>\n  \u010cierna \u2013 zmesov\u00fd odpad<\/p>\n<p>K\u013e\u00fa\u010dov\u00e9 inform\u00e1cie<\/p>\n<p>  Po\u010d\u00edta\u010dom navrhnut\u00e1 odoln\u00e1 kon\u0161trukcia<br \/>\n  Odolnos\u0165 vo\u010di kyselin\u00e1m, mrazu, UV \u017eiareniu a poveternostn\u00fdm vplyvom<br \/>\n  S\u00falad s PN-EN 840; certifik\u00e1t RAL-GZ 951\/1; schv\u00e1len\u00e9 PZH<br \/>\n  Ergonomick\u00fd dizajn so \u0161tyrmi rukov\u00e4\u0165ami<br \/>\n  Brzdy na predn\u00fdch kolieskach pre stabilitu<br \/>\n  Jednoduch\u00e1 \u00fadr\u017eba v\u010faka hladk\u00e9mu povrchu a vyp\u00fa\u0161\u0165acej z\u00e1tke<br \/>\n  Vhodn\u00e9 pre trieden\u00fd zber papiera<\/p>\n","protected":false},"excerpt":{"rendered":"<p>660 l modr\u00fd kontajner na papier \u2014 praktick\u00e9 rie\u0161enie v s\u00falade s predpismi E\u00da pre pohodln\u00e9 a efekt\u00edvne triedenie papiera.<\/p>\n","protected":false},"featured_media":1822,"comment_status":"open","ping_status":"closed","template":"","meta":[],"product_brand":[],"product_cat":[106],"product_tag":[],"class_list":{"0":"post-1269","1":"product","2":"type-product","3":"status-publish","4":"has-post-thumbnail","6":"product_cat-kontajnery-na-odpad","8":"first","9":"instock","10":"taxable","11":"shipping-taxable","12":"purchasable","13":"product-type-simple"},"_links":{"self":[{"href":"https:\/\/eco-market24.com\/sk\/wp-json\/wp\/v2\/product\/1269","targetHints":{"allow":["GET"]}}],"collection":[{"href":"https:\/\/eco-market24.com\/sk\/wp-json\/wp\/v2\/product"}],"about":[{"href":"https:\/\/eco-market24.com\/sk\/wp-json\/wp\/v2\/types\/product"}],"replies":[{"embeddable":true,"href":"https:\/\/eco-market24.com\/sk\/wp-json\/wp\/v2\/comments?post=1269"}],"wp:featuredmedia":[{"embeddable":true,"href":"https:\/\/eco-market24.com\/sk\/wp-json\/wp\/v2\/media\/1822"}],"wp:attachment":[{"href":"https:\/\/eco-market24.com\/sk\/wp-json\/wp\/v2\/media?parent=1269"}],"wp:term":[{"taxonomy":"product_brand","embeddable":true,"href":"https:\/\/eco-market24.com\/sk\/wp-json\/wp\/v2\/product_brand?post=1269"},{"taxonomy":"product_cat","embeddable":true,"href":"https:\/\/eco-market24.com\/sk\/wp-json\/wp\/v2\/product_cat?post=1269"},{"taxonomy":"product_tag","embeddable":true,"href":"https:\/\/eco-market24.com\/sk\/wp-json\/wp\/v2\/product_tag?post=1269"}],"curies":[{"name":"wp","href":"https:\/\/api.w.org\/{rel}","templated":true}]}}