{"id":1287,"date":"2025-09-29T16:22:13","date_gmt":"2025-09-29T14:22:13","guid":{"rendered":"https:\/\/eco-market24.com\/product\/odpadovy-kontajner-660-l-je-cierny\/"},"modified":"2025-09-29T19:59:22","modified_gmt":"2025-09-29T17:59:22","slug":"odpadovy-kontajner-660-l-je-cierny","status":"publish","type":"product","link":"https:\/\/eco-market24.com\/sk\/produkt\/odpadovy-kontajner-660-l-je-cierny\/","title":{"rendered":"Odpadov\u00fd kontajner 660 l je \u010dierny"},"content":{"rendered":"<p>Odpadov\u00fd komun\u00e1lny kontajner 660 L &#8211; separ\u00e1cia je z\u00e1klad<br \/>\nKomun\u00e1lny kontajner na odpad ESE 660 L je ur\u010den\u00fd na trieden\u00fd zber odpadu. U\u013eah\u010duje spr\u00e1vne triedenie odpadu v s\u00falade s platn\u00fdmi usmerneniami E\u00da a je vhodn\u00fd pre bytov\u00e9 s\u00fabory aj firemn\u00e9 are\u00e1ly. Tento kontajner je vynikaj\u00facim rie\u0161en\u00edm pre obce a mest\u00e1, ktor\u00e9 dbaj\u00fa o vzh\u013ead svojho \u00fazemia a chc\u00fa podporova\u0165 ochranu \u017eivotn\u00e9ho prostredia.<\/p>\n<p>Certifik\u00e1ty a s\u00falad<\/p>\n<p>  Kvalitn\u00fd certifik\u00e1t RAL-GZ 951\/1<br \/>\n  Certifik\u00e1t N\u00e1rodn\u00e9ho zdravotn\u00e9ho \u00fastavu (PZH)<br \/>\n  V s\u00falade s eur\u00f3pskou normou EN 840<br \/>\n  Kompatibiln\u00fd s n\u00e1kladn\u00fdmi vozidlami na vypr\u00e1zd\u0148ovanie spredu, zo strany a zozadu pou\u017e\u00edvaj\u00facimi bo\u010dn\u00e9 \u010dapy alebo predn\u00fd hrebe\u0148<\/p>\n<p>Kontajner 660 L &#8211; odolnos\u0165<br \/>\nKontajner 660 L na trieden\u00fd zber odpadu m\u00e1 kompaktn\u00e9 rozmery a pevn\u00fa kon\u0161trukciu. Je vyroben\u00fd z materi\u00e1lov odoln\u00fdch vo\u010di kyselin\u00e1m, UV \u017eiareniu a \u010fal\u0161\u00edm nepriazniv\u00fdm poveternostn\u00fdm podmienkam, vhodn\u00fd do uzavret\u00fdch smetn\u00fdch miestnost\u00ed aj polootvoren\u00fdch pr\u00edstre\u0161kov.<\/p>\n<p>  Spevnen\u00e1 kon\u0161trukcia skrine so zameran\u00edm na predn\u00e9 a zadn\u00e9 hrany<br \/>\n  Hrebe\u0148 pripraven\u00fd pod\u013ea normy DIN<br \/>\n  Vzpera v tvare v\u010del\u00edch pl\u00e1stov ako v\u00fdstu\u017en\u00e9 rebr\u00e1<br \/>\n  Dno a s\u00fa\u010dasti s vysokou odolnos\u0165ou navrhnut\u00e9 po\u010d\u00edta\u010dom pre v\u00fdnimo\u010dn\u00fa trv\u00e1cnos\u0165<br \/>\n  Bo\u010dn\u00fd flan\u010d pre bezpe\u010dn\u00e9 zatv\u00e1ranie a stabiln\u00e9 umiestnenie, aj na nerovnom ter\u00e9ne<\/p>\n<p>Kontajner na odpad 660 L &#8211; jednoduch\u00e9 pou\u017e\u00edvanie<br \/>\nMestsk\u00fd kontajner 660 L je pohodln\u00fd pre zamestnancov aj obyvate\u013eov:<\/p>\n<p>  \u0160tyri ergonomick\u00e9 madl\u00e1 pre \u013eahk\u00e9 pres\u00favanie<br \/>\n  Tesne uzatv\u00e1rate\u013en\u00e9 veko s vystu\u017een\u00fdmi \u010dapmi p\u00e1ntu na zn\u00ed\u017eenie z\u00e1pachu<br \/>\n  \u0160tyri odoln\u00e9, tich\u00e9 200 mm kolieska; dve predn\u00e9 kolieska s\u00fa vybaven\u00e9 brzdami<br \/>\n  Pozinkovan\u00e9 zavesenie pre pred\u013a\u017een\u00fa \u017eivotnos\u0165<br \/>\n  Hladk\u00fd vonkaj\u0161\u00ed povrch pre jednoduch\u00fa \u00fadr\u017ebu a centr\u00e1lna odtokov\u00e1 z\u00e1tka u\u013eah\u010duj\u00faca \u010distenie vn\u00fatra<\/p>\n<p>Kontajnery na recykl\u00e1ciu \u2014 dostupn\u00e9 farby<br \/>\nESE 660 L je dostupn\u00fd v \u0161iestich farb\u00e1ch RAL pre triedenie:<\/p>\n<p>  Modr\u00e1 \u2013 papier<br \/>\n  \u017dlt\u00e1 \u2013 kov a plasty<br \/>\n  Zelen\u00e1 \u2013 sklo<br \/>\n  Hned\u00e1 \u2013 bioodpad<br \/>\n  \u010cerven\u00e1 \u2013 nebezpe\u010dn\u00fd odpad<br \/>\n  \u010cierna \u2013 zmie\u0161an\u00fd odpad<\/p>\n<p>K\u013e\u00fa\u010dov\u00e9 inform\u00e1cie<\/p>\n<p>  Odoln\u00e1 kon\u0161trukcia navrhnut\u00e1 po\u010d\u00edta\u010dom<br \/>\n  Materi\u00e1l odoln\u00fd vo\u010di kyselin\u00e1m, mrazu a UV \u017eiareniu<br \/>\n  Certifik\u00e1t RAL-GZ 951\/1<br \/>\n  V s\u00falade s PN EN 840<br \/>\n  Certifik\u00e1t N\u00e1rodn\u00e9ho zdravotn\u00e9ho \u00fastavu (PZH)<br \/>\n  Mechanizmus stl\u00e1\u010dania veka<br \/>\n  Brzdy na predn\u00fdch koles\u00e1ch pre stabilitu na nerovnom ter\u00e9ne<br \/>\n  Jednoduch\u00e9 \u010distenie<br \/>\n  Pripraven\u00e9 na trieden\u00fd zber odpadu<\/p>\n","protected":false},"excerpt":{"rendered":"<p>ESE 660 l komun\u00e1lny kontajner \u2014 ur\u010den\u00fd na separovan\u00fd zber odpadu na podporu spr\u00e1vneho triedenia v s\u00falade s usmerneniami E\u00da; ide\u00e1lny pre bytov\u00e9 domy a firemn\u00e9 priestory.<\/p>\n","protected":false},"featured_media":1513,"comment_status":"open","ping_status":"closed","template":"","meta":[],"product_brand":[],"product_cat":[106],"product_tag":[],"class_list":{"0":"post-1287","1":"product","2":"type-product","3":"status-publish","4":"has-post-thumbnail","6":"product_cat-kontajnery-na-odpad","8":"first","9":"instock","10":"taxable","11":"shipping-taxable","12":"purchasable","13":"product-type-simple"},"_links":{"self":[{"href":"https:\/\/eco-market24.com\/sk\/wp-json\/wp\/v2\/product\/1287","targetHints":{"allow":["GET"]}}],"collection":[{"href":"https:\/\/eco-market24.com\/sk\/wp-json\/wp\/v2\/product"}],"about":[{"href":"https:\/\/eco-market24.com\/sk\/wp-json\/wp\/v2\/types\/product"}],"replies":[{"embeddable":true,"href":"https:\/\/eco-market24.com\/sk\/wp-json\/wp\/v2\/comments?post=1287"}],"wp:featuredmedia":[{"embeddable":true,"href":"https:\/\/eco-market24.com\/sk\/wp-json\/wp\/v2\/media\/1513"}],"wp:attachment":[{"href":"https:\/\/eco-market24.com\/sk\/wp-json\/wp\/v2\/media?parent=1287"}],"wp:term":[{"taxonomy":"product_brand","embeddable":true,"href":"https:\/\/eco-market24.com\/sk\/wp-json\/wp\/v2\/product_brand?post=1287"},{"taxonomy":"product_cat","embeddable":true,"href":"https:\/\/eco-market24.com\/sk\/wp-json\/wp\/v2\/product_cat?post=1287"},{"taxonomy":"product_tag","embeddable":true,"href":"https:\/\/eco-market24.com\/sk\/wp-json\/wp\/v2\/product_tag?post=1287"}],"curies":[{"name":"wp","href":"https:\/\/api.w.org\/{rel}","templated":true}]}}