{"id":1299,"date":"2025-09-29T16:22:10","date_gmt":"2025-09-29T14:22:10","guid":{"rendered":"https:\/\/eco-market24.com\/product\/kontajner-na-odpad-360-l-morska-modra\/"},"modified":"2025-09-29T19:59:25","modified_gmt":"2025-09-29T17:59:25","slug":"kontajner-na-odpad-360-l-morska-modra","status":"publish","type":"product","link":"https:\/\/eco-market24.com\/sk\/produkt\/kontajner-na-odpad-360-l-morska-modra\/","title":{"rendered":"Kontajner na odpad 360 l, morsk\u00e1 modr\u00e1"},"content":{"rendered":"<p>Modr\u00fd kontajner na recykl\u00e1ciu \u2014 360 l (papier)<br \/>\nEkologick\u00e9 rie\u0161enie pre firmy a obytn\u00e9 celky. 360 l modr\u00fd kontajner je ide\u00e1lny na triedenie papiera v kancel\u00e1ri\u00e1ch, obytn\u00fdch komplexoch, priemyseln\u00fdch are\u00e1loch a v dom\u00e1cnostiach. Jeho charakteristick\u00e1 farba a pevn\u00e1 kon\u0161trukcia zabezpe\u010duj\u00fa jednoduch\u00e9 rozpoznanie a dlh\u00fa \u017eivotnos\u0165.<\/p>\n<p>Normy a certifik\u00e1ty<br \/>\nSp\u013a\u0148a: eur\u00f3pska norma PN\u2011EN 840<br \/>\nZna\u010dka kvality: RAL<br \/>\nEnvironment\u00e1lny certifik\u00e1t: N\u00e1rodn\u00fd in\u0161tit\u00fat verejn\u00e9ho zdravotn\u00edctva<\/p>\n<p>Kon\u0161trukcia a odolnos\u0165<br \/>\nMateri\u00e1l: odoln\u00fd HDPE plast, odoln\u00fd vo\u010di UV \u017eiareniu a poveternostn\u00fdm vplyvom (d\u00e1\u017e\u010f, sneh, mr\u00e1z)<br \/>\nNosi\u010dnos\u0165: do 160 kg<br \/>\nZosilnenia: vertik\u00e1lne reli\u00e9fovanie a \u0161trukt\u00fara s v\u010del\u00edm rebrovan\u00edm pre mechanick\u00fa odolnos\u0165<br \/>\nUchytenie: \u0161tandardn\u00fd hrebe\u0148ov\u00fd \u00fachyt v s\u00falade s DIN pre kompatibilitu so zberov\u00fdmi syst\u00e9mami<br \/>\nVhodn\u00e9 pre: vn\u00fatorn\u00e9 i vonkaj\u0161ie pou\u017eitie; kompatibiln\u00e9 so syst\u00e9mami bo\u010dn\u00e9ho vykladania<\/p>\n<p>Ergon\u00f3mia a \u00fadr\u017eba<br \/>\nDizajn: kompaktn\u00e9 rozmery pre miesta s obmedzen\u00fdm priestorom<br \/>\nManipul\u00e1cia: dve ve\u013ek\u00e9 koles\u00e1 a \u0161peci\u00e1lna no\u017en\u00e1 opora pre jednoduch\u0161\u00ed pohyb cez prek\u00e1\u017eky a zn\u00ed\u017eenie za\u0165a\u017eenia chrbtice<br \/>\nHygiena: hladk\u00fd vn\u00fatorn\u00fd povrch pre jednoduch\u00e9 vysyp\u00e1vanie, \u010distenie a kontrolu z\u00e1pachu<\/p>\n<p>Dostupn\u00e1 farebn\u00e1 frakcia<br \/>\nModr\u00e1: papier<\/p>\n<p>K\u013e\u00fa\u010dov\u00e9 vlastnosti<br \/>\n\u00da\u010dinn\u00e9 triedenie: ur\u010den\u00fd na papier (modr\u00e1)<br \/>\nVysok\u00e1 odolnos\u0165: HDPE so zosilnen\u00fdmi rebrami<br \/>\nS\u00falad s normami: PN\u2011EN 840, RAL<br \/>\nErgon\u00f3mia: dve koles\u00e1, hrebe\u0148ov\u00e9 uchytenie, no\u017en\u00e1 opora<br \/>\nEkologick\u00fd: certifikovan\u00fd N\u00e1rodn\u00fdm in\u0161tit\u00fatom verejn\u00e9ho zdravotn\u00edctva<br \/>\n\u013dahk\u00e9 \u010distenie: hladk\u00fd vn\u00fatorn\u00fd povrch<\/p>\n","protected":false},"excerpt":{"rendered":"<p>Modr\u00fd kontajner na recykl\u00e1ciu \u2014 ekologick\u00e9 rie\u0161enie pre firmy a obytn\u00e9 s\u00fabory. Modr\u00fd recykla\u010dn\u00fd kontajner ESE 360 l je ide\u00e1lny na trieden\u00fd zber papiera; jeho pevn\u00e1 kon\u0161trukcia a v\u00fdrazn\u00e1 farba ho robia dobre vidite\u013en\u00fdm a ide\u00e1lnym pre podniky a bytov\u00e9 komplexy.<\/p>\n","protected":false},"featured_media":1824,"comment_status":"open","ping_status":"closed","template":"","meta":[],"product_brand":[],"product_cat":[106],"product_tag":[],"class_list":{"0":"post-1299","1":"product","2":"type-product","3":"status-publish","4":"has-post-thumbnail","6":"product_cat-kontajnery-na-odpad","8":"first","9":"instock","10":"taxable","11":"shipping-taxable","12":"purchasable","13":"product-type-simple"},"_links":{"self":[{"href":"https:\/\/eco-market24.com\/sk\/wp-json\/wp\/v2\/product\/1299","targetHints":{"allow":["GET"]}}],"collection":[{"href":"https:\/\/eco-market24.com\/sk\/wp-json\/wp\/v2\/product"}],"about":[{"href":"https:\/\/eco-market24.com\/sk\/wp-json\/wp\/v2\/types\/product"}],"replies":[{"embeddable":true,"href":"https:\/\/eco-market24.com\/sk\/wp-json\/wp\/v2\/comments?post=1299"}],"wp:featuredmedia":[{"embeddable":true,"href":"https:\/\/eco-market24.com\/sk\/wp-json\/wp\/v2\/media\/1824"}],"wp:attachment":[{"href":"https:\/\/eco-market24.com\/sk\/wp-json\/wp\/v2\/media?parent=1299"}],"wp:term":[{"taxonomy":"product_brand","embeddable":true,"href":"https:\/\/eco-market24.com\/sk\/wp-json\/wp\/v2\/product_brand?post=1299"},{"taxonomy":"product_cat","embeddable":true,"href":"https:\/\/eco-market24.com\/sk\/wp-json\/wp\/v2\/product_cat?post=1299"},{"taxonomy":"product_tag","embeddable":true,"href":"https:\/\/eco-market24.com\/sk\/wp-json\/wp\/v2\/product_tag?post=1299"}],"curies":[{"name":"wp","href":"https:\/\/api.w.org\/{rel}","templated":true}]}}