{"id":1335,"date":"2025-09-29T16:22:06","date_gmt":"2025-09-29T14:22:06","guid":{"rendered":"https:\/\/eco-market24.com\/product\/240-l-modry-kontajner-na-odpad\/"},"modified":"2025-09-29T19:59:35","modified_gmt":"2025-09-29T17:59:35","slug":"240-l-modry-kontajner-na-odpad","status":"publish","type":"product","link":"https:\/\/eco-market24.com\/sk\/produkt\/240-l-modry-kontajner-na-odpad\/","title":{"rendered":"240 l modr\u00fd kontajner na odpad"},"content":{"rendered":"<p>N\u00e1doba na odpad 240 L \u2014 modr\u00e1 (papier)<\/p>\n<p>Univerz\u00e1lne rie\u0161enie ur\u010den\u00e9 pre firmy a bytov\u00e9 are\u00e1ly. Modr\u00e1 farba umo\u017e\u0148uje \u013eahk\u00fa identifik\u00e1ciu pre triedenie papiera v s\u00eddlisk\u00e1ch, kancel\u00e1ri\u00e1ch a viacrodinn\u00fdch budov\u00e1ch. Vhodn\u00e9 aj pre rodinn\u00e9 domy na podporu efekt\u00edvneho triedenia odpadu.<\/p>\n<p>Normy a certifik\u00e1ty<\/p>\n<p>  V s\u00falade s: PN-EN 840<br \/>\n  Certifik\u00e1t kvality: RAL<br \/>\n  Ekologick\u00e1 bezpe\u010dnos\u0165: Certifikovan\u00e9 N\u00e1rodn\u00fdm hygienick\u00fdm in\u0161tit\u00fatom<br \/>\n  Ekologick\u00e1 v\u00fdroba: Optimalizovan\u00e1 na minimaliz\u00e1ciu emisi\u00ed CO2<\/p>\n<p>Kon\u0161trukcia a odolnos\u0165<\/p>\n<p>  Materi\u00e1l: N\u00edzko\u00adtla\u010dn\u00fd polyetyl\u00e9n (HDPE)<br \/>\n  Odolnos\u0165 vo\u010di poveternostn\u00fdm vplyvom: Odoln\u00fd vo\u010di UV, mrazu a siln\u00e9mu da\u017e\u010fu<br \/>\n  Proti\u00adkor\u00f3zne ochrany: Pozinkovanie a chr\u00f3movanie<br \/>\n  N\u00e1pravy: Kovov\u00e9 n\u00e1pravy z tvrdenej ocele s osemdutinov\u00fdm ulo\u017een\u00edm<br \/>\n  Vystu\u017eenie: Pl\u00e1stov\u00e1 kon\u0161trukcia v celej \u0161trukt\u00fare<br \/>\n  Maxim\u00e1lna nosnos\u0165: 110 kg<br \/>\n  Kompatibilita: Kompatibiln\u00e9 s v\u00e4\u010d\u0161inou \u0161tandardn\u00fdch zberov\u00fdch vozidiel s hrebe\u0148ov\u00fdm zdv\u00edhan\u00edm<\/p>\n<p>Funk\u010dnos\u0165 a komfort pou\u017e\u00edvate\u013ea<\/p>\n<p>  \u013dahk\u00e1, no odoln\u00e1 v\u010faka modernej v\u00fdrobnej technol\u00f3gii<br \/>\n  Ergonomick\u00e9 \u00fachyty pre jednoduch\u00e9 pres\u00favanie<br \/>\n  Ped\u00e1lov\u00e9 otv\u00e1ranie veka pre pohodln\u00e9 pou\u017e\u00edvanie<br \/>\n  Tich\u00e9 koles\u00e1 s krytmi na zn\u00ed\u017eenie hluku pri pohybe<br \/>\n  Redukcia hluku: Kon\u0161truk\u010dn\u00e9 rie\u0161enia zni\u017euj\u00fa hluk pri otv\u00e1ran\u00ed a zatv\u00e1ran\u00ed veka<br \/>\n  Hladk\u00fd vn\u00fatorn\u00fd povrch pre jednoduch\u00e9 \u010distenie a zn\u00ed\u017een\u00e9 riziko nepr\u00edjemn\u00fdch z\u00e1pachov<\/p>\n<p>Dostupn\u00e9 farby<\/p>\n<p>  Modr\u00e1: Papierov\u00e1 frakcia<br \/>\n  Zelen\u00e1: Sklo<br \/>\n  Grafitov\u00e1: Zmie\u0161an\u00fd odpad<br \/>\n  Hned\u00e1: Bioodpad<br \/>\n  \u017dlt\u00e1: Kovy a plasty<\/p>\n<p>K\u013e\u00fa\u010dov\u00e9 inform\u00e1cie<\/p>\n<p>  Dostupn\u00e9 v modrej (papierov\u00e1 frakcia)<br \/>\n  V s\u00falade s PN-EN 840<br \/>\n  Certifik\u00e1t kvality RAL<br \/>\n  Certifik\u00e1cia N\u00e1rodn\u00e9ho hygienick\u00e9ho in\u0161tit\u00fatu<br \/>\n  Materi\u00e1l HDPE s proti\u00adkor\u00f3znymi ochranami<br \/>\n  Kovov\u00e9 n\u00e1pravy z tvrdenej ocele<br \/>\n  Dve kryt\u00e9 koles\u00e1 pre tich\u00fa prev\u00e1dzku<br \/>\n  Zn\u00ed\u017een\u00fd hluk pri zdv\u00edhan\u00ed a sp\u00fa\u0161\u0165an\u00ed veka<br \/>\n  Hladk\u00fd vn\u00fatorn\u00fd povrch pre jednoduch\u00e9 \u010distenie<\/p>\n","protected":false},"excerpt":{"rendered":"<p>240 l modr\u00fd odpadkov\u00fd kontajner pre firmy a bytov\u00e9 domy \u2014 v\u0161estrann\u00fd, odoln\u00fd k\u00f4\u0161 ide\u00e1lny pre spolo\u010dnosti a vlastn\u00edkov domov; modr\u00e1 farba zabezpe\u010duje r\u00fdchlu identifik\u00e1ciu papiera v spolo\u010dn\u00fdch priestoroch.<\/p>\n","protected":false},"featured_media":1807,"comment_status":"open","ping_status":"closed","template":"","meta":[],"product_brand":[],"product_cat":[106],"product_tag":[],"class_list":{"0":"post-1335","1":"product","2":"type-product","3":"status-publish","4":"has-post-thumbnail","6":"product_cat-kontajnery-na-odpad","8":"first","9":"instock","10":"taxable","11":"shipping-taxable","12":"purchasable","13":"product-type-simple"},"_links":{"self":[{"href":"https:\/\/eco-market24.com\/sk\/wp-json\/wp\/v2\/product\/1335","targetHints":{"allow":["GET"]}}],"collection":[{"href":"https:\/\/eco-market24.com\/sk\/wp-json\/wp\/v2\/product"}],"about":[{"href":"https:\/\/eco-market24.com\/sk\/wp-json\/wp\/v2\/types\/product"}],"replies":[{"embeddable":true,"href":"https:\/\/eco-market24.com\/sk\/wp-json\/wp\/v2\/comments?post=1335"}],"wp:featuredmedia":[{"embeddable":true,"href":"https:\/\/eco-market24.com\/sk\/wp-json\/wp\/v2\/media\/1807"}],"wp:attachment":[{"href":"https:\/\/eco-market24.com\/sk\/wp-json\/wp\/v2\/media?parent=1335"}],"wp:term":[{"taxonomy":"product_brand","embeddable":true,"href":"https:\/\/eco-market24.com\/sk\/wp-json\/wp\/v2\/product_brand?post=1335"},{"taxonomy":"product_cat","embeddable":true,"href":"https:\/\/eco-market24.com\/sk\/wp-json\/wp\/v2\/product_cat?post=1335"},{"taxonomy":"product_tag","embeddable":true,"href":"https:\/\/eco-market24.com\/sk\/wp-json\/wp\/v2\/product_tag?post=1335"}],"curies":[{"name":"wp","href":"https:\/\/api.w.org\/{rel}","templated":true}]}}