{"id":1347,"date":"2025-09-29T16:22:05","date_gmt":"2025-09-29T14:22:05","guid":{"rendered":"https:\/\/eco-market24.com\/product\/240-l-cerveny-kontajner-na-odpad\/"},"modified":"2025-09-29T19:59:38","modified_gmt":"2025-09-29T17:59:38","slug":"240-l-cerveny-kontajner-na-odpad","status":"publish","type":"product","link":"https:\/\/eco-market24.com\/sk\/produkt\/240-l-cerveny-kontajner-na-odpad\/","title":{"rendered":"240 l \u010derven\u00fd kontajner na odpad"},"content":{"rendered":"<p>\u010cerven\u00fd kontajner na odpad \u2013 pre nemocnice a zdravotn\u00edcke zariadenia<\/p>\n<p>240 l \u010derven\u00fd kontajner ESE je ur\u010den\u00fd predov\u0161etk\u00fdm pre nemocnice a in\u00e9 zdravotn\u00edcke zariadenia produkuj\u00face lek\u00e1rsky odpad. \u010cerven\u00e1 farba u\u013eah\u010duje triedenie odpadu v ambulanci\u00e1ch, laborat\u00f3ri\u00e1ch a lek\u00e1r\u0148ach. Vhodn\u00fd aj pre firmy produkuj\u00face nebezpe\u010dn\u00fd odpad a kompatibiln\u00fd so \u0161tandardn\u00fdmi zberov\u00fdmi vozidlami vybaven\u00fdmi zdv\u00edhac\u00edm mechanizmom typu comb-lift.<\/p>\n<p>Normy a environment\u00e1lne potvrdenia<br \/>\n&#8211; Sp\u013a\u0148a eur\u00f3psku normu PN-EN 840<br \/>\n&#8211; Zna\u010dka kvality RAL<br \/>\n&#8211; Certifik\u00e1t od N\u00e1rodn\u00e9ho \u00fastavu verejn\u00e9ho zdravia potvrdzuj\u00faci ekologick\u00fa bezpe\u010dnos\u0165<br \/>\n&#8211; V\u00fdroba optimalizovan\u00e1 na zn\u00ed\u017eenie emisi\u00ed CO\u2082<\/p>\n<p>Kon\u0161trukcia a trv\u00e1cnos\u0165<br \/>\n&#8211; Vyroben\u00e9 z n\u00edzkotlakov\u00e9ho polyetyl\u00e9nu (HDPE)<br \/>\n&#8211; Dodato\u010dn\u00e1 protikor\u00f3zna ochrana: elektrogalvaniz\u00e1cia a chr\u00f3movanie<br \/>\n&#8211; Vysok\u00e1 odolnos\u0165 vo\u010di UV \u017eiareniu, mrazu a intenz\u00edvnym zr\u00e1\u017ekam \u2014 vhodn\u00e9 do interi\u00e9ru aj exteri\u00e9ru<br \/>\n&#8211; Vo\u0161tinov\u00e1 (medovit\u00e1) \u0161trukt\u00fara pre dlhodob\u00fa odolnos\u0165 a odolnos\u0165 proti po\u0161kodeniu<br \/>\n&#8211; Nosnos\u0165 do 110 kg<\/p>\n<p>Bezpe\u010dnos\u0165 a funk\u010dnos\u0165<br \/>\n&#8211; Rebrovan\u00e1 obj\u00edmka s \u00f4smimi rebrami pre bezpe\u010dn\u00e9 upevnenie<br \/>\n&#8211; Kovov\u00e9 n\u00e1pravy z kalenej ocele pre stabilitu<br \/>\n&#8211; Dve kolieska s krytmi pre tich\u00fa prev\u00e1dzku<br \/>\n&#8211; \u0160peci\u00e1lne upraven\u00e9 uchytenie pre bezpe\u010dn\u00e9 zdv\u00edhanie zberov\u00fdmi vozidlami<br \/>\n&#8211; Otv\u00e1ranie nohou<br \/>\n&#8211; Hladk\u00fd vn\u00fatorn\u00fd povrch pre jednoduch\u00e9 \u010distenie a zn\u00ed\u017eenie z\u00e1pachu<\/p>\n<p>Dizajn a manipul\u00e1cia<br \/>\n&#8211; \u013dahk\u00fd a ergonomick\u00fd pre jednoduch\u00fa manipul\u00e1ciu<br \/>\n&#8211; Modernizovan\u00e1, tich\u00e1 prev\u00e1dzka so zn\u00ed\u017een\u00fdm hlukom pri pohybe veka<\/p>\n<p>Dostupn\u00e9 farby<br \/>\nTento produkt je pon\u00fakan\u00fd v \u010dervenej (nebezpe\u010dn\u00fd\/lek\u00e1rsky odpad). \u010eal\u0161ie dostupn\u00e9 farby pre triedenie: zelen\u00e1 (sklo), grafitov\u00e1 (zmesov\u00fd odpad), modr\u00e1 (papier\/kart\u00f3n), hned\u00e1 (bioodpad), \u017elt\u00e1 (kovy a plasty).<\/p>\n<p>K\u013e\u00fa\u010dov\u00e9 inform\u00e1cie<br \/>\n&#8211; Kapacita: 240 l<br \/>\n&#8211; Ur\u010den\u00e1 frakcia: nebezpe\u010dn\u00fd\/lek\u00e1rsky odpad (\u010derven\u00e1)<br \/>\n&#8211; Materi\u00e1l: HDPE s elektrogalvaniz\u00e1ciou a chr\u00f3movan\u00edm<br \/>\n&#8211; Zhodnos\u0165: PN-EN 840, zna\u010dka kvality RAL<br \/>\n&#8211; Certifik\u00e1t: N\u00e1rodn\u00fd \u00fastav verejn\u00e9ho zdravia<br \/>\n&#8211; Kovov\u00e9 n\u00e1pravy z kalenej ocele, 2 kolieska s krytmi, hladk\u00fd vn\u00fatorn\u00fd povrch<\/p>\n","protected":false},"excerpt":{"rendered":"<p>\u010cerven\u00fd 240 l Ese Red kontajner na lek\u00e1rsky odpad \u2014 ur\u010den\u00fd pre nemocnice a zdravotn\u00edcke zariadenia; \u010derven\u00e1 farba zjednodu\u0161uje triedenie odpadu v klinik\u00e1ch, laborat\u00f3ri\u00e1ch a lek\u00e1r\u0148ach.<\/p>\n","protected":false},"featured_media":1583,"comment_status":"open","ping_status":"closed","template":"","meta":[],"product_brand":[],"product_cat":[106],"product_tag":[],"class_list":{"0":"post-1347","1":"product","2":"type-product","3":"status-publish","4":"has-post-thumbnail","6":"product_cat-kontajnery-na-odpad","8":"first","9":"instock","10":"taxable","11":"shipping-taxable","12":"purchasable","13":"product-type-simple"},"_links":{"self":[{"href":"https:\/\/eco-market24.com\/sk\/wp-json\/wp\/v2\/product\/1347","targetHints":{"allow":["GET"]}}],"collection":[{"href":"https:\/\/eco-market24.com\/sk\/wp-json\/wp\/v2\/product"}],"about":[{"href":"https:\/\/eco-market24.com\/sk\/wp-json\/wp\/v2\/types\/product"}],"replies":[{"embeddable":true,"href":"https:\/\/eco-market24.com\/sk\/wp-json\/wp\/v2\/comments?post=1347"}],"wp:featuredmedia":[{"embeddable":true,"href":"https:\/\/eco-market24.com\/sk\/wp-json\/wp\/v2\/media\/1583"}],"wp:attachment":[{"href":"https:\/\/eco-market24.com\/sk\/wp-json\/wp\/v2\/media?parent=1347"}],"wp:term":[{"taxonomy":"product_brand","embeddable":true,"href":"https:\/\/eco-market24.com\/sk\/wp-json\/wp\/v2\/product_brand?post=1347"},{"taxonomy":"product_cat","embeddable":true,"href":"https:\/\/eco-market24.com\/sk\/wp-json\/wp\/v2\/product_cat?post=1347"},{"taxonomy":"product_tag","embeddable":true,"href":"https:\/\/eco-market24.com\/sk\/wp-json\/wp\/v2\/product_tag?post=1347"}],"curies":[{"name":"wp","href":"https:\/\/api.w.org\/{rel}","templated":true}]}}